{"id":2518,"date":"2020-05-17T20:10:50","date_gmt":"2020-05-17T20:10:50","guid":{"rendered":"https:\/\/faceology.net\/?page_id=2518"},"modified":"2020-05-17T20:26:59","modified_gmt":"2020-05-17T20:26:59","slug":"politika-e-kthimit-rimbursimit","status":"publish","type":"page","link":"https:\/\/faceology.net\/sq\/return-refund-policy\/","title":{"rendered":"Politika e kthimit dhe rimbursimit"},"content":{"rendered":"<div id=\"pl-2518\"  class=\"panel-layout\" ><div id=\"pg-2518-0\"  class=\"panel-grid panel-no-style\"  style=\"margin-bottom: 30px\" ><div id=\"pgc-2518-0-0\"  class=\"panel-grid-cell\" ><div id=\"panel-2518-0-0-0\" class=\"so-panel widget_sow-editor panel-first-child panel-last-child\" data-index=\"0\" ><div\n\t\t\t\n\t\t\tclass=\"so-widget-sow-editor so-widget-sow-editor-base\"\n\t\t\t\n\t\t>\n<div class=\"siteorigin-widget-tinymce textwidget\">\n\t<p><strong>Politika e kthimit dhe rimbursimit<\/strong><\/p>\n<p>Faleminderit p\u00ebr blerjet n\u00eb www.faceology.net<\/p>\n<p>N\u00ebse nuk jeni plot\u00ebsisht t\u00eb k\u00ebnaqur me blerjen tuaj, ne jemi k\u00ebtu p\u00ebr t'ju ndihmuar.<\/p>\n<p><strong>Kthimet<\/strong><\/p>\n<p>Kthimi mund t\u00eb b\u00ebhet n\u00eb rastet vijuese:<\/p>\n<ol>\n<li>Produkt i d\u00ebmtuar<\/li>\n<li>Produkt i gabuar<\/li>\n<li>Produkt me t\u00eb meta<\/li>\n<\/ol>\n<p class=\"translation-block\">Ju keni 7 dit\u00eb kalendarike p\u00ebr t\u00eb kthyer nj\u00eb artikull nga data kur e keni marr\u00eb at\u00eb.\n\nP\u00ebr t\u00eb qen\u00eb i pranuesh\u00ebm p\u00ebr nj\u00eb kthim, sendi juaj duhet t\u00eb jet\u00eb i pap\u00ebrdorur dhe n\u00eb t\u00eb nj\u00ebjt\u00ebn gjendje q\u00eb e mor\u00ebt.\nN\u00ebse produkti \u00ebsht\u00eb d\u00ebmtuar gjat\u00eb transportit, menj\u00ebher\u00eb duhet t\u00eb na kontaktoni me imazhe t\u00eb paket\u00ebs s\u00eb d\u00ebmtuar.\nN\u00ebse produkti \u00ebsht\u00eb i gabuar n\u00eb \u00e7far\u00ebdo m\u00ebnyre, duhet t\u00eb na kontaktoni n\u00eb 355 69 5476051 ose t\u00eb na d\u00ebrgoni me email n\u00eb info@faceology.net.\n\nArtikujt tuaj duhet t\u00eb jen\u00eb n\u00eb paketimin origjinal.<\/p>\n<p>Artikujt tuaj duhet t\u00eb ken\u00eb fatur\u00ebn ose d\u00ebshmin\u00eb e blerjes.<\/p>\n<p class=\"translation-block\"><strong>Rimbursimet<\/strong><br>\n\nSapo t\u00eb marrim produktin tuaj, ne do ta inspektojm\u00eb dhe do t'ju njoftojm\u00eb se kemi pranuar produktin tuaj. Ne menj\u00ebher\u00eb do t'ju njoftojm\u00eb p\u00ebr statusin e rimbursimit tuaj pas inspektimit t\u00eb artikullit.<br>\n\nN\u00ebse kthimi juaj \u00ebsht\u00eb miratuar, ne do t\u00eb fillojm\u00eb nj\u00eb rimbursim t\u00eb kart\u00ebs tuaj t\u00eb kreditit (ose metod\u00ebn origjinale t\u00eb pages\u00ebs).<br>\n\nDo t\u00eb merrni kredin\u00eb brenda nj\u00eb numri t\u00eb caktuar dit\u00ebsh, n\u00eb var\u00ebsi t\u00eb politikave t\u00eb l\u00ebshuesit t\u00eb kart\u00ebs suaj.<br><\/p>\n<p><strong>Transporti<\/strong><br \/>\nJu do t\u00eb jeni p\u00ebrgjegj\u00ebs p\u00ebr pagimin e kostove tuaja t\u00eb transportit p\u00ebr kthimin e sendit tuaj. Kostot e transportit jan\u00eb t\u00eb pakthyeshme.<br><br \/>\nN\u00ebse merrni nj\u00eb rimbursim, kostoja e transportit t\u00eb kthimit do t\u00eb zbritet nga rimbursimi juaj.<\/p>\n<p><strong>Na Kontaktoni<\/strong><\/p>\n<p>N\u00ebse keni ndonj\u00eb pyetje se si ta ktheni artikullin tuaj tek ne, kontaktoni me ne.<\/p>\n<p>+355 69 547 6051<\/p>\n<p>info@faceology.net<\/p>\n<\/div>\n<\/div><\/div><\/div><\/div><\/div>","protected":false},"excerpt":{"rendered":"<p>Return &amp; Refund Policy Thanks for shopping at www.faceology.net If you are not entirely satisfied with your purchase, we&#8217;re here [&hellip;]<\/p>\n","protected":false},"author":1,"featured_media":0,"parent":0,"menu_order":0,"comment_status":"closed","ping_status":"closed","template":"","meta":{"site-sidebar-layout":"default","site-content-layout":"","ast-site-content-layout":"default","site-content-style":"default","site-sidebar-style":"default","ast-global-header-display":"","ast-banner-title-visibility":"","ast-main-header-display":"","ast-hfb-above-header-display":"","ast-hfb-below-header-display":"","ast-hfb-mobile-header-display":"","site-post-title":"","ast-breadcrumbs-content":"","ast-featured-img":"","footer-sml-layout":"","ast-disable-related-posts":"","theme-transparent-header-meta":"","adv-header-id-meta":"","stick-header-meta":"","header-above-stick-meta":"","header-main-stick-meta":"","header-below-stick-meta":"","astra-migrate-meta-layouts":"default","ast-page-background-enabled":"default","ast-page-background-meta":{"desktop":{"background-color":"var(--ast-global-color-4)","background-image":"","background-repeat":"repeat","background-position":"center center","background-size":"auto","background-attachment":"scroll","background-type":"","background-media":"","overlay-type":"","overlay-color":"","overlay-opacity":"","overlay-gradient":""},"tablet":{"background-color":"","background-image":"","background-repeat":"repeat","background-position":"center center","background-size":"auto","background-attachment":"scroll","background-type":"","background-media":"","overlay-type":"","overlay-color":"","overlay-opacity":"","overlay-gradient":""},"mobile":{"background-color":"","background-image":"","background-repeat":"repeat","background-position":"center center","background-size":"auto","background-attachment":"scroll","background-type":"","background-media":"","overlay-type":"","overlay-color":"","overlay-opacity":"","overlay-gradient":""}},"ast-content-background-meta":{"desktop":{"background-color":"var(--ast-global-color-5)","background-image":"","background-repeat":"repeat","background-position":"center center","background-size":"auto","background-attachment":"scroll","background-type":"","background-media":"","overlay-type":"","overlay-color":"","overlay-opacity":"","overlay-gradient":""},"tablet":{"background-color":"var(--ast-global-color-5)","background-image":"","background-repeat":"repeat","background-position":"center center","background-size":"auto","background-attachment":"scroll","background-type":"","background-media":"","overlay-type":"","overlay-color":"","overlay-opacity":"","overlay-gradient":""},"mobile":{"background-color":"var(--ast-global-color-5)","background-image":"","background-repeat":"repeat","background-position":"center center","background-size":"auto","background-attachment":"scroll","background-type":"","background-media":"","overlay-type":"","overlay-color":"","overlay-opacity":"","overlay-gradient":""}},"footnotes":""},"class_list":["post-2518","page","type-page","status-publish","hentry"],"_links":{"self":[{"href":"https:\/\/faceology.net\/sq\/wp-json\/wp\/v2\/pages\/2518","targetHints":{"allow":["GET"]}}],"collection":[{"href":"https:\/\/faceology.net\/sq\/wp-json\/wp\/v2\/pages"}],"about":[{"href":"https:\/\/faceology.net\/sq\/wp-json\/wp\/v2\/types\/page"}],"author":[{"embeddable":true,"href":"https:\/\/faceology.net\/sq\/wp-json\/wp\/v2\/users\/1"}],"replies":[{"embeddable":true,"href":"https:\/\/faceology.net\/sq\/wp-json\/wp\/v2\/comments?post=2518"}],"version-history":[{"count":0,"href":"https:\/\/faceology.net\/sq\/wp-json\/wp\/v2\/pages\/2518\/revisions"}],"wp:attachment":[{"href":"https:\/\/faceology.net\/sq\/wp-json\/wp\/v2\/media?parent=2518"}],"curies":[{"name":"wp","href":"https:\/\/api.w.org\/{rel}","templated":true}]}}