{"id":2711,"date":"2022-11-14T18:06:46","date_gmt":"2022-11-14T18:06:46","guid":{"rendered":"https:\/\/faceology.net\/?page_id=2711"},"modified":"2025-12-04T18:21:10","modified_gmt":"2025-12-04T18:21:10","slug":"leonor-gri-2","status":"publish","type":"page","link":"https:\/\/faceology.net\/sq\/","title":{"rendered":"Leonor Greyl"},"content":{"rendered":"<div id=\"pl-2711\"  class=\"panel-layout\" ><div id=\"pg-2711-0\"  class=\"panel-grid panel-has-style\"  style=\"margin-bottom: 60px\" ><div style=\"padding: 10px 10px 10px 10px;\" class=\"panel-row-style panel-row-style-for-2711-0\" ><div id=\"pgc-2711-0-0\"  class=\"panel-grid-cell\" ><div id=\"panel-2711-0-0-0\" class=\"so-panel widget_sow-image panel-first-child panel-last-child\" data-index=\"0\" ><div\n\t\t\t\n\t\t\tclass=\"so-widget-sow-image so-widget-sow-image-default-dbf295114b96-2711\"\n\t\t\t\n\t\t>\n<div class=\"sow-image-container\">\n\t\t<img \n\tsrc=\"https:\/\/faceology.net\/wp-content\/uploads\/2025\/01\/Banniere-type-EN.png\" width=\"1168\" height=\"292\" srcset=\"https:\/\/faceology.net\/wp-content\/uploads\/2025\/01\/Banniere-type-EN.png 1168w, https:\/\/faceology.net\/wp-content\/uploads\/2025\/01\/Banniere-type-EN-300x75.png 300w, https:\/\/faceology.net\/wp-content\/uploads\/2025\/01\/Banniere-type-EN-1024x256.png 1024w, https:\/\/faceology.net\/wp-content\/uploads\/2025\/01\/Banniere-type-EN-768x192.png 768w, https:\/\/faceology.net\/wp-content\/uploads\/2025\/01\/Banniere-type-EN-18x5.png 18w, https:\/\/faceology.net\/wp-content\/uploads\/2025\/01\/Banniere-type-EN-600x150.png 600w\" sizes=\"(max-width: 1168px) 100vw, 1168px\" title=\"Lloji Banni\u00e8re EN\" alt=\"Leonor Greyl\" \t\tclass=\"so-widget-image\"\/>\n\t<\/div>\n\n<\/div><\/div><\/div><\/div><\/div><div id=\"pg-2711-1\"  class=\"panel-grid panel-has-style\"  style=\"margin-bottom: 60px\" ><div class=\"panel-row-style panel-row-style-for-2711-1\" ><div id=\"pgc-2711-1-0\"  class=\"panel-grid-cell\" ><div id=\"panel-2711-1-0-0\" class=\"so-panel widget_sow-hero panel-first-child\" data-index=\"1\" style=\"margin-bottom: 30px\" ><div class=\"so-rounded panel-widget-style panel-widget-style-for-2711-1-0-0\" ><div\n\t\t\t\n\t\t\tclass=\"so-widget-sow-hero so-widget-sow-hero-default-7e165f0c6738-2711 so-widget-fittext-wrapper\"\n\t\t\t data-fit-text-compressor=\"0.85\"\n\t\t>\t\t\t\t<div class=\"sow-slider-base\" style=\"display: none\" tabindex=\"0\">\n\t\t\t\t\t<ul\n\t\t\t\t\tclass=\"sow-slider-images\"\n\t\t\t\t\tdata-settings=\"{&quot;pagination&quot;:true,&quot;speed&quot;:800,&quot;timeout&quot;:8000,&quot;paused&quot;:true,&quot;pause_on_hover&quot;:false,&quot;swipe&quot;:true,&quot;nav_always_show_desktop&quot;:&quot;&quot;,&quot;nav_always_show_mobile&quot;:&quot;&quot;,&quot;breakpoint&quot;:&quot;780px&quot;,&quot;unmute&quot;:false,&quot;anchor&quot;:null}\"\n\t\t\t\t\tstyle=\"min-height: 400px\"\t\t\t\t\tdata-anchor-id=\"\"\n\t\t\t\t>\t\t<li class=\"sow-slider-image  sow-slider-image-cover\" style=\"visibility: visible;;background-color: #efefef\" >\n\t\t\t\t\t<div class=\"sow-slider-image-container\">\n\t\t\t<div class=\"sow-slider-image-wrapper\">\n\t\t\t\t<h1><\/h1>\n<h1 style=\"text-align: right\">NJ\u00cb I PAR\u00cb N\u00cb TOK\u00cb<\/h1>\n<h1 style=\"text-align: right\">TRASH\u00cbGIMI...<\/h1>\n<p>&nbsp;<\/p>\n\t\t\t<\/div>\n\t\t<\/div>\n\t\t<div class=\"sow-slider-image-overlay sow-slider-image-cover\" style=\"opacity: 0.77;background-image: url(https:\/\/faceology.net\/wp-content\/uploads\/2025\/01\/groseille-indienne-e1764872204520.jpg)\"  ><\/div>\t\t<\/li>\n\t\t<\/ul>\t\t\t\t<ol class=\"sow-slider-pagination\">\n\t\t\t\t\t\t\t\t\t\t\t<li><a href=\"#\" data-goto=\"0\" aria-label=\"Display slide 1\"><\/a><\/li>\n\t\t\t\t\t\t\t\t\t<\/ol>\n\n\t\t\t\t<div class=\"sow-slide-nav sow-slide-nav-next\">\n\t\t\t\t\t<a href=\"#\" data-goto=\"next\" aria-label=\"Next slide\" data-action=\"next\">\n\t\t\t\t\t\t<em class=\"sow-sld-icon-thin-right\"><\/em>\n\t\t\t\t\t<\/a>\n\t\t\t\t<\/div>\n\n\t\t\t\t<div class=\"sow-slide-nav sow-slide-nav-prev\">\n\t\t\t\t\t<a href=\"#\" data-goto=\"previous\" aria-label=\"Previous slide\" data-action=\"prev\">\n\t\t\t\t\t\t<em class=\"sow-sld-icon-thin-left\"><\/em>\n\t\t\t\t\t<\/a>\n\t\t\t\t<\/div>\n\t\t\t\t<\/div><\/div><\/div><\/div><div id=\"panel-2711-1-0-1\" class=\"so-panel widget_sow-editor panel-last-child\" data-index=\"2\" style=\"margin: 10px 10px 10px 10px;\" ><div class=\"so-rounded panel-widget-style panel-widget-style-for-2711-1-0-1\" style=\"padding: 10px 10px 10px 10px;border-top: 1px solid #c6c6c6;border-right: 1px solid #c6c6c6;border-bottom: 1px solid #c6c6c6;border-left: 1px solid #c6c6c6;\" ><div\n\t\t\t\n\t\t\tclass=\"so-widget-sow-editor so-widget-sow-editor-base\"\n\t\t\t\n\t\t>\n<div class=\"siteorigin-widget-tinymce textwidget\">\n\t<p><span style=\"color: #ffffff;\">Leonor Greyl mbetet e p\u00ebrkushtuar ndaj gjetjes s\u00eb p\u00ebrb\u00ebr\u00ebsve m\u00eb t\u00eb pasur natyral\u00eb dhe organik\u00eb, duke mbrojtur nj\u00ebkoh\u00ebsisht planetin q\u00eb na dhuron k\u00ebto bim\u00eb.<\/span><\/p>\n<p><span style=\"color: #ffffff;\">Ne gjithmon\u00eb do t\u00eb k\u00ebrkojm\u00eb p\u00ebrb\u00ebr\u00ebs t\u00eb prodhuar n\u00eb m\u00ebnyr\u00eb t\u00eb q\u00ebndrueshme dhe organike.<\/span><\/p>\n<p><span style=\"color: #ffffff;\">Paketimi i ricikluesh\u00ebm do t\u00eb jet\u00eb gjithmon\u00eb nj\u00eb shenj\u00eb dalluese e misionit ton\u00eb p\u00ebr dashurin\u00eb p\u00ebr tok\u00ebn.<\/span><\/p>\n<\/div>\n<\/div><\/div><\/div><\/div><div id=\"pgc-2711-1-1\"  class=\"panel-grid-cell\" ><div id=\"panel-2711-1-1-0\" class=\"so-panel widget_sow-hero panel-first-child\" data-index=\"3\" style=\"margin-bottom: 30px\" ><div\n\t\t\t\n\t\t\tclass=\"so-widget-sow-hero so-widget-sow-hero-default-90119f917e27-2711 so-widget-fittext-wrapper\"\n\t\t\t data-fit-text-compressor=\"0.85\"\n\t\t>\t\t\t\t<div class=\"sow-slider-base\" style=\"display: none\" tabindex=\"0\">\n\t\t\t\t\t<ul\n\t\t\t\t\tclass=\"sow-slider-images\"\n\t\t\t\t\tdata-settings=\"{&quot;pagination&quot;:true,&quot;speed&quot;:800,&quot;timeout&quot;:8000,&quot;paused&quot;:true,&quot;pause_on_hover&quot;:false,&quot;swipe&quot;:true,&quot;nav_always_show_desktop&quot;:&quot;&quot;,&quot;nav_always_show_mobile&quot;:&quot;&quot;,&quot;breakpoint&quot;:&quot;780px&quot;,&quot;unmute&quot;:false,&quot;anchor&quot;:null}\"\n\t\t\t\t\tstyle=\"min-height: 400px\"\t\t\t\t\tdata-anchor-id=\"\"\n\t\t\t\t>\t\t<li class=\"sow-slider-image  sow-slider-image-cover\" style=\"visibility: visible;;background-color: #333333\" >\n\t\t\t\t\t<div class=\"sow-slider-image-container\">\n\t\t\t<div class=\"sow-slider-image-wrapper\">\n\t\t\t\t<h1><\/h1>\n<h1 style=\"text-align: left\">FAMILJA<\/h1>\n<h1 style=\"text-align: left\">\u00c7\u00cbSHTJE<\/h1>\n<p>&nbsp;<\/p>\n\t\t\t<\/div>\n\t\t<\/div>\n\t\t<div class=\"sow-slider-image-overlay sow-slider-image-cover\" style=\"opacity: 0.5;background-image: url(https:\/\/faceology.net\/wp-content\/uploads\/2025\/01\/Leonor-et-Jean-Marie-Greyl.jpg)\"  ><\/div>\t\t<\/li>\n\t\t<\/ul>\t\t\t\t<ol class=\"sow-slider-pagination\">\n\t\t\t\t\t\t\t\t\t\t\t<li><a href=\"#\" data-goto=\"0\" aria-label=\"Display slide 1\"><\/a><\/li>\n\t\t\t\t\t\t\t\t\t<\/ol>\n\n\t\t\t\t<div class=\"sow-slide-nav sow-slide-nav-next\">\n\t\t\t\t\t<a href=\"#\" data-goto=\"next\" aria-label=\"Next slide\" data-action=\"next\">\n\t\t\t\t\t\t<em class=\"sow-sld-icon-thin-right\"><\/em>\n\t\t\t\t\t<\/a>\n\t\t\t\t<\/div>\n\n\t\t\t\t<div class=\"sow-slide-nav sow-slide-nav-prev\">\n\t\t\t\t\t<a href=\"#\" data-goto=\"previous\" aria-label=\"Previous slide\" data-action=\"prev\">\n\t\t\t\t\t\t<em class=\"sow-sld-icon-thin-left\"><\/em>\n\t\t\t\t\t<\/a>\n\t\t\t\t<\/div>\n\t\t\t\t<\/div><\/div><\/div><div id=\"panel-2711-1-1-1\" class=\"so-panel widget_sow-editor panel-last-child\" data-index=\"4\" style=\"margin: 10px 10px 10px 10px;\" ><div class=\"so-rounded panel-widget-style panel-widget-style-for-2711-1-1-1\" style=\"padding: 10px 10px 10px 10px;border: 1px solid #c6c6c6;\" ><div\n\t\t\t\n\t\t\tclass=\"so-widget-sow-editor so-widget-sow-editor-base\"\n\t\t\t\n\t\t>\n<div class=\"siteorigin-widget-tinymce textwidget\">\n\t<p><span style=\"color: #ffffff;\">N\u00eb vitin 1968, kur Leonor takoi bashk\u00ebshortin e saj t\u00eb ardhsh\u00ebm, Jean-Marie, ajo zbuloi jo vet\u00ebm dashurin\u00eb e nj\u00eb burri, por edhe nj\u00eb burr\u00eb me njohuri t\u00eb jasht\u00ebzakonshme p\u00ebr bim\u00ebt dhe botanik\u00ebn e aplikuar. Duke mb\u00ebshtetur natyralitetin shum\u00eb koh\u00eb p\u00ebrpara nj\u00eb interesi t\u00eb p\u00ebrhapur p\u00ebr produktet &quot;organike&quot; ose mb\u00ebrritjes s\u00eb markave t\u00eb bukuris\u00eb &quot;eko-shik&quot;, projekti i tyre i p\u00ebrbashk\u00ebt p\u00ebr t\u00eb krijuar kujdes p\u00ebr flok\u00ebt bazuar n\u00eb derivate bimore dhe p\u00ebrb\u00ebr\u00ebs aktiv\u00eb natyral\u00eb u shnd\u00ebrrua n\u00eb nj\u00eb shk\u00ebmbim p\u00ebrvoje dhe vizioni q\u00eb do t\u00eb zgjaste nj\u00eb jet\u00eb.<\/span><\/p>\n<\/div>\n<\/div><\/div><\/div><\/div><div id=\"pgc-2711-1-2\"  class=\"panel-grid-cell\" ><div id=\"panel-2711-1-2-0\" class=\"so-panel widget_sow-hero panel-first-child\" data-index=\"5\" style=\"margin-bottom: 30px\" ><div\n\t\t\t\n\t\t\tclass=\"so-widget-sow-hero so-widget-sow-hero-default-90119f917e27-2711 so-widget-fittext-wrapper\"\n\t\t\t data-fit-text-compressor=\"0.85\"\n\t\t>\t\t\t\t<div class=\"sow-slider-base\" style=\"display: none\" tabindex=\"0\">\n\t\t\t\t\t<ul\n\t\t\t\t\tclass=\"sow-slider-images\"\n\t\t\t\t\tdata-settings=\"{&quot;pagination&quot;:true,&quot;speed&quot;:800,&quot;timeout&quot;:8000,&quot;paused&quot;:true,&quot;pause_on_hover&quot;:false,&quot;swipe&quot;:true,&quot;nav_always_show_desktop&quot;:&quot;&quot;,&quot;nav_always_show_mobile&quot;:&quot;&quot;,&quot;breakpoint&quot;:&quot;780px&quot;,&quot;unmute&quot;:false,&quot;anchor&quot;:null}\"\n\t\t\t\t\tstyle=\"min-height: 400px\"\t\t\t\t\tdata-anchor-id=\"\"\n\t\t\t\t>\t\t<li class=\"sow-slider-image  sow-slider-image-cover\" style=\"visibility: visible;;background-color: #333333\" >\n\t\t\t\t\t<div class=\"sow-slider-image-container\">\n\t\t\t<div class=\"sow-slider-image-wrapper\">\n\t\t\t\t<h1><\/h1>\n<h1 style=\"text-align: right\">PASION<\/h1>\n<h1 style=\"text-align: right\">P\u00cbRVOJ\u00cb<\/h1>\n<p>&nbsp;<\/p>\n\t\t\t<\/div>\n\t\t<\/div>\n\t\t<div class=\"sow-slider-image-overlay sow-slider-image-cover\" style=\"opacity: 0.5;background-image: url(https:\/\/faceology.net\/wp-content\/uploads\/2025\/01\/Volume-naturel_1200-768x1024-1-e1764872306399.jpg)\"  ><\/div>\t\t<\/li>\n\t\t<\/ul>\t\t\t\t<ol class=\"sow-slider-pagination\">\n\t\t\t\t\t\t\t\t\t\t\t<li><a href=\"#\" data-goto=\"0\" aria-label=\"Display slide 1\"><\/a><\/li>\n\t\t\t\t\t\t\t\t\t<\/ol>\n\n\t\t\t\t<div class=\"sow-slide-nav sow-slide-nav-next\">\n\t\t\t\t\t<a href=\"#\" data-goto=\"next\" aria-label=\"Next slide\" data-action=\"next\">\n\t\t\t\t\t\t<em class=\"sow-sld-icon-thin-right\"><\/em>\n\t\t\t\t\t<\/a>\n\t\t\t\t<\/div>\n\n\t\t\t\t<div class=\"sow-slide-nav sow-slide-nav-prev\">\n\t\t\t\t\t<a href=\"#\" data-goto=\"previous\" aria-label=\"Previous slide\" data-action=\"prev\">\n\t\t\t\t\t\t<em class=\"sow-sld-icon-thin-left\"><\/em>\n\t\t\t\t\t<\/a>\n\t\t\t\t<\/div>\n\t\t\t\t<\/div><\/div><\/div><div id=\"panel-2711-1-2-1\" class=\"so-panel widget_sow-editor panel-last-child\" data-index=\"6\" style=\"margin: 10px 10px 10px 10px;\" ><div class=\"so-rounded panel-widget-style panel-widget-style-for-2711-1-2-1\" style=\"padding: 10px 10px 10px 10px;border: 1px solid #c6c6c6;\" ><div\n\t\t\t\n\t\t\tclass=\"so-widget-sow-editor so-widget-sow-editor-base\"\n\t\t\t\n\t\t>\n<div class=\"siteorigin-widget-tinymce textwidget\">\n\t<p><span style=\"color: #ffffff;\">Pasioni, integriteti, p\u00ebrvoja dhe ekspertiza jan\u00eb themelet e LEONOR GREYL, ku fryma familjare nxit pasionin p\u00ebr flok\u00eb t\u00eb sh\u00ebndetsh\u00ebm dhe natyral\u00eb p\u00ebrmes formulave t\u00eb ekspert\u00ebve dhe kujdesit t\u00eb synuar p\u00ebr m\u00eb shum\u00eb se 50 vjet. Shtoni disa p\u00ebrb\u00ebr\u00ebs aktiv\u00eb t\u00eb fuqish\u00ebm dhe nj\u00eb doz\u00eb guximi sip\u00ebrmarr\u00ebs - kjo \u00ebsht\u00eb alkimia unike e LEONOR GREYL.<\/span><\/p>\n<p>&nbsp;<\/p>\n<\/div>\n<\/div><\/div><\/div><\/div><\/div><\/div><div id=\"pg-2711-2\"  class=\"panel-grid panel-has-style\"  style=\"margin-bottom: 30px\" ><div class=\"siteorigin-panels-stretch panel-row-style panel-row-style-for-2711-2\" data-stretch-type=\"full-width-stretch\" ><div id=\"pgc-2711-2-0\"  class=\"panel-grid-cell\" ><div id=\"panel-2711-2-0-0\" class=\"so-panel widget_siteorigin-panels-builder panel-first-child panel-last-child\" data-index=\"7\" ><div id=\"pl-w6931d116dd57c\"  class=\"panel-layout\" ><div id=\"pg-w6931d116dd57c-0\"  class=\"panel-grid panel-no-style\"  style=\"margin-bottom: 30px\" ><div id=\"pgc-w6931d116dd57c-0-0\"  class=\"panel-grid-cell\" ><div id=\"panel-w6931d116dd57c-0-0-0\" class=\"so-panel widget_sow-editor panel-first-child panel-last-child\" data-index=\"0\" ><div\n\t\t\t\n\t\t\tclass=\"so-widget-sow-editor so-widget-sow-editor-base\"\n\t\t\t\n\t\t><h3 class=\"widget-title\">NJ\u00cb PASION FAMILJAR Q\u00cb NGA VITI 1968<\/h3>\n<div class=\"siteorigin-widget-tinymce textwidget\">\n\t<p>LEONOR GREYL filloi me nj\u00eb takim mendjesh dhe zemrash: Leonor, me pasionin e saj p\u00ebr bukurin\u00eb dhe sh\u00ebndetin e flok\u00ebve, takoi Jean-Marie, nj\u00eb inxhinier me interes n\u00eb botanik\u00eb. S\u00eb bashku, ata krijuan produkte natyrale p\u00ebr kujdesin e flok\u00ebve, t\u00eb pashoqe n\u00eb treg n\u00eb at\u00eb koh\u00eb.<\/p>\n<p>N\u00eb vitin 1968, kur Leonor takoi bashk\u00ebshortin e saj t\u00eb ardhsh\u00ebm, Jean-Marie, ajo zbuloi jo vet\u00ebm dashurin\u00eb e nj\u00eb burri, por edhe nj\u00eb burr\u00eb me njohuri t\u00eb jasht\u00ebzakonshme p\u00ebr bim\u00ebt dhe botanik\u00ebn e aplikuar. Duke mb\u00ebshtetur natyralitetin shum\u00eb koh\u00eb p\u00ebrpara nj\u00eb interesi t\u00eb p\u00ebrhapur p\u00ebr produktet &quot;organike&quot; ose mb\u00ebrritjes s\u00eb markave t\u00eb bukuris\u00eb &quot;eko-shik&quot;, projekti i tyre i p\u00ebrbashk\u00ebt p\u00ebr t\u00eb krijuar kujdes p\u00ebr flok\u00ebt bazuar n\u00eb derivate bimore dhe p\u00ebrb\u00ebr\u00ebs aktiv\u00eb natyral\u00eb u shnd\u00ebrrua n\u00eb nj\u00eb shk\u00ebmbim p\u00ebrvoje dhe vizioni q\u00eb do t\u00eb zgjaste nj\u00eb jet\u00eb.<br \/>\nEdhe sot, LEONOR GREYL mbetet mbi t\u00eb gjitha nj\u00eb biznes familjar. N\u00ebn udh\u00ebheqjen e Caroline Greyl, vajz\u00ebs s\u00eb Leonor dhe Jean-Marie, marka \u00ebsht\u00eb e pranishme n\u00eb m\u00eb shum\u00eb se 450 sallone flok\u00ebsh dhe n\u00eb mbi nj\u00ebqind dyqane dhe dyqane specialiteti n\u00eb 50 vende t\u00eb bot\u00ebs. Caroline mbart pishtarin e vizionit dhe vendosm\u00ebris\u00eb s\u00eb prind\u00ebrve t\u00eb saj, s\u00eb bashku me bashk\u00ebshortin e saj, David Thomas Brooks, nj\u00eb biolog amerikan i bim\u00ebve. P\u00ebr vite me radh\u00eb ai punoi me Jean-Marie p\u00ebr t\u00eb qen\u00eb n\u00eb gjendje t\u00eb transmetoj\u00eb njohurit\u00eb e tij unike n\u00eb krijimin e produkteve. Sot, ata vazhdojn\u00eb nj\u00eb pasion familjar me nj\u00eb mend\u00ebsi bashk\u00ebkohore dhe respekt t\u00eb thell\u00eb p\u00ebr tradit\u00ebn dhe stilin.<\/p>\n<\/div>\n<\/div><\/div><\/div><\/div><\/div><\/div><\/div><div id=\"pgc-2711-2-1\"  class=\"panel-grid-cell\" ><div id=\"panel-2711-2-1-0\" class=\"so-panel widget_media_image panel-first-child panel-last-child\" data-index=\"8\" ><img loading=\"lazy\" decoding=\"async\" width=\"730\" height=\"620\" src=\"https:\/\/faceology.net\/wp-content\/uploads\/2025\/01\/Montage-famille-Greyl-MAJ.jpg\" class=\"image wp-image-2982  attachment-full size-full\" alt=\"\" style=\"max-width: 100%; height: auto;\" srcset=\"https:\/\/faceology.net\/wp-content\/uploads\/2025\/01\/Montage-famille-Greyl-MAJ.jpg 730w, https:\/\/faceology.net\/wp-content\/uploads\/2025\/01\/Montage-famille-Greyl-MAJ-300x255.jpg 300w, https:\/\/faceology.net\/wp-content\/uploads\/2025\/01\/Montage-famille-Greyl-MAJ-14x12.jpg 14w, https:\/\/faceology.net\/wp-content\/uploads\/2025\/01\/Montage-famille-Greyl-MAJ-600x510.jpg 600w\" sizes=\"auto, (max-width: 730px) 100vw, 730px\" \/><\/div><\/div><\/div><\/div><div id=\"pg-2711-3\"  class=\"panel-grid panel-no-style\"  style=\"margin-bottom: 30px\" ><div id=\"pgc-2711-3-0\"  class=\"panel-grid-cell\" ><div id=\"panel-2711-3-0-0\" class=\"so-panel widget_sow-image panel-first-child panel-last-child\" data-index=\"9\" ><div\n\t\t\t\n\t\t\tclass=\"so-widget-sow-image so-widget-sow-image-default-8b5b6f678277-2711\"\n\t\t\t\n\t\t>\n<div class=\"sow-image-container\">\n\t\t<img \n\tsrc=\"https:\/\/faceology.net\/wp-content\/uploads\/2025\/02\/Regenerescence-Naturelle-scaled-e1764872438573.jpg\" width=\"620\" height=\"620\" sizes=\"(max-width: 620px) 100vw, 620px\" title=\"Rigjenerimi Natyror\" alt=\"\" \t\tclass=\"so-widget-image\"\/>\n\t<\/div>\n\n<\/div><\/div><\/div><div id=\"pgc-2711-3-1\"  class=\"panel-grid-cell\" ><div id=\"panel-2711-3-1-0\" class=\"so-panel widget_sow-editor panel-first-child panel-last-child\" data-index=\"10\" ><div\n\t\t\t\n\t\t\tclass=\"so-widget-sow-editor so-widget-sow-editor-base\"\n\t\t\t\n\t\t><h3 class=\"widget-title\">I NXITUR NGA NATYRA DHE INTEGRITET<\/h3>\n<div class=\"siteorigin-widget-tinymce textwidget\">\n\t<p align=\"justify\">N\u00eb zem\u00ebr t\u00eb LEONOR GREYL \u00ebsht\u00eb natyrshm\u00ebria.<br \/>\nFokusi yn\u00eb n\u00eb fuqin\u00eb e derivateve natyrore nxit formulat tona inovative q\u00eb nga fillimi i mark\u00ebs. Disa nga k\u00ebto produkte, krejt\u00ebsisht unike n\u00eb treg, kan\u00eb fituar nj\u00eb num\u00ebr pothuajse t\u00eb madh ndjek\u00ebsish p\u00ebr efikasitetin e tyre: Huile Germe de Bl\u00e9, formula e par\u00eb me baz\u00eb vaji q\u00eb p\u00ebrdor vaj gruri q\u00eb lan dhe trajton thell\u00ebsisht skalpin e kok\u00ebs duke shkum\u00ebzuar n\u00eb kontakt me ujin; Bain Traitant \u00e0 la Propolis, trajtimi i par\u00eb kund\u00ebr zbokthit p\u00ebr p\u00ebrdorim t\u00eb p\u00ebrditsh\u00ebm q\u00eb \u00ebsht\u00eb nj\u00ebkoh\u00ebsisht i but\u00eb dhe efektiv; Masque Fleurs de Jasmin, hidratim p\u00ebr flok\u00eb t\u00eb holl\u00eb; ose, Shampo Cr\u00e8me Moelle de Bambou duke p\u00ebrdorur palc\u00eb bambuje p\u00ebr hidratimin e flok\u00ebve t\u00eb gjat\u00eb.<br \/>\nK\u00ebto trajtime, t\u00eb cilat i b\u00ebjn\u00eb flok\u00ebt gjithmon\u00eb m\u00eb t\u00eb shndritsh\u00ebm, m\u00eb elastik\u00eb dhe m\u00eb t\u00eb bukur, kan\u00eb ndihmuar n\u00eb vendosjen e LEONOR GREYL si specialisti m\u00eb jet\u00ebgjat\u00eb n\u00eb kujdesin natyral t\u00eb flok\u00ebve. Fal\u00eb zot\u00ebrimit t\u00eb t\u00eb gjith\u00eb zinxhirit t\u00eb prodhimit - duke p\u00ebrfshir\u00eb formulat e patentuara, kontrollin e furnizimit me l\u00ebnd\u00eb t\u00eb para dhe shp\u00ebrndarjen p\u00ebrfundimtare - produktet LEONOR GREYL zhvillohen, nga fillimi deri n\u00eb fund, me respektin m\u00eb t\u00eb madh njer\u00ebzor dhe mjedisor.<\/p>\n<\/div>\n<\/div><\/div><\/div><\/div><\/div>","protected":false},"excerpt":{"rendered":"<p>Leonor Greyl remains dedicated to finding the richest natural and organic ingredients while protecting the planet that gifts us those [&hellip;]<\/p>\n","protected":false},"author":1,"featured_media":0,"parent":0,"menu_order":0,"comment_status":"closed","ping_status":"closed","template":"","meta":{"site-sidebar-layout":"no-sidebar","site-content-layout":"","ast-site-content-layout":"full-width-container","site-content-style":"unboxed","site-sidebar-style":"default","ast-global-header-display":"","ast-banner-title-visibility":"","ast-main-header-display":"","ast-hfb-above-header-display":"","ast-hfb-below-header-display":"","ast-hfb-mobile-header-display":"","site-post-title":"","ast-breadcrumbs-content":"","ast-featured-img":"","footer-sml-layout":"","ast-disable-related-posts":"","theme-transparent-header-meta":"default","adv-header-id-meta":"","stick-header-meta":"","header-above-stick-meta":"","header-main-stick-meta":"","header-below-stick-meta":"","astra-migrate-meta-layouts":"set","ast-page-background-enabled":"default","ast-page-background-meta":{"desktop":{"background-color":"var(--ast-global-color-4)","background-image":"","background-repeat":"repeat","background-position":"center center","background-size":"auto","background-attachment":"scroll","background-type":"","background-media":"","overlay-type":"","overlay-color":"","overlay-opacity":"","overlay-gradient":""},"tablet":{"background-color":"","background-image":"","background-repeat":"repeat","background-position":"center center","background-size":"auto","background-attachment":"scroll","background-type":"","background-media":"","overlay-type":"","overlay-color":"","overlay-opacity":"","overlay-gradient":""},"mobile":{"background-color":"","background-image":"","background-repeat":"repeat","background-position":"center center","background-size":"auto","background-attachment":"scroll","background-type":"","background-media":"","overlay-type":"","overlay-color":"","overlay-opacity":"","overlay-gradient":""}},"ast-content-background-meta":{"desktop":{"background-color":"var(--ast-global-color-5)","background-image":"","background-repeat":"repeat","background-position":"center center","background-size":"auto","background-attachment":"scroll","background-type":"","background-media":"","overlay-type":"","overlay-color":"","overlay-opacity":"","overlay-gradient":""},"tablet":{"background-color":"var(--ast-global-color-5)","background-image":"","background-repeat":"repeat","background-position":"center center","background-size":"auto","background-attachment":"scroll","background-type":"","background-media":"","overlay-type":"","overlay-color":"","overlay-opacity":"","overlay-gradient":""},"mobile":{"background-color":"var(--ast-global-color-5)","background-image":"","background-repeat":"repeat","background-position":"center center","background-size":"auto","background-attachment":"scroll","background-type":"","background-media":"","overlay-type":"","overlay-color":"","overlay-opacity":"","overlay-gradient":""}},"footnotes":""},"class_list":["post-2711","page","type-page","status-publish","hentry"],"_links":{"self":[{"href":"https:\/\/faceology.net\/sq\/wp-json\/wp\/v2\/pages\/2711","targetHints":{"allow":["GET"]}}],"collection":[{"href":"https:\/\/faceology.net\/sq\/wp-json\/wp\/v2\/pages"}],"about":[{"href":"https:\/\/faceology.net\/sq\/wp-json\/wp\/v2\/types\/page"}],"author":[{"embeddable":true,"href":"https:\/\/faceology.net\/sq\/wp-json\/wp\/v2\/users\/1"}],"replies":[{"embeddable":true,"href":"https:\/\/faceology.net\/sq\/wp-json\/wp\/v2\/comments?post=2711"}],"version-history":[{"count":6,"href":"https:\/\/faceology.net\/sq\/wp-json\/wp\/v2\/pages\/2711\/revisions"}],"predecessor-version":[{"id":3228,"href":"https:\/\/faceology.net\/sq\/wp-json\/wp\/v2\/pages\/2711\/revisions\/3228"}],"wp:attachment":[{"href":"https:\/\/faceology.net\/sq\/wp-json\/wp\/v2\/media?parent=2711"}],"curies":[{"name":"wp","href":"https:\/\/api.w.org\/{rel}","templated":true}]}}