{"id":3,"date":"2020-02-10T22:14:11","date_gmt":"2020-02-10T22:14:11","guid":{"rendered":"https:\/\/faceology.net\/?page_id=3"},"modified":"2020-05-08T17:46:33","modified_gmt":"2020-05-08T17:46:33","slug":"politika-e-privatesise","status":"publish","type":"page","link":"https:\/\/faceology.net\/sq\/privacy-policy\/","title":{"rendered":"Politika e privat\u00ebsis\u00eb"},"content":{"rendered":"<p class=\"is-layout-flow wp-block-group-is-layout-flow\">&nbsp;<\/p>\n\n\n<h1>Politika e privat\u00ebsis\u00eb<br \/>www.faceology.net<\/h1>\n\n\n\n\n<p class=\"is-layout-flow wp-block-group-is-layout-flow\">N\u00eb Faceology Albania, e aksesueshme nga http:\/\/www.faceology.net, nj\u00eb nga prioritetet tona kryesore \u00ebsht\u00eb privat\u00ebsia e vizitor\u00ebve tan\u00eb. Ky dokument i Politik\u00ebs s\u00eb Privat\u00ebsis\u00eb p\u00ebrmban lloje t\u00eb informacionit q\u00eb mblidhet dhe regjistrohet nga Faceology Albania dhe si e p\u00ebrdorim at\u00eb.<\/p>\n\n\n<p>N\u00ebse keni pyetje shtes\u00eb ose k\u00ebrkoni m\u00eb shum\u00eb informacion n\u00eb lidhje me Politik\u00ebn ton\u00eb t\u00eb Privat\u00ebsis\u00eb, mos hezitoni t\u00eb na kontaktoni.<\/p>\n\n\n<p>Kjo politik\u00eb e privat\u00ebsis\u00eb zbatohet vet\u00ebm p\u00ebr aktivitetet tona n\u00eb internet dhe \u00ebsht\u00eb e vlefshme p\u00ebr vizitor\u00ebt n\u00eb faqen ton\u00eb t\u00eb internetit n\u00eb lidhje me informacionin q\u00eb ata shp\u00ebrndajn\u00eb dhe\/ose mbledhin n\u00eb Faceology Albania. Kjo politik\u00eb nuk zbatohet p\u00ebr asnj\u00eb informacion t\u00eb mbledhur jasht\u00eb linje ose n\u00ebp\u00ebrmjet kanaleve t\u00eb tjera p\u00ebrve\u00e7 k\u00ebsaj faqe interneti.<\/p>\n\n\n<h2 class=\"wp-block-heading\">P\u00eblqimi<\/h2>\n\n\n<p>Duke p\u00ebrdorur faqen ton\u00eb t\u00eb internetit, ju pranoni politik\u00ebn ton\u00eb t\u00eb privat\u00ebsis\u00eb dhe pranoni kushtet e saj.<\/p>\n\n\n<h2 class=\"wp-block-heading\">Informacioni q\u00eb mbledhim<\/h2>\n\n\n<p>Informacioni personal q\u00eb ju k\u00ebrkohet t\u00eb jepni dhe arsyet pse ju k\u00ebrkohet t&#039;i jepni ato, do t&#039;ju b\u00ebhen t\u00eb qarta n\u00eb momentin kur ne ju k\u00ebrkojm\u00eb t\u00eb jepni informacionin tuaj personal.<\/p>\n\n\n<p>N\u00ebse na kontaktoni drejtp\u00ebrdrejt, ne mund t\u00eb marrim informacion shtes\u00eb rreth jush, si emrin, adres\u00ebn e emailit, numrin e telefonit, p\u00ebrmbajtjen e mesazhit dhe\/ose bashk\u00ebngjitjet q\u00eb mund t\u00eb na d\u00ebrgoni dhe \u00e7do informacion tjet\u00ebr q\u00eb mund t\u00eb zgjidhni t\u00eb jepni.<\/p>\n\n\n<p>Kur regjistroheni p\u00ebr nj\u00eb llogari, ne mund t\u00eb k\u00ebrkojm\u00eb informacionin tuaj t\u00eb kontaktit, duke p\u00ebrfshir\u00eb artikuj t\u00eb till\u00eb si emri, emri i kompanis\u00eb, adresa, adresa e emailit dhe numri i telefonit.<\/p>\n\n\n<h2 class=\"wp-block-heading\">Si e p\u00ebrdorim informacionin tuaj<\/h2>\n\n\n<p>Ne p\u00ebrdorim informacionin q\u00eb mbledhim n\u00eb m\u00ebnyra t\u00eb ndryshme, duke p\u00ebrfshir\u00eb:<\/p>\n\n\n<ul class=\"wp-block-list\">\n<li>Siguroni, operoni dhe mir\u00ebmbani faqen ton\u00eb t\u00eb internetit<\/li>\n<li>P\u00ebrmir\u00ebsoni, personalizoni dhe zgjeroni faqen ton\u00eb t\u00eb internetit<\/li>\n<li>Kuptoni dhe analizoni se si e p\u00ebrdorni faqen ton\u00eb t\u00eb internetit<\/li>\n<li>Zhvilloni produkte, sh\u00ebrbime, ve\u00e7ori dhe funksionalitete t\u00eb reja<\/li>\n<li>Komunikoni me ju, ose drejtp\u00ebrdrejt ose p\u00ebrmes nj\u00eb prej partner\u00ebve tan\u00eb, duke p\u00ebrfshir\u00eb sh\u00ebrbimin ndaj klientit, p\u00ebr t&#039;ju ofruar p\u00ebrdit\u00ebsime dhe informacione t\u00eb tjera n\u00eb lidhje me uebfaqen dhe p\u00ebr q\u00ebllime marketingu dhe promovimi<\/li>\n<li>Ju d\u00ebrgoj email<\/li>\n<li>Gjeni dhe parandaloni mashtrimin<\/li>\n<\/ul>\n\n\n<h2 class=\"wp-block-heading\">Skedar\u00ebt e regjistrit<\/h2>\n\n\n<p>Faceology Albania ndjek nj\u00eb procedur\u00eb standarde t\u00eb p\u00ebrdorimit t\u00eb skedar\u00ebve log. K\u00ebta skedar\u00eb regjistrojn\u00eb vizitor\u00ebt kur vizitojn\u00eb faqet e internetit. T\u00eb gjitha kompanit\u00eb prit\u00ebse e b\u00ebjn\u00eb k\u00ebt\u00eb dhe nj\u00eb pjes\u00eb e analitik\u00ebs s\u00eb sh\u00ebrbimeve t\u00eb pritjes. Informacioni i mbledhur nga skedar\u00ebt e regjistrave p\u00ebrfshin adresat e protokollit t\u00eb internetit (IP), llojin e shfletuesit, Ofruesin e Sh\u00ebrbimit t\u00eb Internetit (ISP), vul\u00ebn e dat\u00ebs dhe or\u00ebs, faqet referuese\/dal\u00ebse dhe mund\u00ebsisht numrin e klikimeve. K\u00ebto nuk jan\u00eb t\u00eb lidhura me asnj\u00eb informacion q\u00eb \u00ebsht\u00eb personalisht i identifikuesh\u00ebm. Q\u00ebllimi i informacionit \u00ebsht\u00eb analizimi i tendencave, administrimi i faqes, gjurmimi i l\u00ebvizjes s\u00eb p\u00ebrdoruesve n\u00eb faqen e internetit dhe mbledhja e informacionit demografik.<\/p>\n\n\n<h2 class=\"wp-block-heading\">Cookies dhe Web Beacons<\/h2>\n\n\n<p>Si \u00e7do website tjet\u00ebr, Faceology Albania p\u00ebrdor &#039;cookies&#039;. K\u00ebto cookie p\u00ebrdoren p\u00ebr t\u00eb ruajtur informacione duke p\u00ebrfshir\u00eb preferencat e vizitor\u00ebve dhe faqet n\u00eb faqen e internetit q\u00eb vizitori ka aksesuar ose vizituar. Informacioni p\u00ebrdoret p\u00ebr t\u00eb optimizuar p\u00ebrvoj\u00ebn e p\u00ebrdoruesve duke personalizuar p\u00ebrmbajtjen e faqes son\u00eb t\u00eb internetit bazuar n\u00eb llojin e shfletuesit t\u00eb vizitor\u00ebve dhe\/ose informacione t\u00eb tjera.<\/p>\n\n\n<p>P\u00ebr m\u00eb shum\u00eb informacion t\u00eb p\u00ebrgjithsh\u00ebm mbi cookies, ju lutemi lexoni\u00a0<a href=\"https:\/\/www.cookieconsent.com\/what-are-cookies\/\">&quot;\u00c7far\u00eb jan\u00eb biskotat&quot;<\/a>.<\/p>\n\n\n<h2 class=\"wp-block-heading\">Politikat e Privat\u00ebsis\u00eb s\u00eb Partner\u00ebve t\u00eb Reklamimit<\/h2>\n\n\n<p>Ju mund t\u00eb konsultoni k\u00ebt\u00eb list\u00eb p\u00ebr t\u00eb gjetur Politik\u00ebn e Privat\u00ebsis\u00eb p\u00ebr secilin prej partner\u00ebve reklamues t\u00eb Faceology Albania.<\/p>\n\n\n<p>Server\u00ebt e reklamave t\u00eb pal\u00ebve t\u00eb treta ose rrjetet e reklamave p\u00ebrdorin teknologji si cookies, JavaScript ose Web Beacons q\u00eb p\u00ebrdoren n\u00eb reklamat e tyre p\u00ebrkat\u00ebse dhe lidhjet q\u00eb shfaqen n\u00eb Biologique Recherche Macedonia, t\u00eb cilat d\u00ebrgohen drejtp\u00ebrdrejt n\u00eb shfletuesin e p\u00ebrdoruesve. Ata marrin automatikisht adres\u00ebn tuaj IP kur kjo ndodh. K\u00ebto teknologji p\u00ebrdoren p\u00ebr t\u00eb matur efektivitetin e fushatave t\u00eb tyre reklamuese dhe\/ose p\u00ebr t\u00eb personalizuar p\u00ebrmbajtjen reklamuese q\u00eb shihni n\u00eb faqet e internetit q\u00eb vizitoni.<\/p>\n\n\n<p>Vini re se Faceology Albania nuk ka akses apo kontroll mbi k\u00ebto cookie q\u00eb p\u00ebrdoren nga reklamues t\u00eb pal\u00ebve t\u00eb treta.<\/p>\n\n\n<h2 class=\"wp-block-heading\">Politikat e privat\u00ebsis\u00eb s\u00eb pal\u00ebve t\u00eb treta<\/h2>\n\n\n<p>Politika e Privat\u00ebsis\u00eb e Faceology Albania nuk zbatohet p\u00ebr reklamuesit e tjer\u00eb ose faqet e internetit. K\u00ebshtu, ne po ju k\u00ebshillojm\u00eb q\u00eb t\u00eb konsultoheni me Politikat p\u00ebrkat\u00ebse t\u00eb Privat\u00ebsis\u00eb t\u00eb k\u00ebtyre server\u00ebve t\u00eb reklamave t\u00eb pal\u00ebve t\u00eb treta p\u00ebr informacion m\u00eb t\u00eb detajuar. Mund t\u00eb p\u00ebrfshij\u00eb praktikat dhe udh\u00ebzimet e tyre se si t\u00eb t\u00ebrhiqeni nga disa opsione. Ju mund t\u00eb gjeni nj\u00eb list\u00eb t\u00eb plot\u00eb t\u00eb k\u00ebtyre Politikave t\u00eb Privat\u00ebsis\u00eb dhe lidhjet e tyre k\u00ebtu: Lidhjet e Politikave t\u00eb Privat\u00ebsis\u00eb.<\/p>\n\n\n<p>Ju mund t\u00eb zgjidhni t\u00eb \u00e7aktivizoni cookies p\u00ebrmes opsioneve individuale t\u00eb shfletuesit tuaj. P\u00ebr t\u00eb ditur m\u00eb shum\u00eb informacion t\u00eb detajuar rreth menaxhimit t\u00eb cookie-ve me shfletues t\u00eb ve\u00e7ant\u00eb t\u00eb internetit, ai mund t\u00eb gjendet n\u00eb faqet e internetit p\u00ebrkat\u00ebse t\u00eb shfletuesve. \u00c7far\u00eb jan\u00eb cookies?<\/p>\n\n\n<h2 class=\"wp-block-heading\">T\u00eb drejtat e mbrojtjes s\u00eb t\u00eb dh\u00ebnave GDPR<\/h2>\n\n\n<p>Ne d\u00ebshirojm\u00eb t\u00eb sigurohemi q\u00eb ju jeni plot\u00ebsisht t\u00eb vet\u00ebdijsh\u00ebm p\u00ebr t\u00eb gjitha t\u00eb drejtat tuaja p\u00ebr mbrojtjen e t\u00eb dh\u00ebnave. \u00c7do p\u00ebrdorues ka t\u00eb drejt\u00eb p\u00ebr sa vijon:<\/p>\n\n\n<p>E drejta p\u00ebr akses \u2013 Ju keni t\u00eb drejt\u00eb t\u00eb k\u00ebrkoni kopje t\u00eb t\u00eb dh\u00ebnave tuaja personale. Ne mund t&#039;ju k\u00ebrkojm\u00eb nj\u00eb tarif\u00eb t\u00eb vog\u00ebl p\u00ebr k\u00ebt\u00eb sh\u00ebrbim.<\/p>\n\n\n<p>E drejta p\u00ebr korrigjim \u2013 Ju keni t\u00eb drejt\u00ebn t\u00eb k\u00ebrkoni q\u00eb ne t\u00eb korrigjojm\u00eb \u00e7do informacion q\u00eb mendoni se \u00ebsht\u00eb i pasakt\u00eb. Ju gjithashtu keni t\u00eb drejt\u00eb t\u00eb k\u00ebrkoni q\u00eb ne t\u00eb plot\u00ebsojm\u00eb informacionin q\u00eb mendoni se \u00ebsht\u00eb i paplot\u00eb.<\/p>\n\n\n<p>E drejta e fshirjes \u2013 Ju keni t\u00eb drejt\u00eb t\u00eb k\u00ebrkoni q\u00eb ne t\u00eb fshijm\u00eb t\u00eb dh\u00ebnat tuaja personale, n\u00eb kushte t\u00eb caktuara.<\/p>\n\n\n<p>E drejta p\u00ebr t\u00eb kufizuar p\u00ebrpunimin \u2013 Ju keni t\u00eb drejt\u00eb t\u00eb k\u00ebrkoni q\u00eb ne t\u00eb kufizojm\u00eb p\u00ebrpunimin e t\u00eb dh\u00ebnave tuaja personale, n\u00eb kushte t\u00eb caktuara.<\/p>\n\n\n<p>E drejta p\u00ebr t\u00eb kund\u00ebrshtuar p\u00ebrpunimin \u2013 Ju keni t\u00eb drejt\u00eb t\u00eb kund\u00ebrshtoni p\u00ebrpunimin ton\u00eb t\u00eb t\u00eb dh\u00ebnave tuaja personale, n\u00eb kushte t\u00eb caktuara.<\/p>\n\n\n<p>E drejta p\u00ebr transportueshm\u00ebri t\u00eb t\u00eb dh\u00ebnave \u2013 Ju keni t\u00eb drejt\u00eb t\u00eb k\u00ebrkoni q\u00eb ne t&#039;i transferojm\u00eb t\u00eb dh\u00ebnat q\u00eb kemi mbledhur n\u00eb nj\u00eb organizat\u00eb tjet\u00ebr, ose drejtp\u00ebrdrejt te ju, n\u00eb kushte t\u00eb caktuara.<\/p>\n\n\n<p>N\u00ebse b\u00ebni nj\u00eb k\u00ebrkes\u00eb, ne kemi nj\u00eb muaj koh\u00eb p\u00ebr t&#039;ju p\u00ebrgjigjur. N\u00ebse d\u00ebshironi t\u00eb ushtroni ndonj\u00eb nga k\u00ebto t\u00eb drejta, ju lutemi na kontaktoni.<\/p>\n\n\n<h2 class=\"wp-block-heading\">Informacion p\u00ebr F\u00ebmij\u00ebt<\/h2>\n\n\n<p>Nj\u00eb pjes\u00eb tjet\u00ebr e prioritetit ton\u00eb \u00ebsht\u00eb shtimi i mbrojtjes p\u00ebr f\u00ebmij\u00ebt gjat\u00eb p\u00ebrdorimit t\u00eb internetit. Ne inkurajojm\u00eb prind\u00ebrit dhe kujdestar\u00ebt t\u00eb v\u00ebzhgojn\u00eb, t\u00eb marrin pjes\u00eb dhe\/ose t\u00eb monitorojn\u00eb dhe drejtojn\u00eb aktivitetin e tyre n\u00eb internet.<\/p>\n\n\n\n<p class=\"is-layout-flow wp-block-group-is-layout-flow\">Faceology Albania nuk mbledh me vet\u00ebdije asnj\u00eb informacion personal t\u00eb identifikuesh\u00ebm nga f\u00ebmij\u00ebt n\u00ebn mosh\u00ebn 13 vje\u00e7. N\u00ebse mendoni se f\u00ebmija juaj ka dh\u00ebn\u00eb k\u00ebt\u00eb lloj informacioni n\u00eb faqen ton\u00eb t\u00eb internetit, ju inkurajojm\u00eb fuqimisht t\u00eb na kontaktoni menj\u00ebher\u00eb dhe ne do t\u00eb b\u00ebjm\u00eb \u00e7do p\u00ebrpjekje p\u00ebr t\u00eb hiqni nj\u00eb informacion t\u00eb till\u00eb nga t\u00eb dh\u00ebnat tona.<\/p>","protected":false},"excerpt":{"rendered":"<p>&nbsp; Privacy Policywww.faceology.net At Faceology Albania, accessible from http:\/\/www.faceology.net, one of our main priorities is the privacy of our visitors. [&hellip;]<\/p>\n","protected":false},"author":1,"featured_media":0,"parent":0,"menu_order":0,"comment_status":"closed","ping_status":"closed","template":"","meta":{"site-sidebar-layout":"default","site-content-layout":"","ast-site-content-layout":"default","site-content-style":"default","site-sidebar-style":"default","ast-global-header-display":"","ast-banner-title-visibility":"","ast-main-header-display":"","ast-hfb-above-header-display":"","ast-hfb-below-header-display":"","ast-hfb-mobile-header-display":"","site-post-title":"","ast-breadcrumbs-content":"","ast-featured-img":"","footer-sml-layout":"","ast-disable-related-posts":"","theme-transparent-header-meta":"","adv-header-id-meta":"","stick-header-meta":"","header-above-stick-meta":"","header-main-stick-meta":"","header-below-stick-meta":"","astra-migrate-meta-layouts":"default","ast-page-background-enabled":"default","ast-page-background-meta":{"desktop":{"background-color":"var(--ast-global-color-4)","background-image":"","background-repeat":"repeat","background-position":"center center","background-size":"auto","background-attachment":"scroll","background-type":"","background-media":"","overlay-type":"","overlay-color":"","overlay-opacity":"","overlay-gradient":""},"tablet":{"background-color":"","background-image":"","background-repeat":"repeat","background-position":"center center","background-size":"auto","background-attachment":"scroll","background-type":"","background-media":"","overlay-type":"","overlay-color":"","overlay-opacity":"","overlay-gradient":""},"mobile":{"background-color":"","background-image":"","background-repeat":"repeat","background-position":"center center","background-size":"auto","background-attachment":"scroll","background-type":"","background-media":"","overlay-type":"","overlay-color":"","overlay-opacity":"","overlay-gradient":""}},"ast-content-background-meta":{"desktop":{"background-color":"var(--ast-global-color-5)","background-image":"","background-repeat":"repeat","background-position":"center center","background-size":"auto","background-attachment":"scroll","background-type":"","background-media":"","overlay-type":"","overlay-color":"","overlay-opacity":"","overlay-gradient":""},"tablet":{"background-color":"var(--ast-global-color-5)","background-image":"","background-repeat":"repeat","background-position":"center center","background-size":"auto","background-attachment":"scroll","background-type":"","background-media":"","overlay-type":"","overlay-color":"","overlay-opacity":"","overlay-gradient":""},"mobile":{"background-color":"var(--ast-global-color-5)","background-image":"","background-repeat":"repeat","background-position":"center center","background-size":"auto","background-attachment":"scroll","background-type":"","background-media":"","overlay-type":"","overlay-color":"","overlay-opacity":"","overlay-gradient":""}},"footnotes":""},"class_list":["post-3","page","type-page","status-publish","hentry"],"_links":{"self":[{"href":"https:\/\/faceology.net\/sq\/wp-json\/wp\/v2\/pages\/3","targetHints":{"allow":["GET"]}}],"collection":[{"href":"https:\/\/faceology.net\/sq\/wp-json\/wp\/v2\/pages"}],"about":[{"href":"https:\/\/faceology.net\/sq\/wp-json\/wp\/v2\/types\/page"}],"author":[{"embeddable":true,"href":"https:\/\/faceology.net\/sq\/wp-json\/wp\/v2\/users\/1"}],"replies":[{"embeddable":true,"href":"https:\/\/faceology.net\/sq\/wp-json\/wp\/v2\/comments?post=3"}],"version-history":[{"count":0,"href":"https:\/\/faceology.net\/sq\/wp-json\/wp\/v2\/pages\/3\/revisions"}],"wp:attachment":[{"href":"https:\/\/faceology.net\/sq\/wp-json\/wp\/v2\/media?parent=3"}],"curies":[{"name":"wp","href":"https:\/\/api.w.org\/{rel}","templated":true}]}}