{"id":209,"date":"2020-02-11T21:17:47","date_gmt":"2020-02-11T21:17:47","guid":{"rendered":"https:\/\/faceology.net\/product\/lhuile-de-leonor-greyl-treatment-before-shampoo-for-dry-hair-protection-from-the-sun-water\/"},"modified":"2026-02-17T18:49:09","modified_gmt":"2026-02-17T18:49:09","slug":"lhuile-de-leonor-greyl-trajtim-para-shampo-per-mbrojtje-floke-te-thate-nga-uji-dielli","status":"publish","type":"product","link":"https:\/\/faceology.net\/sq\/product\/lhuile-de-leonor-greyl-treatment-before-shampoo-for-dry-hair-protection-from-the-sun-water\/","title":{"rendered":"L&#039;HUILE DE LEONOR GREYL"},"content":{"rendered":"<p>Ideja p\u00ebr L\u2019Huile de Leonor Greyl, e njohur dikur si L\u2019Huile de Palme, lindi p\u00ebr her\u00eb t\u00eb par\u00eb gjat\u00eb nj\u00eb udh\u00ebtimi n\u00eb Indet Franceze t\u00eb Per\u00ebndimit n\u00eb vitet \u201970. Duke u gjendur i bllokuar gjat\u00eb nj\u00eb stuhie, zoti Greyl vuri re se shiu dukej sikur binte n\u00eb gjethet e palmave pa i lagur ato. Karakteristikat e jasht\u00ebzakonshme t\u00eb bim\u00ebs e frym\u00ebzuan at\u00eb q\u00eb t\u00eb p\u00ebrdor vajin e saj n\u00eb nj\u00eb produkt p\u00ebr kujdesin e flok\u00ebve q\u00eb do t\u00eb mbronte flok\u00ebt duke formuar nj\u00eb film t\u00eb pap\u00ebrshkuesh\u00ebm nga uji p\u00ebrreth \u00e7do fije floku. I aplikuar n\u00eb plazh midis larjeve, n\u00eb sallone si mbrojtje para-ngjyrosjes, ose n\u00eb sht\u00ebpi p\u00ebr t\u00eb rregulluar flok\u00ebt, ky vaj shpejt u b\u00eb nj\u00eb i preferuar i kultit. N\u00eb vitin 2013, vaji i palm\u00ebs u hoq nga formula n\u00eb favor t\u00eb dy p\u00ebrb\u00ebr\u00ebsve t\u00eb rinj: kokosit dhe vajit Mongongo.<\/p>","protected":false},"excerpt":{"rendered":"<div class=\"translation-block\">\nTrajtimi me vaj para shampos.<br>\n\nP\u00ebrdoreni k\u00ebt\u00eb vaj si nj\u00eb trajtim para shampos p\u00ebr flok\u00eb t\u00eb that\u00eb dhe t\u00eb p\u00ebrpunuar shum\u00eb. P\u00ebrmban filtra natyror\u00eb UVA \/ B, aplikoni n\u00eb pishin\u00eb ose plazh p\u00ebr t\u00eb mbrojtur flok\u00ebt tuaj nga efektet e tharjes dhe d\u00ebmtimit nga klori dhe ujit t\u00eb detit.\n<\/div>","protected":false},"featured_media":2631,"template":"","meta":{"site-sidebar-layout":"default","site-content-layout":"","ast-site-content-layout":"default","site-content-style":"default","site-sidebar-style":"default","ast-global-header-display":"","ast-banner-title-visibility":"","ast-main-header-display":"","ast-hfb-above-header-display":"","ast-hfb-below-header-display":"","ast-hfb-mobile-header-display":"","site-post-title":"","ast-breadcrumbs-content":"","ast-featured-img":"","footer-sml-layout":"","ast-disable-related-posts":"","theme-transparent-header-meta":"","adv-header-id-meta":"","stick-header-meta":"","header-above-stick-meta":"","header-main-stick-meta":"","header-below-stick-meta":"","astra-migrate-meta-layouts":"default","ast-page-background-enabled":"default","ast-page-background-meta":{"desktop":{"background-color":"var(--ast-global-color-4)","background-image":"","background-repeat":"repeat","background-position":"center center","background-size":"auto","background-attachment":"scroll","background-type":"","background-media":"","overlay-type":"","overlay-color":"","overlay-opacity":"","overlay-gradient":""},"tablet":{"background-color":"","background-image":"","background-repeat":"repeat","background-position":"center center","background-size":"auto","background-attachment":"scroll","background-type":"","background-media":"","overlay-type":"","overlay-color":"","overlay-opacity":"","overlay-gradient":""},"mobile":{"background-color":"","background-image":"","background-repeat":"repeat","background-position":"center center","background-size":"auto","background-attachment":"scroll","background-type":"","background-media":"","overlay-type":"","overlay-color":"","overlay-opacity":"","overlay-gradient":""}},"ast-content-background-meta":{"desktop":{"background-color":"var(--ast-global-color-5)","background-image":"","background-repeat":"repeat","background-position":"center center","background-size":"auto","background-attachment":"scroll","background-type":"","background-media":"","overlay-type":"","overlay-color":"","overlay-opacity":"","overlay-gradient":""},"tablet":{"background-color":"var(--ast-global-color-5)","background-image":"","background-repeat":"repeat","background-position":"center center","background-size":"auto","background-attachment":"scroll","background-type":"","background-media":"","overlay-type":"","overlay-color":"","overlay-opacity":"","overlay-gradient":""},"mobile":{"background-color":"var(--ast-global-color-5)","background-image":"","background-repeat":"repeat","background-position":"center center","background-size":"auto","background-attachment":"scroll","background-type":"","background-media":"","overlay-type":"","overlay-color":"","overlay-opacity":"","overlay-gradient":""}}},"product_brand":[],"product_cat":[52,28],"product_tag":[],"class_list":{"0":"post-209","1":"product","2":"type-product","3":"status-publish","4":"has-post-thumbnail","6":"product_cat-beauty-oils","7":"product_cat-leonor-greyl","8":"desktop-align-center","9":"tablet-align-left","10":"mobile-align-left","11":"ast-product-gallery-layout-horizontal-slider","12":"ast-product-gallery-with-no-image","13":"ast-product-tabs-layout-horizontal","14":"ast-qv-on-image","16":"first","17":"instock","18":"virtual","19":"taxable","20":"purchasable","21":"product-type-simple"},"_links":{"self":[{"href":"https:\/\/faceology.net\/sq\/wp-json\/wp\/v2\/product\/209","targetHints":{"allow":["GET"]}}],"collection":[{"href":"https:\/\/faceology.net\/sq\/wp-json\/wp\/v2\/product"}],"about":[{"href":"https:\/\/faceology.net\/sq\/wp-json\/wp\/v2\/types\/product"}],"wp:featuredmedia":[{"embeddable":true,"href":"https:\/\/faceology.net\/sq\/wp-json\/wp\/v2\/media\/2631"}],"wp:attachment":[{"href":"https:\/\/faceology.net\/sq\/wp-json\/wp\/v2\/media?parent=209"}],"wp:term":[{"taxonomy":"product_brand","embeddable":true,"href":"https:\/\/faceology.net\/sq\/wp-json\/wp\/v2\/product_brand?post=209"},{"taxonomy":"product_cat","embeddable":true,"href":"https:\/\/faceology.net\/sq\/wp-json\/wp\/v2\/product_cat?post=209"},{"taxonomy":"product_tag","embeddable":true,"href":"https:\/\/faceology.net\/sq\/wp-json\/wp\/v2\/product_tag?post=209"}],"curies":[{"name":"wp","href":"https:\/\/api.w.org\/{rel}","templated":true}]}}