{"id":211,"date":"2020-02-11T21:17:47","date_gmt":"2020-02-11T21:17:47","guid":{"rendered":"https:\/\/faceology.net\/product\/huile-secret-de-beaute-oil-for-body-and-hair\/"},"modified":"2026-02-17T18:49:09","modified_gmt":"2026-02-17T18:49:09","slug":"huile-secret-de-beaute-vaj-per-trup-dhe-floke","status":"publish","type":"product","link":"https:\/\/faceology.net\/sq\/product\/huile-secret-de-beaute-oil-for-body-and-hair\/","title":{"rendered":"SEKRET HUIL DE BEAUTE"},"content":{"rendered":"<p>Me sa mbaj mend, sa her\u00eb q\u00eb prind\u00ebrit e mi dhe un\u00eb shkonim me pushime, paketonim nj\u00eb vaj shum\u00eb t\u00eb ve\u00e7ant\u00eb q\u00eb babi b\u00ebnte posa\u00e7\u00ebrisht p\u00ebr ne. Ishte nj\u00eb vaj i b\u00ebr\u00eb me porosi i formuluar p\u00ebr t\u00eb mbrojtur l\u00ebkur\u00ebn ton\u00eb. Er\u00eb aq e mir\u00eb dhe pati nj\u00eb efekt aq t\u00eb mrekulluesh\u00ebm n\u00eb l\u00ebkur\u00ebn time, saq\u00eb tana ime zgjati shum\u00eb pasi pushimet ishin mbaruar. Doja t\u00eb rigjeja ato kujtime, k\u00ebshtu q\u00eb i k\u00ebrkova burrit tim q\u00eb t\u00eb krijonte nj\u00eb vaj q\u00eb do ta leht\u00ebsonte jet\u00ebn p\u00ebr grat\u00eb me nj\u00eb jet\u00eb t\u00eb ngjeshur. Nj\u00eb vaj  p\u00ebr trup dhe flok\u00eb i b\u00ebr\u00eb nga vajra t\u00eb ve\u00e7ant\u00eb, natyrisht anti-oksidues dhe super ushqyes, k\u00ebshtu q\u00eb m\u00eb lejon t\u00eb ndaj k\u00ebt\u00eb sekret bukurie me nj\u00eb rreth m\u00eb t\u00eb gjer\u00eb. \" Caroline Greyl, n\u00eb lansimin e produktit n\u00eb 2013.<\/p>","protected":false},"excerpt":{"rendered":"<div class=\"translation-block\">\n<p>Vajra natyral\u00eb t\u00eb im\u00ebt p\u00ebr flok\u00eb dhe trup t\u00eb bukur<\/p><p> Vajrat me shum\u00eb detyra jan\u00eb perfekte p\u00ebr ata q\u00eb k\u00ebrkojn\u00eb t\u00eb thjeshtojn\u00eb rutin\u00ebn e tyre t\u00eb bukuris\u00eb. Kjo p\u00ebrzierje ushqyese e vajrave natyral\u00eb \u00ebsht\u00eb e mbushur me acide yndyrore esenciale dhe vitamina E dhe A q\u00eb p\u00ebrfitojn\u00eb flok\u00ebt dhe trupin. P\u00ebrdoret si nj\u00eb mjet stilimi p\u00ebr t\u00eb zbutur, i l\u00eb flok\u00ebt t\u00eb zbutur dhe me shk\u00eblqim. Vetit\u00eb hidratuese mbrojn\u00eb l\u00ebkur\u00ebn tuaj nga plakja e parakohshme.<\/p>\n<\/div>","protected":false},"featured_media":2633,"template":"","meta":{"site-sidebar-layout":"default","site-content-layout":"","ast-site-content-layout":"default","site-content-style":"default","site-sidebar-style":"default","ast-global-header-display":"","ast-banner-title-visibility":"","ast-main-header-display":"","ast-hfb-above-header-display":"","ast-hfb-below-header-display":"","ast-hfb-mobile-header-display":"","site-post-title":"","ast-breadcrumbs-content":"","ast-featured-img":"","footer-sml-layout":"","ast-disable-related-posts":"","theme-transparent-header-meta":"","adv-header-id-meta":"","stick-header-meta":"","header-above-stick-meta":"","header-main-stick-meta":"","header-below-stick-meta":"","astra-migrate-meta-layouts":"default","ast-page-background-enabled":"default","ast-page-background-meta":{"desktop":{"background-color":"var(--ast-global-color-4)","background-image":"","background-repeat":"repeat","background-position":"center center","background-size":"auto","background-attachment":"scroll","background-type":"","background-media":"","overlay-type":"","overlay-color":"","overlay-opacity":"","overlay-gradient":""},"tablet":{"background-color":"","background-image":"","background-repeat":"repeat","background-position":"center center","background-size":"auto","background-attachment":"scroll","background-type":"","background-media":"","overlay-type":"","overlay-color":"","overlay-opacity":"","overlay-gradient":""},"mobile":{"background-color":"","background-image":"","background-repeat":"repeat","background-position":"center center","background-size":"auto","background-attachment":"scroll","background-type":"","background-media":"","overlay-type":"","overlay-color":"","overlay-opacity":"","overlay-gradient":""}},"ast-content-background-meta":{"desktop":{"background-color":"var(--ast-global-color-5)","background-image":"","background-repeat":"repeat","background-position":"center center","background-size":"auto","background-attachment":"scroll","background-type":"","background-media":"","overlay-type":"","overlay-color":"","overlay-opacity":"","overlay-gradient":""},"tablet":{"background-color":"var(--ast-global-color-5)","background-image":"","background-repeat":"repeat","background-position":"center center","background-size":"auto","background-attachment":"scroll","background-type":"","background-media":"","overlay-type":"","overlay-color":"","overlay-opacity":"","overlay-gradient":""},"mobile":{"background-color":"var(--ast-global-color-5)","background-image":"","background-repeat":"repeat","background-position":"center center","background-size":"auto","background-attachment":"scroll","background-type":"","background-media":"","overlay-type":"","overlay-color":"","overlay-opacity":"","overlay-gradient":""}}},"product_brand":[],"product_cat":[52,28],"product_tag":[50,48,46,53],"class_list":{"0":"post-211","1":"product","2":"type-product","3":"status-publish","4":"has-post-thumbnail","6":"product_cat-beauty-oils","7":"product_cat-leonor-greyl","8":"product_tag-body-care","9":"product_tag-hair-care","10":"product_tag-leonor-greyl","11":"product_tag-oils","12":"desktop-align-center","13":"tablet-align-left","14":"mobile-align-left","15":"ast-product-gallery-layout-horizontal-slider","16":"ast-product-gallery-with-no-image","17":"ast-product-tabs-layout-horizontal","18":"ast-qv-on-image","20":"first","21":"instock","22":"virtual","23":"taxable","24":"purchasable","25":"product-type-simple"},"_links":{"self":[{"href":"https:\/\/faceology.net\/sq\/wp-json\/wp\/v2\/product\/211","targetHints":{"allow":["GET"]}}],"collection":[{"href":"https:\/\/faceology.net\/sq\/wp-json\/wp\/v2\/product"}],"about":[{"href":"https:\/\/faceology.net\/sq\/wp-json\/wp\/v2\/types\/product"}],"wp:featuredmedia":[{"embeddable":true,"href":"https:\/\/faceology.net\/sq\/wp-json\/wp\/v2\/media\/2633"}],"wp:attachment":[{"href":"https:\/\/faceology.net\/sq\/wp-json\/wp\/v2\/media?parent=211"}],"wp:term":[{"taxonomy":"product_brand","embeddable":true,"href":"https:\/\/faceology.net\/sq\/wp-json\/wp\/v2\/product_brand?post=211"},{"taxonomy":"product_cat","embeddable":true,"href":"https:\/\/faceology.net\/sq\/wp-json\/wp\/v2\/product_cat?post=211"},{"taxonomy":"product_tag","embeddable":true,"href":"https:\/\/faceology.net\/sq\/wp-json\/wp\/v2\/product_tag?post=211"}],"curies":[{"name":"wp","href":"https:\/\/api.w.org\/{rel}","templated":true}]}}