{"id":212,"date":"2020-02-11T21:17:47","date_gmt":"2020-02-11T21:17:47","guid":{"rendered":"https:\/\/faceology.net\/product\/huile-de-magnolia-oil-for-face-and-body\/"},"modified":"2026-02-17T18:49:09","modified_gmt":"2026-02-17T18:49:09","slug":"huile-de-magnolia-vaj-per-fytyre-dhe-trup","status":"publish","type":"product","link":"https:\/\/faceology.net\/sq\/product\/huile-de-magnolia-oil-for-face-and-body\/","title":{"rendered":"HUILE DE MAGNOLIA"},"content":{"rendered":"<div class=\"translation-block\">\nNj\u00eb kujdes i bukuris\u00eb p\u00ebr trupin, Huile de Magnolia u krijua n\u00eb vitin 1980 nga Jean-Marie Greyl me k\u00ebrkes\u00eb t\u00eb Leonor, pasi ajo po k\u00ebrkonte nj\u00eb vaj p\u00ebr t'u p\u00ebrdorur n\u00eb masazhet n\u00eb supet e klient\u00ebve n\u00eb Institut nd\u00ebrsa trajtimi  i tyre po kryhej . Z. Greyl kishte nj\u00eb tendenc\u00eb q\u00eb gjithmon\u00eb t\u2019i shtynte gj\u00ebrat pak m\u00eb tej, dhe k\u00ebshtu ai zgjodhi nj\u00eb vaj zbut\u00ebs shum\u00eb q\u00ebllimesh, mbrojtje t\u00eb tenit, pastrimin e make-up-it dhe qet\u00ebsues! Caroline sugjeroi q\u00eb babai i saj ta em\u00ebronte vajin \"Magnolia\", sepse ajo ishte nj\u00eb fanse e Claude Fran\u00e7ois (nj\u00eb k\u00ebng\u00ebtare franceze) n\u00eb at\u00eb koh\u00eb ... Infuzuar me nj\u00eb arom\u00eb lulesh t\u00eb mrekullueshme me lule t\u00eb bardh\u00eb dhe t\u00eb mbushur plot me vajra t\u00eb pasura q\u00eb ushqejn\u00eb intensivisht l\u00ebkur\u00ebn, Huile de Magnolia \u00ebsht\u00eb nj\u00eb produkt ekskluziv q\u00eb ju godet nga fillimi.\n<\/div>","protected":false},"excerpt":{"rendered":"<div class=\"translation-block\">\n<p>Vajra natyral\u00eb p\u00ebr p\u00ebrmir\u00ebsimin e bukuris\u00eb p\u00ebr fytyr\u00ebn dhe trupin<\/p><p> K\u00ebnaquni me nj\u00eb mini &#039;pushime tropikale&#039; \u00e7do dit\u00eb me k\u00ebt\u00eb vaj luksoz p\u00ebr fytyr\u00ebn dhe trupin q\u00eb \u00ebsht\u00eb mjaft i aromatizuar me nj\u00eb arom\u00eb t\u00eb mrekullueshme lulesh. I mbushur me nj\u00eb shum\u00ebllojshm\u00ebri vajrash vegjetal\u00eb p\u00ebr ta mbajtur l\u00ebkur\u00ebn tuaj t\u00eb but\u00eb dhe t\u00eb l\u00ebmuar, ky vaj do t\u00eb hidratoj\u00eb l\u00ebkur\u00ebn m\u00eb t\u00eb that\u00eb \u2013 madje edhe djegiet nga dielli. \u00cbsht\u00eb i shk\u00eblqyesh\u00ebm si ringjallje e nxirjes pas pushimeve, ose p\u00ebr t&#039;i shtuar shk\u00eblqim l\u00ebkur\u00ebs s\u00eb thar\u00eb nga lag\u00ebshtia.<\/p>\n<\/div>","protected":false},"featured_media":2635,"template":"","meta":{"site-sidebar-layout":"default","site-content-layout":"","ast-site-content-layout":"default","site-content-style":"default","site-sidebar-style":"default","ast-global-header-display":"","ast-banner-title-visibility":"","ast-main-header-display":"","ast-hfb-above-header-display":"","ast-hfb-below-header-display":"","ast-hfb-mobile-header-display":"","site-post-title":"","ast-breadcrumbs-content":"","ast-featured-img":"","footer-sml-layout":"","ast-disable-related-posts":"","theme-transparent-header-meta":"","adv-header-id-meta":"","stick-header-meta":"","header-above-stick-meta":"","header-main-stick-meta":"","header-below-stick-meta":"","astra-migrate-meta-layouts":"default","ast-page-background-enabled":"default","ast-page-background-meta":{"desktop":{"background-color":"var(--ast-global-color-4)","background-image":"","background-repeat":"repeat","background-position":"center center","background-size":"auto","background-attachment":"scroll","background-type":"","background-media":"","overlay-type":"","overlay-color":"","overlay-opacity":"","overlay-gradient":""},"tablet":{"background-color":"","background-image":"","background-repeat":"repeat","background-position":"center center","background-size":"auto","background-attachment":"scroll","background-type":"","background-media":"","overlay-type":"","overlay-color":"","overlay-opacity":"","overlay-gradient":""},"mobile":{"background-color":"","background-image":"","background-repeat":"repeat","background-position":"center center","background-size":"auto","background-attachment":"scroll","background-type":"","background-media":"","overlay-type":"","overlay-color":"","overlay-opacity":"","overlay-gradient":""}},"ast-content-background-meta":{"desktop":{"background-color":"var(--ast-global-color-5)","background-image":"","background-repeat":"repeat","background-position":"center center","background-size":"auto","background-attachment":"scroll","background-type":"","background-media":"","overlay-type":"","overlay-color":"","overlay-opacity":"","overlay-gradient":""},"tablet":{"background-color":"var(--ast-global-color-5)","background-image":"","background-repeat":"repeat","background-position":"center center","background-size":"auto","background-attachment":"scroll","background-type":"","background-media":"","overlay-type":"","overlay-color":"","overlay-opacity":"","overlay-gradient":""},"mobile":{"background-color":"var(--ast-global-color-5)","background-image":"","background-repeat":"repeat","background-position":"center center","background-size":"auto","background-attachment":"scroll","background-type":"","background-media":"","overlay-type":"","overlay-color":"","overlay-opacity":"","overlay-gradient":""}}},"product_brand":[],"product_cat":[52,28],"product_tag":[48,46,53],"class_list":{"0":"post-212","1":"product","2":"type-product","3":"status-publish","4":"has-post-thumbnail","6":"product_cat-beauty-oils","7":"product_cat-leonor-greyl","8":"product_tag-hair-care","9":"product_tag-leonor-greyl","10":"product_tag-oils","11":"desktop-align-center","12":"tablet-align-left","13":"mobile-align-left","14":"ast-product-gallery-layout-horizontal-slider","15":"ast-product-gallery-with-no-image","16":"ast-product-tabs-layout-horizontal","17":"ast-qv-on-image","19":"first","20":"instock","21":"virtual","22":"taxable","23":"purchasable","24":"product-type-simple"},"_links":{"self":[{"href":"https:\/\/faceology.net\/sq\/wp-json\/wp\/v2\/product\/212","targetHints":{"allow":["GET"]}}],"collection":[{"href":"https:\/\/faceology.net\/sq\/wp-json\/wp\/v2\/product"}],"about":[{"href":"https:\/\/faceology.net\/sq\/wp-json\/wp\/v2\/types\/product"}],"wp:featuredmedia":[{"embeddable":true,"href":"https:\/\/faceology.net\/sq\/wp-json\/wp\/v2\/media\/2635"}],"wp:attachment":[{"href":"https:\/\/faceology.net\/sq\/wp-json\/wp\/v2\/media?parent=212"}],"wp:term":[{"taxonomy":"product_brand","embeddable":true,"href":"https:\/\/faceology.net\/sq\/wp-json\/wp\/v2\/product_brand?post=212"},{"taxonomy":"product_cat","embeddable":true,"href":"https:\/\/faceology.net\/sq\/wp-json\/wp\/v2\/product_cat?post=212"},{"taxonomy":"product_tag","embeddable":true,"href":"https:\/\/faceology.net\/sq\/wp-json\/wp\/v2\/product_tag?post=212"}],"curies":[{"name":"wp","href":"https:\/\/api.w.org\/{rel}","templated":true}]}}