{"id":213,"date":"2020-02-11T21:17:47","date_gmt":"2020-02-11T21:17:47","guid":{"rendered":"https:\/\/faceology.net\/product\/rgnrescence-naturelle-essential-oils-for-scalp-stimulation\/"},"modified":"2026-02-17T18:49:10","modified_gmt":"2026-02-17T18:49:10","slug":"rgnrescence-naturelle-vajra-esenciale-per-stimulimin-e-skalpit","status":"publish","type":"product","link":"https:\/\/faceology.net\/sq\/product\/rgnrescence-naturelle-essential-oils-for-scalp-stimulation\/","title":{"rendered":"REGENERESCENCE NATURELLE"},"content":{"rendered":"<p>Jean-Marie Greyl vazhdoi studimin e tij p\u00ebr skalpet q\u00eb mungojn\u00eb n\u00eb l\u00ebnd\u00eb ushqyese, duke derdhur gjith\u00eb njohurin\u00eb dhe zot\u00ebrimin e tij t\u00eb vajrave n\u00eb k\u00ebt\u00eb produkt inovativ t\u00eb l\u00ebshuar n\u00eb 1994. Nj\u00eb koktej me vajra bimore dhe vajra esencial\u00eb t\u00eb nxjerr\u00eb nga frutat dhe lulet, R\u00e9g\u00e9n\u00e9rescence naturelle \u00ebsht\u00eb e para 100% p\u00ebrforcues natyral, i krijuar p\u00ebr t\u00eb rigjeneruar indet dhe p\u00ebr t\u00eb p\u00ebrmir\u00ebsuar ndjesh\u00ebm problemet q\u00eb lidhen me humbjen e flok\u00ebve. Nj\u00eb produkt i synuar, ekskluziv, i preferuari i v\u00ebrtet\u00eb i n\u00ebnave t\u00eb reja q\u00eb duan t\u00eb rivendosin bukurin\u00eb natyrore t\u00eb flok\u00ebve t\u00eb tyre pas shtat\u00ebzanis\u00eb ose nj\u00eb periudhe lodhjeje.<\/p>","protected":false},"excerpt":{"rendered":"<div class=\"translation-block\">\n<p>Vaj Stimulues dhe Pastrues i Skalpit<\/p><p> Nj\u00eb skalp i sh\u00ebndetsh\u00ebm \u00ebsht\u00eb \u00e7el\u00ebsi p\u00ebr flok\u00eb m\u00eb t\u00eb plot\u00eb dhe t\u00eb sh\u00ebndetsh\u00ebm. I formuluar p\u00ebr t\u00eb trajtuar \u00e7do gjendje t\u00eb kok\u00ebs dhe zona t\u00eb synuara t\u00eb r\u00ebnies s\u00eb flok\u00ebve, ky trajtim stimulues dhe pastrues \u00ebsht\u00eb formuluar me vajra esencial\u00eb dhe botanik\u00eb natyral\u00eb 100%, aminoacide dhe proteina q\u00eb ushqejn\u00eb, mbrojn\u00eb dhe inkurajojn\u00eb rritjen.<\/p>\n<\/div>","protected":false},"featured_media":2637,"template":"","meta":{"site-sidebar-layout":"default","site-content-layout":"","ast-site-content-layout":"default","site-content-style":"default","site-sidebar-style":"default","ast-global-header-display":"","ast-banner-title-visibility":"","ast-main-header-display":"","ast-hfb-above-header-display":"","ast-hfb-below-header-display":"","ast-hfb-mobile-header-display":"","site-post-title":"","ast-breadcrumbs-content":"","ast-featured-img":"","footer-sml-layout":"","ast-disable-related-posts":"","theme-transparent-header-meta":"","adv-header-id-meta":"","stick-header-meta":"","header-above-stick-meta":"","header-main-stick-meta":"","header-below-stick-meta":"","astra-migrate-meta-layouts":"default","ast-page-background-enabled":"default","ast-page-background-meta":{"desktop":{"background-color":"var(--ast-global-color-4)","background-image":"","background-repeat":"repeat","background-position":"center center","background-size":"auto","background-attachment":"scroll","background-type":"","background-media":"","overlay-type":"","overlay-color":"","overlay-opacity":"","overlay-gradient":""},"tablet":{"background-color":"","background-image":"","background-repeat":"repeat","background-position":"center center","background-size":"auto","background-attachment":"scroll","background-type":"","background-media":"","overlay-type":"","overlay-color":"","overlay-opacity":"","overlay-gradient":""},"mobile":{"background-color":"","background-image":"","background-repeat":"repeat","background-position":"center center","background-size":"auto","background-attachment":"scroll","background-type":"","background-media":"","overlay-type":"","overlay-color":"","overlay-opacity":"","overlay-gradient":""}},"ast-content-background-meta":{"desktop":{"background-color":"var(--ast-global-color-5)","background-image":"","background-repeat":"repeat","background-position":"center center","background-size":"auto","background-attachment":"scroll","background-type":"","background-media":"","overlay-type":"","overlay-color":"","overlay-opacity":"","overlay-gradient":""},"tablet":{"background-color":"var(--ast-global-color-5)","background-image":"","background-repeat":"repeat","background-position":"center center","background-size":"auto","background-attachment":"scroll","background-type":"","background-media":"","overlay-type":"","overlay-color":"","overlay-opacity":"","overlay-gradient":""},"mobile":{"background-color":"var(--ast-global-color-5)","background-image":"","background-repeat":"repeat","background-position":"center center","background-size":"auto","background-attachment":"scroll","background-type":"","background-media":"","overlay-type":"","overlay-color":"","overlay-opacity":"","overlay-gradient":""}}},"product_brand":[],"product_cat":[52,28],"product_tag":[48,46,53],"class_list":{"0":"post-213","1":"product","2":"type-product","3":"status-publish","4":"has-post-thumbnail","6":"product_cat-beauty-oils","7":"product_cat-leonor-greyl","8":"product_tag-hair-care","9":"product_tag-leonor-greyl","10":"product_tag-oils","11":"desktop-align-center","12":"tablet-align-left","13":"mobile-align-left","14":"ast-product-gallery-layout-horizontal-slider","15":"ast-product-gallery-with-no-image","16":"ast-product-tabs-layout-horizontal","17":"ast-qv-on-image","19":"first","20":"instock","21":"virtual","22":"taxable","23":"purchasable","24":"product-type-simple"},"_links":{"self":[{"href":"https:\/\/faceology.net\/sq\/wp-json\/wp\/v2\/product\/213","targetHints":{"allow":["GET"]}}],"collection":[{"href":"https:\/\/faceology.net\/sq\/wp-json\/wp\/v2\/product"}],"about":[{"href":"https:\/\/faceology.net\/sq\/wp-json\/wp\/v2\/types\/product"}],"wp:featuredmedia":[{"embeddable":true,"href":"https:\/\/faceology.net\/sq\/wp-json\/wp\/v2\/media\/2637"}],"wp:attachment":[{"href":"https:\/\/faceology.net\/sq\/wp-json\/wp\/v2\/media?parent=213"}],"wp:term":[{"taxonomy":"product_brand","embeddable":true,"href":"https:\/\/faceology.net\/sq\/wp-json\/wp\/v2\/product_brand?post=213"},{"taxonomy":"product_cat","embeddable":true,"href":"https:\/\/faceology.net\/sq\/wp-json\/wp\/v2\/product_cat?post=213"},{"taxonomy":"product_tag","embeddable":true,"href":"https:\/\/faceology.net\/sq\/wp-json\/wp\/v2\/product_tag?post=213"}],"curies":[{"name":"wp","href":"https:\/\/api.w.org\/{rel}","templated":true}]}}