{"id":214,"date":"2020-02-11T21:17:48","date_gmt":"2020-02-11T21:17:48","guid":{"rendered":"https:\/\/faceology.net\/product\/bain-ts-balancing-shampoo-for-oily-scalp-dry-ends\/"},"modified":"2026-02-17T18:49:10","modified_gmt":"2026-02-17T18:49:10","slug":"bain-ts-balancues-shampo-for-yly-scalp-try-funds","status":"publish","type":"product","link":"https:\/\/faceology.net\/sq\/product\/bain-ts-balancing-shampoo-for-oily-scalp-dry-ends\/","title":{"rendered":"BAIN TS"},"content":{"rendered":"<p>Nisur n\u00eb 1972, Bain TS ishte krijuar p\u00ebr t\u00eb ribalancuar skalpet vajore pa thar\u00eb floket. Kjo formul\u00eb ultra e but\u00eb varet nga ekstrakte me baz\u00eb bimore dhe shkoi kund\u00ebr tendencave t\u00eb kujdesit t\u00eb flok\u00ebve t\u00eb yndyrshme n\u00eb at\u00eb koh\u00eb, t\u00eb cilat i zhvesh\u00ebn flok\u00ebt para se t'i trajtojn\u00eb. N\u00eb zgjidhjen e tij p\u00ebr skalpet me vaj, Jean-Marie Greyl zgjodhi t\u00eb mos p\u00ebrdor\u00eb argjil\u00ebn n\u00eb shampon e tij, duke zgjedhur n\u00eb vend t\u00eb k\u00ebsaj fuqin\u00eb e bim\u00ebve t\u00eb tilla si sherebel, maja dhe pem\u00eb lime, t\u00eb gjitha k\u00ebto kan\u00eb efekte t\u00eb provuara n\u00eb prodhimin e sebum.<\/p>","protected":false},"excerpt":{"rendered":"<div class=\"translation-block\"><i id=\"product-subtitle-159\" class=\"product-subtitle subtitle-159\">Shampo balancuese p\u00ebr skalpin e yndyrsh\u00ebm dhe majat e thata<\/i> Kur skalpi juaj b\u00ebhet i \u00e7ekuilibruar, mund t\u00eb jet\u00eb e v\u00ebshtir\u00eb t\u00eb stiloheni dhe t\u00eb vazhdoni t\u00eb dukeni t\u00eb l\u00ebmuar. Ky shampo pastron dhe pastron yndyr\u00ebn n\u00eb rr\u00ebnj\u00eb, dhe n\u00eb t\u00eb nj\u00ebjt\u00ebn koh\u00eb ushqen dhe riparon skajet e thata. Vishjet e \u00e7aluara dhe t\u00eb pajet\u00eb do t\u00eb jen\u00eb menj\u00ebher\u00eb m\u00eb t\u00eb gjalla dhe m\u00eb t\u00eb menaxhueshme.<\/p>\n<\/div>","protected":false},"featured_media":2621,"template":"","meta":{"site-sidebar-layout":"default","site-content-layout":"","ast-site-content-layout":"default","site-content-style":"default","site-sidebar-style":"default","ast-global-header-display":"","ast-banner-title-visibility":"","ast-main-header-display":"","ast-hfb-above-header-display":"","ast-hfb-below-header-display":"","ast-hfb-mobile-header-display":"","site-post-title":"","ast-breadcrumbs-content":"","ast-featured-img":"","footer-sml-layout":"","ast-disable-related-posts":"","theme-transparent-header-meta":"","adv-header-id-meta":"","stick-header-meta":"","header-above-stick-meta":"","header-main-stick-meta":"","header-below-stick-meta":"","astra-migrate-meta-layouts":"default","ast-page-background-enabled":"default","ast-page-background-meta":{"desktop":{"background-color":"var(--ast-global-color-4)","background-image":"","background-repeat":"repeat","background-position":"center center","background-size":"auto","background-attachment":"scroll","background-type":"","background-media":"","overlay-type":"","overlay-color":"","overlay-opacity":"","overlay-gradient":""},"tablet":{"background-color":"","background-image":"","background-repeat":"repeat","background-position":"center center","background-size":"auto","background-attachment":"scroll","background-type":"","background-media":"","overlay-type":"","overlay-color":"","overlay-opacity":"","overlay-gradient":""},"mobile":{"background-color":"","background-image":"","background-repeat":"repeat","background-position":"center center","background-size":"auto","background-attachment":"scroll","background-type":"","background-media":"","overlay-type":"","overlay-color":"","overlay-opacity":"","overlay-gradient":""}},"ast-content-background-meta":{"desktop":{"background-color":"var(--ast-global-color-5)","background-image":"","background-repeat":"repeat","background-position":"center center","background-size":"auto","background-attachment":"scroll","background-type":"","background-media":"","overlay-type":"","overlay-color":"","overlay-opacity":"","overlay-gradient":""},"tablet":{"background-color":"var(--ast-global-color-5)","background-image":"","background-repeat":"repeat","background-position":"center center","background-size":"auto","background-attachment":"scroll","background-type":"","background-media":"","overlay-type":"","overlay-color":"","overlay-opacity":"","overlay-gradient":""},"mobile":{"background-color":"var(--ast-global-color-5)","background-image":"","background-repeat":"repeat","background-position":"center center","background-size":"auto","background-attachment":"scroll","background-type":"","background-media":"","overlay-type":"","overlay-color":"","overlay-opacity":"","overlay-gradient":""}}},"product_brand":[],"product_cat":[28,41],"product_tag":[48,46,49],"class_list":{"0":"post-214","1":"product","2":"type-product","3":"status-publish","4":"has-post-thumbnail","6":"product_cat-leonor-greyl","7":"product_cat-shampoos","8":"product_tag-hair-care","9":"product_tag-leonor-greyl","10":"product_tag-shampoos","11":"desktop-align-center","12":"tablet-align-left","13":"mobile-align-left","14":"ast-product-gallery-layout-horizontal-slider","15":"ast-product-gallery-with-no-image","16":"ast-product-tabs-layout-horizontal","17":"ast-qv-on-image","19":"first","20":"instock","21":"virtual","22":"taxable","23":"purchasable","24":"product-type-simple"},"_links":{"self":[{"href":"https:\/\/faceology.net\/sq\/wp-json\/wp\/v2\/product\/214","targetHints":{"allow":["GET"]}}],"collection":[{"href":"https:\/\/faceology.net\/sq\/wp-json\/wp\/v2\/product"}],"about":[{"href":"https:\/\/faceology.net\/sq\/wp-json\/wp\/v2\/types\/product"}],"wp:featuredmedia":[{"embeddable":true,"href":"https:\/\/faceology.net\/sq\/wp-json\/wp\/v2\/media\/2621"}],"wp:attachment":[{"href":"https:\/\/faceology.net\/sq\/wp-json\/wp\/v2\/media?parent=214"}],"wp:term":[{"taxonomy":"product_brand","embeddable":true,"href":"https:\/\/faceology.net\/sq\/wp-json\/wp\/v2\/product_brand?post=214"},{"taxonomy":"product_cat","embeddable":true,"href":"https:\/\/faceology.net\/sq\/wp-json\/wp\/v2\/product_cat?post=214"},{"taxonomy":"product_tag","embeddable":true,"href":"https:\/\/faceology.net\/sq\/wp-json\/wp\/v2\/product_tag?post=214"}],"curies":[{"name":"wp","href":"https:\/\/api.w.org\/{rel}","templated":true}]}}