{"id":217,"date":"2020-02-11T21:17:48","date_gmt":"2020-02-11T21:17:48","guid":{"rendered":"https:\/\/faceology.net\/product\/mousse-bebe-fleurs-doranger-baby-hair-and-body-cleansing-mousse\/"},"modified":"2026-02-17T18:49:10","modified_gmt":"2026-02-17T18:49:10","slug":"shkume-per-pastrimin-e-flokeve-dhe-trupit-per-femije","status":"publish","type":"product","link":"https:\/\/faceology.net\/sq\/product\/mousse-bebe-fleurs-doranger-baby-hair-and-body-cleansing-mousse\/","title":{"rendered":"MOUSSE DOUCEUR FLEURS D&#039;ORANGER"},"content":{"rendered":"<p>Lindja e an\u00ebtarit m\u00eb t\u00eb ri t\u00eb familjes Greyl, Gabriel (djali i Caroline dhe Tom) ishte nj\u00eb rast q\u00eb meritonte t\u00eb p\u00ebrkujtohej me l\u00ebshimet m\u00eb t\u00eb \u00ebmbla t\u00eb produkteve t\u00eb reja. Ideja e nj\u00eb mousse kishte qen\u00eb n\u00eb libra p\u00ebr nj\u00eb koh\u00eb, por formulimi i nj\u00eb mousse me p\u00ebrb\u00ebr\u00ebs natyral\u00eb nuk kishte akoma asgj\u00eb konkrete. N\u00eb 2005, hulumtimi u bashkua n\u00eb Mousse Douceur Fleurs d\u2019Oranger. Nj\u00eb shkume e mrekullueshme, e rafinuar p\u00ebr larjen e bebeve nga koka tek gisht\u00ebrinjt\u00eb, duke l\u00ebn\u00eb pas mbi vete l\u00ebkur\u00ebn e arom\u00ebs delikate t\u00eb lul\u00ebzimit t\u00eb portokallit.<\/p>","protected":false},"excerpt":{"rendered":"<div class=\"translation-block\">\n<p>Shampo p\u00ebr f\u00ebmij\u00eb p\u00ebr flok\u00eb dhe trup<\/p><p> Nj\u00eb shkum\u00eb e mrekullueshme, shkum\u00eb e rafinuar p\u00ebr larjen e foshnjave nga koka te k\u00ebmb\u00ebt, duke l\u00ebn\u00eb pas arom\u00ebn delikate t\u00eb luleve t\u00eb portokallit n\u00eb l\u00ebkur\u00eb. Ky lar\u00ebs \u00ebsht\u00eb i but\u00eb dhe hipoallergjik i formuluar me manushaqe t\u00eb egra p\u00ebr nj\u00eb prekje t\u00eb but\u00eb t\u00eb m\u00ebndafsht\u00eb.<\/p>\n<\/div>","protected":false},"featured_media":2627,"template":"","meta":{"site-sidebar-layout":"default","site-content-layout":"","ast-site-content-layout":"default","site-content-style":"default","site-sidebar-style":"default","ast-global-header-display":"","ast-banner-title-visibility":"","ast-main-header-display":"","ast-hfb-above-header-display":"","ast-hfb-below-header-display":"","ast-hfb-mobile-header-display":"","site-post-title":"","ast-breadcrumbs-content":"","ast-featured-img":"","footer-sml-layout":"","ast-disable-related-posts":"","theme-transparent-header-meta":"","adv-header-id-meta":"","stick-header-meta":"","header-above-stick-meta":"","header-main-stick-meta":"","header-below-stick-meta":"","astra-migrate-meta-layouts":"default","ast-page-background-enabled":"default","ast-page-background-meta":{"desktop":{"background-color":"var(--ast-global-color-4)","background-image":"","background-repeat":"repeat","background-position":"center center","background-size":"auto","background-attachment":"scroll","background-type":"","background-media":"","overlay-type":"","overlay-color":"","overlay-opacity":"","overlay-gradient":""},"tablet":{"background-color":"","background-image":"","background-repeat":"repeat","background-position":"center center","background-size":"auto","background-attachment":"scroll","background-type":"","background-media":"","overlay-type":"","overlay-color":"","overlay-opacity":"","overlay-gradient":""},"mobile":{"background-color":"","background-image":"","background-repeat":"repeat","background-position":"center center","background-size":"auto","background-attachment":"scroll","background-type":"","background-media":"","overlay-type":"","overlay-color":"","overlay-opacity":"","overlay-gradient":""}},"ast-content-background-meta":{"desktop":{"background-color":"var(--ast-global-color-5)","background-image":"","background-repeat":"repeat","background-position":"center center","background-size":"auto","background-attachment":"scroll","background-type":"","background-media":"","overlay-type":"","overlay-color":"","overlay-opacity":"","overlay-gradient":""},"tablet":{"background-color":"var(--ast-global-color-5)","background-image":"","background-repeat":"repeat","background-position":"center center","background-size":"auto","background-attachment":"scroll","background-type":"","background-media":"","overlay-type":"","overlay-color":"","overlay-opacity":"","overlay-gradient":""},"mobile":{"background-color":"var(--ast-global-color-5)","background-image":"","background-repeat":"repeat","background-position":"center center","background-size":"auto","background-attachment":"scroll","background-type":"","background-media":"","overlay-type":"","overlay-color":"","overlay-opacity":"","overlay-gradient":""}}},"product_brand":[],"product_cat":[28,41],"product_tag":[51,50,48,46,49],"class_list":{"0":"post-217","1":"product","2":"type-product","3":"status-publish","4":"has-post-thumbnail","6":"product_cat-leonor-greyl","7":"product_cat-shampoos","8":"product_tag-baby-shampoo","9":"product_tag-body-care","10":"product_tag-hair-care","11":"product_tag-leonor-greyl","12":"product_tag-shampoos","13":"desktop-align-center","14":"tablet-align-left","15":"mobile-align-left","16":"ast-product-gallery-layout-horizontal-slider","17":"ast-product-gallery-with-no-image","18":"ast-product-tabs-layout-horizontal","19":"ast-qv-on-image","21":"first","22":"instock","23":"taxable","24":"shipping-taxable","25":"purchasable","26":"product-type-simple"},"_links":{"self":[{"href":"https:\/\/faceology.net\/sq\/wp-json\/wp\/v2\/product\/217","targetHints":{"allow":["GET"]}}],"collection":[{"href":"https:\/\/faceology.net\/sq\/wp-json\/wp\/v2\/product"}],"about":[{"href":"https:\/\/faceology.net\/sq\/wp-json\/wp\/v2\/types\/product"}],"wp:featuredmedia":[{"embeddable":true,"href":"https:\/\/faceology.net\/sq\/wp-json\/wp\/v2\/media\/2627"}],"wp:attachment":[{"href":"https:\/\/faceology.net\/sq\/wp-json\/wp\/v2\/media?parent=217"}],"wp:term":[{"taxonomy":"product_brand","embeddable":true,"href":"https:\/\/faceology.net\/sq\/wp-json\/wp\/v2\/product_brand?post=217"},{"taxonomy":"product_cat","embeddable":true,"href":"https:\/\/faceology.net\/sq\/wp-json\/wp\/v2\/product_cat?post=217"},{"taxonomy":"product_tag","embeddable":true,"href":"https:\/\/faceology.net\/sq\/wp-json\/wp\/v2\/product_tag?post=217"}],"curies":[{"name":"wp","href":"https:\/\/api.w.org\/{rel}","templated":true}]}}