{"id":218,"date":"2020-02-11T21:17:48","date_gmt":"2020-02-11T21:17:48","guid":{"rendered":"https:\/\/faceology.net\/product\/shampooing-sublime-meches-shampoo-for-hilighted-hair\/"},"modified":"2026-02-17T18:49:10","modified_gmt":"2026-02-17T18:49:10","slug":"shampo-sublime-meches-shampo-per-floke-te-theksuar","status":"publish","type":"product","link":"https:\/\/faceology.net\/sq\/product\/shampooing-sublime-meches-shampoo-for-hilighted-hair\/","title":{"rendered":"SHAMPON MECHES SUBLIME"},"content":{"rendered":"<p>N\u00eb vitin 2014, Leonor Greyl u t\u00ebrhoq n\u00eb ekspertiz\u00ebn e saj p\u00ebr t\u00eb krijuar nj\u00eb produkt t\u00eb synuar p\u00ebr t\u00eb p\u00ebrmbushur nevojat specifike t\u00eb flok\u00ebve t\u00eb hijezuara: mbron fijet dhe mban hijezimet duke i bere floket rrezatuese. Nj\u00eb formul\u00eb inovative, pa sulfate dhe  pa gluten trajton t\u00eb dy sfidat. Ekstraktet e saj quinoa dhe kel t\u00eb detit fituan \u00e7mimet e shampos dhe e shnd\u00ebrruan at\u00eb n\u00eb nj\u00eb  domosdoshmeri p\u00ebr plot\u00ebsimin e flok\u00ebve t\u00eb shurdh\u00ebr ose t\u00eb d\u00ebmtuar.<\/p>","protected":false},"excerpt":{"rendered":"<div class=\"translation-block\">\n<p>Shampo p\u00ebr flok\u00eb t\u00eb theksuar<\/p><p> Treshat e dob\u00ebta dhe t\u00eb brishta nga nxjerrja n\u00eb pah? Ky shampo specialiteti \u00ebsht\u00eb projektuar p\u00ebr t\u00eb qet\u00ebsuar nj\u00eb skalp t\u00eb sensibilizuar dhe p\u00ebr t\u00eb ringjallur shk\u00eblqimin natyral t\u00eb flok\u00ebve tuaj. Lakra ushqyese e detit, proteina quinoa pa gluten dhe ekstraktet e amarantit premtojn\u00eb nj\u00eb pamje me shk\u00eblqim dhe t\u00eb sh\u00ebndetsh\u00ebm q\u00eb zgjat.<\/p>\n<\/div>","protected":false},"featured_media":2625,"template":"","meta":{"site-sidebar-layout":"default","site-content-layout":"","ast-site-content-layout":"default","site-content-style":"default","site-sidebar-style":"default","ast-global-header-display":"","ast-banner-title-visibility":"","ast-main-header-display":"","ast-hfb-above-header-display":"","ast-hfb-below-header-display":"","ast-hfb-mobile-header-display":"","site-post-title":"","ast-breadcrumbs-content":"","ast-featured-img":"","footer-sml-layout":"","ast-disable-related-posts":"","theme-transparent-header-meta":"","adv-header-id-meta":"","stick-header-meta":"","header-above-stick-meta":"","header-main-stick-meta":"","header-below-stick-meta":"","astra-migrate-meta-layouts":"default","ast-page-background-enabled":"default","ast-page-background-meta":{"desktop":{"background-color":"var(--ast-global-color-4)","background-image":"","background-repeat":"repeat","background-position":"center center","background-size":"auto","background-attachment":"scroll","background-type":"","background-media":"","overlay-type":"","overlay-color":"","overlay-opacity":"","overlay-gradient":""},"tablet":{"background-color":"","background-image":"","background-repeat":"repeat","background-position":"center center","background-size":"auto","background-attachment":"scroll","background-type":"","background-media":"","overlay-type":"","overlay-color":"","overlay-opacity":"","overlay-gradient":""},"mobile":{"background-color":"","background-image":"","background-repeat":"repeat","background-position":"center center","background-size":"auto","background-attachment":"scroll","background-type":"","background-media":"","overlay-type":"","overlay-color":"","overlay-opacity":"","overlay-gradient":""}},"ast-content-background-meta":{"desktop":{"background-color":"var(--ast-global-color-5)","background-image":"","background-repeat":"repeat","background-position":"center center","background-size":"auto","background-attachment":"scroll","background-type":"","background-media":"","overlay-type":"","overlay-color":"","overlay-opacity":"","overlay-gradient":""},"tablet":{"background-color":"var(--ast-global-color-5)","background-image":"","background-repeat":"repeat","background-position":"center center","background-size":"auto","background-attachment":"scroll","background-type":"","background-media":"","overlay-type":"","overlay-color":"","overlay-opacity":"","overlay-gradient":""},"mobile":{"background-color":"var(--ast-global-color-5)","background-image":"","background-repeat":"repeat","background-position":"center center","background-size":"auto","background-attachment":"scroll","background-type":"","background-media":"","overlay-type":"","overlay-color":"","overlay-opacity":"","overlay-gradient":""}}},"product_brand":[],"product_cat":[28,41],"product_tag":[48,46,49],"class_list":{"0":"post-218","1":"product","2":"type-product","3":"status-publish","4":"has-post-thumbnail","6":"product_cat-leonor-greyl","7":"product_cat-shampoos","8":"product_tag-hair-care","9":"product_tag-leonor-greyl","10":"product_tag-shampoos","11":"desktop-align-center","12":"tablet-align-left","13":"mobile-align-left","14":"ast-product-gallery-layout-horizontal-slider","15":"ast-product-gallery-with-no-image","16":"ast-product-tabs-layout-horizontal","17":"ast-qv-on-image","19":"first","20":"instock","21":"virtual","22":"taxable","23":"purchasable","24":"product-type-simple"},"_links":{"self":[{"href":"https:\/\/faceology.net\/sq\/wp-json\/wp\/v2\/product\/218","targetHints":{"allow":["GET"]}}],"collection":[{"href":"https:\/\/faceology.net\/sq\/wp-json\/wp\/v2\/product"}],"about":[{"href":"https:\/\/faceology.net\/sq\/wp-json\/wp\/v2\/types\/product"}],"wp:featuredmedia":[{"embeddable":true,"href":"https:\/\/faceology.net\/sq\/wp-json\/wp\/v2\/media\/2625"}],"wp:attachment":[{"href":"https:\/\/faceology.net\/sq\/wp-json\/wp\/v2\/media?parent=218"}],"wp:term":[{"taxonomy":"product_brand","embeddable":true,"href":"https:\/\/faceology.net\/sq\/wp-json\/wp\/v2\/product_brand?post=218"},{"taxonomy":"product_cat","embeddable":true,"href":"https:\/\/faceology.net\/sq\/wp-json\/wp\/v2\/product_cat?post=218"},{"taxonomy":"product_tag","embeddable":true,"href":"https:\/\/faceology.net\/sq\/wp-json\/wp\/v2\/product_tag?post=218"}],"curies":[{"name":"wp","href":"https:\/\/api.w.org\/{rel}","templated":true}]}}