{"id":219,"date":"2020-02-11T21:17:48","date_gmt":"2020-02-11T21:17:48","guid":{"rendered":"https:\/\/faceology.net\/product\/bain-restructurant-la-banane-shampoo-for-permed-and-natural-curly-hair\/"},"modified":"2026-02-17T18:49:10","modified_gmt":"2026-02-17T18:49:10","slug":"bain-restructurant-la-banane-shampo-for-permed-and-natural-floket-kacurrela","status":"publish","type":"product","link":"https:\/\/faceology.net\/sq\/product\/bain-restructurant-la-banane-shampoo-for-permed-and-natural-curly-hair\/","title":{"rendered":"BAIN RESTRUCTURANT A LA BANANE"},"content":{"rendered":"<p>Krijuar n\u00eb 1982, Bain Reststrucurant ishte shampoja e par\u00eb q\u00eb adresonte problemet e flok\u00ebve t\u00eb stilizuar. Nj\u00eb prirje e madhe n\u00eb at\u00eb koh\u00eb, flok\u00ebt e d\u00ebmtuara nga stilizimi ishin t\u00eb v\u00ebshtira p\u00ebr t'u kujdesur n\u00eb sht\u00ebpi. Jean-Marie Greyl shikoi n\u00eb nj\u00eb zgjidhje p\u00ebr t\u00eb pastruar but\u00ebsisht flok\u00ebt duke mbrojtur fryrjen dhe ka\u00e7urrelat. P\u00ebrgjigja ishte sapuni i bananez\u00ebs p\u00ebr t\u00eb krijuar p\u00ebrkufizim dhe form\u00eb, t\u00eb cil\u00ebn ai \u00e7iftoi me proteina bimore p\u00ebr t\u00eb mbrojtur dhe forcuar flok\u00ebt. Q\u00eb nga ajo koh\u00eb, Bain Reststrucurant \u00ebsht\u00eb b\u00ebr\u00eb nj\u00eb preferuar i v\u00ebrtet\u00eb p\u00ebr flok\u00ebt ka\u00e7urrel\u00eb q\u00eb mungojn\u00eb n\u00eb but\u00ebsi dhe ton.<\/p>","protected":false},"excerpt":{"rendered":"<div class=\"translation-block\"><i id=\"product-subtitle-371\" class=\"product-subtitle subtitle-371\">Shampo volumizuese p\u00ebr flok\u00eb ka\u00e7urrela<\/i> Pavar\u00ebsisht n\u00ebse keni mb\u00ebshtjellje apo val\u00ebzime, kjo shampo ristrukturuese rikthen gjall\u00ebrin\u00eb n\u00eb \u00e7do lloj ka\u00e7urrela. Me formul\u00ebn e tij tep\u00ebr t\u00eb leht\u00eb q\u00eb \u00ebsht\u00eb pasuruar me ekstrakt delli, zbut dhe ushqen, duke l\u00ebn\u00eb pas nj\u00eb arom\u00eb t\u00eb dob\u00ebt dhe t\u00eb \u00ebmb\u00ebl.<\/p>\n<\/div>","protected":false},"featured_media":2623,"template":"","meta":{"site-sidebar-layout":"default","site-content-layout":"","ast-site-content-layout":"default","site-content-style":"default","site-sidebar-style":"default","ast-global-header-display":"","ast-banner-title-visibility":"","ast-main-header-display":"","ast-hfb-above-header-display":"","ast-hfb-below-header-display":"","ast-hfb-mobile-header-display":"","site-post-title":"","ast-breadcrumbs-content":"","ast-featured-img":"","footer-sml-layout":"","ast-disable-related-posts":"","theme-transparent-header-meta":"","adv-header-id-meta":"","stick-header-meta":"","header-above-stick-meta":"","header-main-stick-meta":"","header-below-stick-meta":"","astra-migrate-meta-layouts":"default","ast-page-background-enabled":"default","ast-page-background-meta":{"desktop":{"background-color":"var(--ast-global-color-4)","background-image":"","background-repeat":"repeat","background-position":"center center","background-size":"auto","background-attachment":"scroll","background-type":"","background-media":"","overlay-type":"","overlay-color":"","overlay-opacity":"","overlay-gradient":""},"tablet":{"background-color":"","background-image":"","background-repeat":"repeat","background-position":"center center","background-size":"auto","background-attachment":"scroll","background-type":"","background-media":"","overlay-type":"","overlay-color":"","overlay-opacity":"","overlay-gradient":""},"mobile":{"background-color":"","background-image":"","background-repeat":"repeat","background-position":"center center","background-size":"auto","background-attachment":"scroll","background-type":"","background-media":"","overlay-type":"","overlay-color":"","overlay-opacity":"","overlay-gradient":""}},"ast-content-background-meta":{"desktop":{"background-color":"var(--ast-global-color-5)","background-image":"","background-repeat":"repeat","background-position":"center center","background-size":"auto","background-attachment":"scroll","background-type":"","background-media":"","overlay-type":"","overlay-color":"","overlay-opacity":"","overlay-gradient":""},"tablet":{"background-color":"var(--ast-global-color-5)","background-image":"","background-repeat":"repeat","background-position":"center center","background-size":"auto","background-attachment":"scroll","background-type":"","background-media":"","overlay-type":"","overlay-color":"","overlay-opacity":"","overlay-gradient":""},"mobile":{"background-color":"var(--ast-global-color-5)","background-image":"","background-repeat":"repeat","background-position":"center center","background-size":"auto","background-attachment":"scroll","background-type":"","background-media":"","overlay-type":"","overlay-color":"","overlay-opacity":"","overlay-gradient":""}}},"product_brand":[],"product_cat":[28,41],"product_tag":[48,46,49],"class_list":{"0":"post-219","1":"product","2":"type-product","3":"status-publish","4":"has-post-thumbnail","6":"product_cat-leonor-greyl","7":"product_cat-shampoos","8":"product_tag-hair-care","9":"product_tag-leonor-greyl","10":"product_tag-shampoos","11":"desktop-align-center","12":"tablet-align-left","13":"mobile-align-left","14":"ast-product-gallery-layout-horizontal-slider","15":"ast-product-gallery-with-no-image","16":"ast-product-tabs-layout-horizontal","17":"ast-qv-on-image","19":"first","20":"instock","21":"virtual","22":"taxable","23":"purchasable","24":"product-type-simple"},"_links":{"self":[{"href":"https:\/\/faceology.net\/sq\/wp-json\/wp\/v2\/product\/219","targetHints":{"allow":["GET"]}}],"collection":[{"href":"https:\/\/faceology.net\/sq\/wp-json\/wp\/v2\/product"}],"about":[{"href":"https:\/\/faceology.net\/sq\/wp-json\/wp\/v2\/types\/product"}],"wp:featuredmedia":[{"embeddable":true,"href":"https:\/\/faceology.net\/sq\/wp-json\/wp\/v2\/media\/2623"}],"wp:attachment":[{"href":"https:\/\/faceology.net\/sq\/wp-json\/wp\/v2\/media?parent=219"}],"wp:term":[{"taxonomy":"product_brand","embeddable":true,"href":"https:\/\/faceology.net\/sq\/wp-json\/wp\/v2\/product_brand?post=219"},{"taxonomy":"product_cat","embeddable":true,"href":"https:\/\/faceology.net\/sq\/wp-json\/wp\/v2\/product_cat?post=219"},{"taxonomy":"product_tag","embeddable":true,"href":"https:\/\/faceology.net\/sq\/wp-json\/wp\/v2\/product_tag?post=219"}],"curies":[{"name":"wp","href":"https:\/\/api.w.org\/{rel}","templated":true}]}}