{"id":221,"date":"2020-02-11T21:17:48","date_gmt":"2020-02-11T21:17:48","guid":{"rendered":"https:\/\/faceology.net\/product\/bain-volumateur-aux-algues-specific-conditionning-shampoo-for-thin-and-limp-hair\/"},"modified":"2026-02-17T18:49:10","modified_gmt":"2026-02-17T18:49:10","slug":"bain-volumateur-aux-algues-specific-conditionning-shampo-for-thin-and-limp-floe","status":"publish","type":"product","link":"https:\/\/faceology.net\/sq\/product\/bain-volumateur-aux-algues-specific-conditionning-shampoo-for-thin-and-limp-hair\/","title":{"rendered":"BAIN VOLUMATEUR AUX ALGUES"},"content":{"rendered":"<p>Zhvilluar n\u00eb vitin 2003, Bain Volumateur aux Algues u formulua posa\u00e7\u00ebrisht p\u00ebr t\u00eb krijuar v\u00ebllim dhe p\u00ebr t\u00eb b\u00ebr\u00eb m\u00eb t\u00eb leht\u00eb shthurjen. Konsumator\u00ebt me flok\u00eb t\u00eb gjat\u00eb dhe t\u00eb holl\u00eb shpesh detyroheshin t\u00eb zgjidhnin midis v\u00ebllimit dhe but\u00ebsis\u00eb, pavar\u00ebsisht se flok\u00ebt ishin t\u00eb v\u00ebshtir\u00eb t\u00eb shthureshin pasi t\u00eb p\u00ebrdornin nj\u00eb shampo volumizuese, dhe u peshuan posht\u00eb pas nj\u00eb mask\u00eb kondicionimi. Duke u mb\u00ebshtetur n\u00eb ekstraktin e detit p\u00ebr t\u00eb krijuar nj\u00eb l\u00ebmueshm\u00ebri dhe mb\u00ebshtetje, Leonor Greyl zgjidhte problemin p\u00ebr flok\u00ebt e gjat\u00eb q\u00eb nuk kan\u00eb v\u00ebllim, duke e b\u00ebr\u00eb jet\u00ebn m\u00eb t\u00eb leht\u00eb p\u00ebr klient\u00ebt me k\u00ebt\u00eb produkt 2-n\u00eb-1 q\u00eb mohon nevoj\u00ebn p\u00ebr kondicioner.<\/p>","protected":false},"excerpt":{"rendered":"<div class=\"translation-block\">Shampo volumizuese me veti zbut\u00ebse Formuluar p\u00ebr t\u00eb shtuar forc\u00ebn, trupin dhe v\u00ebllimin nga rr\u00ebnja n\u00eb maj\u00eb, \u00ebsht\u00eb pasuruar me ekstrakt hidratues alga deti dhe proteina gruri p\u00ebr t\u00eb forcuar dhe mbrojtur. Shkum\u00eb p\u00ebr t\u00eb zbuluar flok\u00ebt me pamje m\u00eb t\u00eb sh\u00ebndetshme pas vet\u00ebm nj\u00eb larjeje.<\/p>\n<\/div>","protected":false},"featured_media":2619,"template":"","meta":{"site-sidebar-layout":"default","site-content-layout":"","ast-site-content-layout":"default","site-content-style":"default","site-sidebar-style":"default","ast-global-header-display":"","ast-banner-title-visibility":"","ast-main-header-display":"","ast-hfb-above-header-display":"","ast-hfb-below-header-display":"","ast-hfb-mobile-header-display":"","site-post-title":"","ast-breadcrumbs-content":"","ast-featured-img":"","footer-sml-layout":"","ast-disable-related-posts":"","theme-transparent-header-meta":"","adv-header-id-meta":"","stick-header-meta":"","header-above-stick-meta":"","header-main-stick-meta":"","header-below-stick-meta":"","astra-migrate-meta-layouts":"default","ast-page-background-enabled":"default","ast-page-background-meta":{"desktop":{"background-color":"var(--ast-global-color-4)","background-image":"","background-repeat":"repeat","background-position":"center center","background-size":"auto","background-attachment":"scroll","background-type":"","background-media":"","overlay-type":"","overlay-color":"","overlay-opacity":"","overlay-gradient":""},"tablet":{"background-color":"","background-image":"","background-repeat":"repeat","background-position":"center center","background-size":"auto","background-attachment":"scroll","background-type":"","background-media":"","overlay-type":"","overlay-color":"","overlay-opacity":"","overlay-gradient":""},"mobile":{"background-color":"","background-image":"","background-repeat":"repeat","background-position":"center center","background-size":"auto","background-attachment":"scroll","background-type":"","background-media":"","overlay-type":"","overlay-color":"","overlay-opacity":"","overlay-gradient":""}},"ast-content-background-meta":{"desktop":{"background-color":"var(--ast-global-color-5)","background-image":"","background-repeat":"repeat","background-position":"center center","background-size":"auto","background-attachment":"scroll","background-type":"","background-media":"","overlay-type":"","overlay-color":"","overlay-opacity":"","overlay-gradient":""},"tablet":{"background-color":"var(--ast-global-color-5)","background-image":"","background-repeat":"repeat","background-position":"center center","background-size":"auto","background-attachment":"scroll","background-type":"","background-media":"","overlay-type":"","overlay-color":"","overlay-opacity":"","overlay-gradient":""},"mobile":{"background-color":"var(--ast-global-color-5)","background-image":"","background-repeat":"repeat","background-position":"center center","background-size":"auto","background-attachment":"scroll","background-type":"","background-media":"","overlay-type":"","overlay-color":"","overlay-opacity":"","overlay-gradient":""}}},"product_brand":[],"product_cat":[28,41],"product_tag":[48,46,49],"class_list":{"0":"post-221","1":"product","2":"type-product","3":"status-publish","4":"has-post-thumbnail","6":"product_cat-leonor-greyl","7":"product_cat-shampoos","8":"product_tag-hair-care","9":"product_tag-leonor-greyl","10":"product_tag-shampoos","11":"desktop-align-center","12":"tablet-align-left","13":"mobile-align-left","14":"ast-product-gallery-layout-horizontal-slider","15":"ast-product-gallery-with-no-image","16":"ast-product-tabs-layout-horizontal","17":"ast-qv-on-image","19":"first","20":"instock","21":"virtual","22":"taxable","23":"purchasable","24":"product-type-simple"},"_links":{"self":[{"href":"https:\/\/faceology.net\/sq\/wp-json\/wp\/v2\/product\/221","targetHints":{"allow":["GET"]}}],"collection":[{"href":"https:\/\/faceology.net\/sq\/wp-json\/wp\/v2\/product"}],"about":[{"href":"https:\/\/faceology.net\/sq\/wp-json\/wp\/v2\/types\/product"}],"wp:featuredmedia":[{"embeddable":true,"href":"https:\/\/faceology.net\/sq\/wp-json\/wp\/v2\/media\/2619"}],"wp:attachment":[{"href":"https:\/\/faceology.net\/sq\/wp-json\/wp\/v2\/media?parent=221"}],"wp:term":[{"taxonomy":"product_brand","embeddable":true,"href":"https:\/\/faceology.net\/sq\/wp-json\/wp\/v2\/product_brand?post=221"},{"taxonomy":"product_cat","embeddable":true,"href":"https:\/\/faceology.net\/sq\/wp-json\/wp\/v2\/product_cat?post=221"},{"taxonomy":"product_tag","embeddable":true,"href":"https:\/\/faceology.net\/sq\/wp-json\/wp\/v2\/product_tag?post=221"}],"curies":[{"name":"wp","href":"https:\/\/api.w.org\/{rel}","templated":true}]}}