{"id":222,"date":"2020-02-11T21:17:48","date_gmt":"2020-02-11T21:17:48","guid":{"rendered":"https:\/\/faceology.net\/product\/sh-moelle-de-bambou-shampoo-conditioner-for-long-hair-dry-ends\/"},"modified":"2026-02-17T18:49:10","modified_gmt":"2026-02-17T18:49:10","slug":"sh-moelle-de-bambou-shampo-kondicioner-per-majat-floke-te-gjate-thahur","status":"publish","type":"product","link":"https:\/\/faceology.net\/sq\/product\/sh-moelle-de-bambou-shampoo-conditioner-for-long-hair-dry-ends\/","title":{"rendered":"SHAMPON CREME MOELLE DE BAMBOU"},"content":{"rendered":"<p>I ulur n\u00eb kopshtin e tij n\u00eb Paris, n\u00eb 1997, Jean-Marie Greyl vuri re se rr\u00ebnj\u00ebt e nj\u00ebr\u00ebs nga bim\u00ebt e tij me bambu po rriteshin horizontalisht, duke u p\u00ebrhapur n\u00ebp\u00ebr bim\u00ebt fqinje. Duke hedhur nj\u00eb v\u00ebshtrim nga af\u00ebr, ai kuptoi se sa e fort\u00eb dhe e shpejt\u00eb \u00ebsht\u00eb kjo bim\u00eb. Ai vendosi t\u00eb nxjerr\u00eb far\u00ebn e tij p\u00ebr t\u00eb shtuar nj\u00eb shampo ushqyese p\u00ebr riparimin e gjat\u00ebsis\u00eb dhe skajeve t\u00eb d\u00ebmtuara. U b\u00eb nj\u00eb produkt i domosdosh\u00ebm p\u00ebr flok\u00ebt e that\u00eb dhe ishte shampoja e par\u00eb q\u00eb u krijua posa\u00e7\u00ebrisht p\u00ebr menaxhimin e flok\u00ebve t\u00eb gjat\u00eb.<\/p>","protected":false},"excerpt":{"rendered":"<div class=\"translation-block\">\n<p>Shampo ushqyese p\u00ebr flok\u00eb t\u00eb that\u00eb, t\u00eb trash\u00eb ose t\u00eb dredhur<\/p><p> Flok\u00ebt m\u00eb t\u00eb gjat\u00eb kan\u00eb nevoj\u00eb p\u00ebr TLC shtes\u00eb pasi majat mund t\u00eb b\u00ebhen t\u00eb thata dhe t\u00eb prirura p\u00ebr t&#039;u \u00e7ar\u00eb. Kjo shampo restauruese \u00ebsht\u00eb e mbushur me proteina m\u00ebndafshi riparuese dhe ushqyese s\u00eb bashku me ekstrakte bambuje. K\u00ebto ekstrakte ofrojn\u00eb vajra esencial\u00eb, lipide dhe vitamina, duke i l\u00ebn\u00eb flok\u00ebt t\u00eb but\u00eb, me shk\u00eblqim dhe t\u00eb menaxhuesh\u00ebm.<\/p>\n<\/div>","protected":false},"featured_media":2617,"template":"","meta":{"site-sidebar-layout":"default","site-content-layout":"","ast-site-content-layout":"default","site-content-style":"default","site-sidebar-style":"default","ast-global-header-display":"","ast-banner-title-visibility":"","ast-main-header-display":"","ast-hfb-above-header-display":"","ast-hfb-below-header-display":"","ast-hfb-mobile-header-display":"","site-post-title":"","ast-breadcrumbs-content":"","ast-featured-img":"","footer-sml-layout":"","ast-disable-related-posts":"","theme-transparent-header-meta":"","adv-header-id-meta":"","stick-header-meta":"","header-above-stick-meta":"","header-main-stick-meta":"","header-below-stick-meta":"","astra-migrate-meta-layouts":"default","ast-page-background-enabled":"default","ast-page-background-meta":{"desktop":{"background-color":"var(--ast-global-color-4)","background-image":"","background-repeat":"repeat","background-position":"center center","background-size":"auto","background-attachment":"scroll","background-type":"","background-media":"","overlay-type":"","overlay-color":"","overlay-opacity":"","overlay-gradient":""},"tablet":{"background-color":"","background-image":"","background-repeat":"repeat","background-position":"center center","background-size":"auto","background-attachment":"scroll","background-type":"","background-media":"","overlay-type":"","overlay-color":"","overlay-opacity":"","overlay-gradient":""},"mobile":{"background-color":"","background-image":"","background-repeat":"repeat","background-position":"center center","background-size":"auto","background-attachment":"scroll","background-type":"","background-media":"","overlay-type":"","overlay-color":"","overlay-opacity":"","overlay-gradient":""}},"ast-content-background-meta":{"desktop":{"background-color":"var(--ast-global-color-5)","background-image":"","background-repeat":"repeat","background-position":"center center","background-size":"auto","background-attachment":"scroll","background-type":"","background-media":"","overlay-type":"","overlay-color":"","overlay-opacity":"","overlay-gradient":""},"tablet":{"background-color":"var(--ast-global-color-5)","background-image":"","background-repeat":"repeat","background-position":"center center","background-size":"auto","background-attachment":"scroll","background-type":"","background-media":"","overlay-type":"","overlay-color":"","overlay-opacity":"","overlay-gradient":""},"mobile":{"background-color":"var(--ast-global-color-5)","background-image":"","background-repeat":"repeat","background-position":"center center","background-size":"auto","background-attachment":"scroll","background-type":"","background-media":"","overlay-type":"","overlay-color":"","overlay-opacity":"","overlay-gradient":""}}},"product_brand":[],"product_cat":[28,41],"product_tag":[48,46,49],"class_list":{"0":"post-222","1":"product","2":"type-product","3":"status-publish","4":"has-post-thumbnail","6":"product_cat-leonor-greyl","7":"product_cat-shampoos","8":"product_tag-hair-care","9":"product_tag-leonor-greyl","10":"product_tag-shampoos","11":"desktop-align-center","12":"tablet-align-left","13":"mobile-align-left","14":"ast-product-gallery-layout-horizontal-slider","15":"ast-product-gallery-with-no-image","16":"ast-product-tabs-layout-horizontal","17":"ast-qv-on-image","19":"first","20":"instock","21":"virtual","22":"taxable","23":"purchasable","24":"product-type-simple"},"_links":{"self":[{"href":"https:\/\/faceology.net\/sq\/wp-json\/wp\/v2\/product\/222","targetHints":{"allow":["GET"]}}],"collection":[{"href":"https:\/\/faceology.net\/sq\/wp-json\/wp\/v2\/product"}],"about":[{"href":"https:\/\/faceology.net\/sq\/wp-json\/wp\/v2\/types\/product"}],"wp:featuredmedia":[{"embeddable":true,"href":"https:\/\/faceology.net\/sq\/wp-json\/wp\/v2\/media\/2617"}],"wp:attachment":[{"href":"https:\/\/faceology.net\/sq\/wp-json\/wp\/v2\/media?parent=222"}],"wp:term":[{"taxonomy":"product_brand","embeddable":true,"href":"https:\/\/faceology.net\/sq\/wp-json\/wp\/v2\/product_brand?post=222"},{"taxonomy":"product_cat","embeddable":true,"href":"https:\/\/faceology.net\/sq\/wp-json\/wp\/v2\/product_cat?post=222"},{"taxonomy":"product_tag","embeddable":true,"href":"https:\/\/faceology.net\/sq\/wp-json\/wp\/v2\/product_tag?post=222"}],"curies":[{"name":"wp","href":"https:\/\/api.w.org\/{rel}","templated":true}]}}