{"id":223,"date":"2020-02-11T21:17:49","date_gmt":"2020-02-11T21:17:49","guid":{"rendered":"https:\/\/faceology.net\/product\/shampooing-reviviscence-repairing-shampoo-for-the-most-damaged-and-dehydrated-hair\/"},"modified":"2026-02-17T18:49:10","modified_gmt":"2026-02-17T18:49:10","slug":"shampo-ringjallje-riparues-shampo-per-floket-me-te-demtuar-dhe-dehidratuar","status":"publish","type":"product","link":"https:\/\/faceology.net\/sq\/product\/shampooing-reviviscence-repairing-shampoo-for-the-most-damaged-and-dehydrated-hair\/","title":{"rendered":"SHAMPON REVIVISCENCE"},"content":{"rendered":"<p>Duke v\u00ebzhguar se si tharjet e vazhdueshme  dhe ngjyrosja mund t\u00eb d\u00ebmtojn\u00eb flok\u00ebt, duke e b\u00ebr\u00eb at\u00eb t\u00eb shurdh\u00ebr dhe t\u00eb pajet\u00eb, Tom Brooks krijoi k\u00ebt\u00eb shampo unike t\u00eb dizajnuar p\u00ebr t\u00eb rimbushur flok\u00ebt m\u00eb t\u00eb brisht\u00eb n\u00eb vitin 2009. N\u00eb t\u00eb nj\u00ebjt\u00ebn linj\u00eb si luksozja Masque Quintessence, Shampooing Reviviscence \u00ebsht\u00eb nj\u00eb  shampo \u00e7asti riparimi plot ekstrakte natyrore ultra-restauruese p\u00ebr t\u00eb trajtuar flok\u00ebt m\u00eb t\u00eb d\u00ebmtuar n\u00eb nj\u00eb shp\u00ebrthim ringjall\u00ebs. Shampo me shum\u00eb \u00e7mime fiton t\u00eb gjith\u00eb ekspertiz\u00ebn botanike dhe formulimin e mark\u00ebs.<\/p>","protected":false},"excerpt":{"rendered":"<div class=\"translation-block\">\n<p>Shampo p\u00ebr riparimin e thell\u00eb p\u00ebr flok\u00eb t\u00eb d\u00ebmtuar<\/p><p> Flok\u00eb t\u00eb tejdrejtuar, t\u00eb theksuar apo t\u00eb brisht\u00eb? Kthejeni tuaj\u00ebn n\u00eb maksimumin e saj t\u00eb bukur me k\u00ebt\u00eb shampo hidratuese t\u00eb mbushur me ekstrakt amaranti kondicioner t\u00eb pasur me vitamina dhe livando deti hidratuese. Kjo formul\u00eb restauruese riparon barrier\u00ebn lipidike t\u00eb qimeve tuaja, duke zbutur sip\u00ebrfaqen e saj dhe duke parandaluar statiken.<\/p>\n<\/div>","protected":false},"featured_media":2609,"template":"","meta":{"site-sidebar-layout":"default","site-content-layout":"","ast-site-content-layout":"default","site-content-style":"default","site-sidebar-style":"default","ast-global-header-display":"","ast-banner-title-visibility":"","ast-main-header-display":"","ast-hfb-above-header-display":"","ast-hfb-below-header-display":"","ast-hfb-mobile-header-display":"","site-post-title":"","ast-breadcrumbs-content":"","ast-featured-img":"","footer-sml-layout":"","ast-disable-related-posts":"","theme-transparent-header-meta":"","adv-header-id-meta":"","stick-header-meta":"","header-above-stick-meta":"","header-main-stick-meta":"","header-below-stick-meta":"","astra-migrate-meta-layouts":"default","ast-page-background-enabled":"default","ast-page-background-meta":{"desktop":{"background-color":"var(--ast-global-color-4)","background-image":"","background-repeat":"repeat","background-position":"center center","background-size":"auto","background-attachment":"scroll","background-type":"","background-media":"","overlay-type":"","overlay-color":"","overlay-opacity":"","overlay-gradient":""},"tablet":{"background-color":"","background-image":"","background-repeat":"repeat","background-position":"center center","background-size":"auto","background-attachment":"scroll","background-type":"","background-media":"","overlay-type":"","overlay-color":"","overlay-opacity":"","overlay-gradient":""},"mobile":{"background-color":"","background-image":"","background-repeat":"repeat","background-position":"center center","background-size":"auto","background-attachment":"scroll","background-type":"","background-media":"","overlay-type":"","overlay-color":"","overlay-opacity":"","overlay-gradient":""}},"ast-content-background-meta":{"desktop":{"background-color":"var(--ast-global-color-5)","background-image":"","background-repeat":"repeat","background-position":"center center","background-size":"auto","background-attachment":"scroll","background-type":"","background-media":"","overlay-type":"","overlay-color":"","overlay-opacity":"","overlay-gradient":""},"tablet":{"background-color":"var(--ast-global-color-5)","background-image":"","background-repeat":"repeat","background-position":"center center","background-size":"auto","background-attachment":"scroll","background-type":"","background-media":"","overlay-type":"","overlay-color":"","overlay-opacity":"","overlay-gradient":""},"mobile":{"background-color":"var(--ast-global-color-5)","background-image":"","background-repeat":"repeat","background-position":"center center","background-size":"auto","background-attachment":"scroll","background-type":"","background-media":"","overlay-type":"","overlay-color":"","overlay-opacity":"","overlay-gradient":""}}},"product_brand":[],"product_cat":[28,41],"product_tag":[48,46,49],"class_list":{"0":"post-223","1":"product","2":"type-product","3":"status-publish","4":"has-post-thumbnail","6":"product_cat-leonor-greyl","7":"product_cat-shampoos","8":"product_tag-hair-care","9":"product_tag-leonor-greyl","10":"product_tag-shampoos","11":"desktop-align-center","12":"tablet-align-left","13":"mobile-align-left","14":"ast-product-gallery-layout-horizontal-slider","15":"ast-product-gallery-with-no-image","16":"ast-product-tabs-layout-horizontal","17":"ast-qv-on-image","19":"first","20":"instock","21":"virtual","22":"taxable","23":"purchasable","24":"product-type-simple"},"_links":{"self":[{"href":"https:\/\/faceology.net\/sq\/wp-json\/wp\/v2\/product\/223","targetHints":{"allow":["GET"]}}],"collection":[{"href":"https:\/\/faceology.net\/sq\/wp-json\/wp\/v2\/product"}],"about":[{"href":"https:\/\/faceology.net\/sq\/wp-json\/wp\/v2\/types\/product"}],"wp:featuredmedia":[{"embeddable":true,"href":"https:\/\/faceology.net\/sq\/wp-json\/wp\/v2\/media\/2609"}],"wp:attachment":[{"href":"https:\/\/faceology.net\/sq\/wp-json\/wp\/v2\/media?parent=223"}],"wp:term":[{"taxonomy":"product_brand","embeddable":true,"href":"https:\/\/faceology.net\/sq\/wp-json\/wp\/v2\/product_brand?post=223"},{"taxonomy":"product_cat","embeddable":true,"href":"https:\/\/faceology.net\/sq\/wp-json\/wp\/v2\/product_cat?post=223"},{"taxonomy":"product_tag","embeddable":true,"href":"https:\/\/faceology.net\/sq\/wp-json\/wp\/v2\/product_tag?post=223"}],"curies":[{"name":"wp","href":"https:\/\/api.w.org\/{rel}","templated":true}]}}