{"id":225,"date":"2020-02-11T21:17:49","date_gmt":"2020-02-11T21:17:49","guid":{"rendered":"https:\/\/faceology.net\/product\/bain-traitant-propolis-gentle-anti-dandruff-shampoo\/"},"modified":"2026-02-17T19:47:14","modified_gmt":"2026-02-17T19:47:14","slug":"shampo-bain-traitant-propolis-i-bute-kunder-zbokthit","status":"publish","type":"product","link":"https:\/\/faceology.net\/sq\/product\/bain-traitant-propolis-gentle-anti-dandruff-shampoo\/","title":{"rendered":"BAIN TRAITANT PROPOLIS"},"content":{"rendered":"<div class=\"translation-block\">N\u00eb 1994, familja Greyl u frym\u00ebzua nga ideja p\u00ebr p\u00ebrfshirjen e propolisit n\u00eb nj\u00eb shampo pas nj\u00eb udh\u00ebtimi n\u00eb Egjipt, ku zbuluan se \"propolis\" ishte p\u00ebrdorur p\u00ebr t\u00eb ruajtur mumiet p\u00ebr shkak t\u00eb vetive t\u00eb tij t\u00eb jasht\u00ebzakonshme antibakteriale. Kjo ishte shampoja e par\u00eb e but\u00eb antizbokth n\u00eb treg e  p\u00ebr p\u00ebrdorim t\u00eb p\u00ebrditsh\u00ebm. U desh\u00ebn 10 vjet k\u00ebrkime p\u00ebr t\u00eb dal\u00eb me nj\u00eb formul\u00eb super efektive jo agresive.<\/div>","protected":false},"excerpt":{"rendered":"<div class=\"translation-block\">\n<p><i id=\"product-subtitle-369\" class=\"product-subtitle subtitle-369\">Shampo e but\u00eb p\u00ebr trajtimin e zbokthit<\/i> Kjo shampo e but\u00eb por efektive p\u00ebrdor p\u00ebrb\u00ebr\u00ebs natyral\u00eb p\u00ebr t\u00eb leht\u00ebsuar acarimin e skalpit dhe p\u00ebr t\u00eb parandaluar zbokthin. Kur masazhohet but\u00ebsisht n\u00eb skalp, ajo prodhon nj\u00eb shkum\u00eb delikate p\u00ebr t\u00eb rikthyer lag\u00ebshtin\u00eb. P\u00ebrb\u00ebr\u00ebsi kryesor, propolisi i blet\u00ebs, ka veti antiseptike p\u00ebr t\u00eb ndihmuar n\u00eb parandalimin e problemeve t\u00eb m\u00ebtejshme t\u00eb skalpit.<\/p>\n<\/div>","protected":false},"featured_media":2613,"template":"","meta":{"site-sidebar-layout":"default","site-content-layout":"","ast-site-content-layout":"default","site-content-style":"default","site-sidebar-style":"default","ast-global-header-display":"","ast-banner-title-visibility":"","ast-main-header-display":"","ast-hfb-above-header-display":"","ast-hfb-below-header-display":"","ast-hfb-mobile-header-display":"","site-post-title":"","ast-breadcrumbs-content":"","ast-featured-img":"","footer-sml-layout":"","ast-disable-related-posts":"","theme-transparent-header-meta":"default","adv-header-id-meta":"","stick-header-meta":"","header-above-stick-meta":"","header-main-stick-meta":"","header-below-stick-meta":"","astra-migrate-meta-layouts":"set","ast-page-background-enabled":"default","ast-page-background-meta":{"desktop":{"background-color":"var(--ast-global-color-4)","background-image":"","background-repeat":"repeat","background-position":"center center","background-size":"auto","background-attachment":"scroll","background-type":"","background-media":"","overlay-type":"","overlay-color":"","overlay-opacity":"","overlay-gradient":""},"tablet":{"background-color":"","background-image":"","background-repeat":"repeat","background-position":"center center","background-size":"auto","background-attachment":"scroll","background-type":"","background-media":"","overlay-type":"","overlay-color":"","overlay-opacity":"","overlay-gradient":""},"mobile":{"background-color":"","background-image":"","background-repeat":"repeat","background-position":"center center","background-size":"auto","background-attachment":"scroll","background-type":"","background-media":"","overlay-type":"","overlay-color":"","overlay-opacity":"","overlay-gradient":""}},"ast-content-background-meta":{"desktop":{"background-color":"var(--ast-global-color-5)","background-image":"","background-repeat":"repeat","background-position":"center center","background-size":"auto","background-attachment":"scroll","background-type":"","background-media":"","overlay-type":"","overlay-color":"","overlay-opacity":"","overlay-gradient":""},"tablet":{"background-color":"var(--ast-global-color-5)","background-image":"","background-repeat":"repeat","background-position":"center center","background-size":"auto","background-attachment":"scroll","background-type":"","background-media":"","overlay-type":"","overlay-color":"","overlay-opacity":"","overlay-gradient":""},"mobile":{"background-color":"var(--ast-global-color-5)","background-image":"","background-repeat":"repeat","background-position":"center center","background-size":"auto","background-attachment":"scroll","background-type":"","background-media":"","overlay-type":"","overlay-color":"","overlay-opacity":"","overlay-gradient":""}}},"product_brand":[161],"product_cat":[28,41],"product_tag":[],"class_list":{"0":"post-225","1":"product","2":"type-product","3":"status-publish","4":"has-post-thumbnail","6":"product_brand-leonor-greyl","7":"product_cat-leonor-greyl","8":"product_cat-shampoos","9":"desktop-align-center","10":"tablet-align-left","11":"mobile-align-left","12":"ast-product-gallery-layout-horizontal-slider","13":"ast-product-gallery-with-no-image","14":"ast-product-tabs-layout-horizontal","15":"ast-qv-on-image","17":"first","18":"instock","19":"virtual","20":"taxable","21":"purchasable","22":"product-type-simple"},"_links":{"self":[{"href":"https:\/\/faceology.net\/sq\/wp-json\/wp\/v2\/product\/225","targetHints":{"allow":["GET"]}}],"collection":[{"href":"https:\/\/faceology.net\/sq\/wp-json\/wp\/v2\/product"}],"about":[{"href":"https:\/\/faceology.net\/sq\/wp-json\/wp\/v2\/types\/product"}],"wp:featuredmedia":[{"embeddable":true,"href":"https:\/\/faceology.net\/sq\/wp-json\/wp\/v2\/media\/2613"}],"wp:attachment":[{"href":"https:\/\/faceology.net\/sq\/wp-json\/wp\/v2\/media?parent=225"}],"wp:term":[{"taxonomy":"product_brand","embeddable":true,"href":"https:\/\/faceology.net\/sq\/wp-json\/wp\/v2\/product_brand?post=225"},{"taxonomy":"product_cat","embeddable":true,"href":"https:\/\/faceology.net\/sq\/wp-json\/wp\/v2\/product_cat?post=225"},{"taxonomy":"product_tag","embeddable":true,"href":"https:\/\/faceology.net\/sq\/wp-json\/wp\/v2\/product_tag?post=225"}],"curies":[{"name":"wp","href":"https:\/\/api.w.org\/{rel}","templated":true}]}}