{"id":226,"date":"2020-02-11T21:17:49","date_gmt":"2020-02-11T21:17:49","guid":{"rendered":"https:\/\/faceology.net\/product\/masque-fleurs-de-jasmin-nourishing-mask-for-thin-dry-hair\/"},"modified":"2026-02-17T18:49:10","modified_gmt":"2026-02-17T18:49:10","slug":"maske-fleurs-de-jasmin-maske-ushqyese-per-floke-te-holle-te-thate","status":"publish","type":"product","link":"https:\/\/faceology.net\/sq\/product\/masque-fleurs-de-jasmin-nourishing-mask-for-thin-dry-hair\/","title":{"rendered":"MASQUE FLEURS DE JASMIN"},"content":{"rendered":"<p>E krijuar n\u00eb vitin 1998, Masque Fleurs de Jasmin ishte mask\u00eb e par\u00eb p\u00ebr flok\u00eb t\u00eb holl\u00eb. Nj\u00eb revolucion i v\u00ebrtet\u00eb fal\u00eb nj\u00eb formule q\u00eb i kondicionon flok\u00ebt pa i peshuar posht\u00eb, ajo doli si nj\u00eb nga produktet ikonike t\u00eb mark\u00ebs dhe iu dha nj\u00eb seri \u00e7mimesh, m\u00eb e r\u00ebnd\u00ebsishmja Marie Claire\u2019s prestigious Excellence Award. I mbushur me arom\u00ebn delikate t\u00eb arom\u00ebs s\u00eb jaseminit t\u00eb kopshtit Marokien, cil\u00ebsia e saj e but\u00eb shkrihet n\u00eb flok\u00eb, duke e b\u00ebr\u00eb at\u00eb ideale p\u00ebr t\u2019u p\u00ebrdorur si nj\u00eb forcues i \u00e7astit i bukuris\u00eb ose n\u00eb nj\u00eb trajtim m\u00eb intensiv.<\/p>","protected":false},"excerpt":{"rendered":"<div class=\"translation-block\">\n<p>Mask\u00eb ushqyese p\u00ebr flok\u00eb t\u00eb holl\u00eb dhe normal\u00eb<\/p><p> L\u00ebrini flok\u00ebt tuaj me arom\u00eb delikate, por t\u00eb ushqyer n\u00eb m\u00ebnyr\u00eb t\u00eb pasur me k\u00ebt\u00eb mask\u00eb flok\u00ebsh me vaj jasemini. Forcimi dhe rritja e shk\u00eblqimit \u2013 \u00ebsht\u00eb trajtimi perfekt i fundjav\u00ebs p\u00ebr t\u00eb gjitha llojet e flok\u00ebve.<\/p>\n<\/div>","protected":false},"featured_media":2603,"template":"","meta":{"site-sidebar-layout":"default","site-content-layout":"","ast-site-content-layout":"default","site-content-style":"default","site-sidebar-style":"default","ast-global-header-display":"","ast-banner-title-visibility":"","ast-main-header-display":"","ast-hfb-above-header-display":"","ast-hfb-below-header-display":"","ast-hfb-mobile-header-display":"","site-post-title":"","ast-breadcrumbs-content":"","ast-featured-img":"","footer-sml-layout":"","ast-disable-related-posts":"","theme-transparent-header-meta":"","adv-header-id-meta":"","stick-header-meta":"","header-above-stick-meta":"","header-main-stick-meta":"","header-below-stick-meta":"","astra-migrate-meta-layouts":"default","ast-page-background-enabled":"default","ast-page-background-meta":{"desktop":{"background-color":"var(--ast-global-color-4)","background-image":"","background-repeat":"repeat","background-position":"center center","background-size":"auto","background-attachment":"scroll","background-type":"","background-media":"","overlay-type":"","overlay-color":"","overlay-opacity":"","overlay-gradient":""},"tablet":{"background-color":"","background-image":"","background-repeat":"repeat","background-position":"center center","background-size":"auto","background-attachment":"scroll","background-type":"","background-media":"","overlay-type":"","overlay-color":"","overlay-opacity":"","overlay-gradient":""},"mobile":{"background-color":"","background-image":"","background-repeat":"repeat","background-position":"center center","background-size":"auto","background-attachment":"scroll","background-type":"","background-media":"","overlay-type":"","overlay-color":"","overlay-opacity":"","overlay-gradient":""}},"ast-content-background-meta":{"desktop":{"background-color":"var(--ast-global-color-5)","background-image":"","background-repeat":"repeat","background-position":"center center","background-size":"auto","background-attachment":"scroll","background-type":"","background-media":"","overlay-type":"","overlay-color":"","overlay-opacity":"","overlay-gradient":""},"tablet":{"background-color":"var(--ast-global-color-5)","background-image":"","background-repeat":"repeat","background-position":"center center","background-size":"auto","background-attachment":"scroll","background-type":"","background-media":"","overlay-type":"","overlay-color":"","overlay-opacity":"","overlay-gradient":""},"mobile":{"background-color":"var(--ast-global-color-5)","background-image":"","background-repeat":"repeat","background-position":"center center","background-size":"auto","background-attachment":"scroll","background-type":"","background-media":"","overlay-type":"","overlay-color":"","overlay-opacity":"","overlay-gradient":""}}},"product_brand":[],"product_cat":[44,45,28],"product_tag":[],"class_list":{"0":"post-226","1":"product","2":"type-product","3":"status-publish","4":"has-post-thumbnail","6":"product_cat-conditioners-leonor-greyl","7":"product_cat-conditioning-masks","8":"product_cat-leonor-greyl","9":"desktop-align-center","10":"tablet-align-left","11":"mobile-align-left","12":"ast-product-gallery-layout-horizontal-slider","13":"ast-product-gallery-with-no-image","14":"ast-product-tabs-layout-horizontal","15":"ast-qv-on-image","17":"first","18":"instock","19":"virtual","20":"taxable","21":"purchasable","22":"product-type-simple"},"_links":{"self":[{"href":"https:\/\/faceology.net\/sq\/wp-json\/wp\/v2\/product\/226","targetHints":{"allow":["GET"]}}],"collection":[{"href":"https:\/\/faceology.net\/sq\/wp-json\/wp\/v2\/product"}],"about":[{"href":"https:\/\/faceology.net\/sq\/wp-json\/wp\/v2\/types\/product"}],"wp:featuredmedia":[{"embeddable":true,"href":"https:\/\/faceology.net\/sq\/wp-json\/wp\/v2\/media\/2603"}],"wp:attachment":[{"href":"https:\/\/faceology.net\/sq\/wp-json\/wp\/v2\/media?parent=226"}],"wp:term":[{"taxonomy":"product_brand","embeddable":true,"href":"https:\/\/faceology.net\/sq\/wp-json\/wp\/v2\/product_brand?post=226"},{"taxonomy":"product_cat","embeddable":true,"href":"https:\/\/faceology.net\/sq\/wp-json\/wp\/v2\/product_cat?post=226"},{"taxonomy":"product_tag","embeddable":true,"href":"https:\/\/faceology.net\/sq\/wp-json\/wp\/v2\/product_tag?post=226"}],"curies":[{"name":"wp","href":"https:\/\/api.w.org\/{rel}","templated":true}]}}