{"id":227,"date":"2020-02-11T21:17:49","date_gmt":"2020-02-11T21:17:49","guid":{"rendered":"https:\/\/faceology.net\/product\/masque-quintessence-revitalizes-regenerates-repairs-the-most-damaged-and-dehydrated-hair\/"},"modified":"2026-02-23T19:40:46","modified_gmt":"2026-02-23T19:40:46","slug":"maska-kuintesenca-rigjalleron-rigjeneron-riparon-floket-me-te-demtuar-dhe-dehidratuar","status":"publish","type":"product","link":"https:\/\/faceology.net\/sq\/product\/masque-quintessence-revitalizes-regenerates-repairs-the-most-damaged-and-dehydrated-hair\/","title":{"rendered":"KUINTESENCA MASK\u00cb"},"content":{"rendered":"<p>Ky produkt luksoz u krijua fillimisht p\u00ebr t\u00eb hidratuar flok\u00ebt m\u00eb t\u00eb that\u00eb dhe t\u00eb dehidratuar me mask\u00ebn m\u00eb plot\u00ebsuese t\u00eb disponueshme. Krijuar n\u00eb vitin 2008, ky nektar hidratues zbut dhe njom pas t\u00eb gjitha llojeve t\u00eb p\u00ebrpunimit agresiv te flokeve (zbardhues, hij\u00ebzimet, hekurosj, ngjyrosje, etj.) Dhe rigjall\u00ebron madje flok\u00ebt m\u00eb t\u00eb d\u00ebmtuar. Frym\u00ebzuar nga trajtimet e Institutit, ku stafi p\u00ebrzien produkte t\u00eb ndryshme p\u00ebr t\u00eb p\u00ebrmbledhur formul\u00ebn m\u00eb restauruese t\u00eb mundshme, Tom Brooks ishte n\u00eb gjendje t\u00eb tregoj\u00eb ekspertiz\u00ebn e mark\u00ebs n\u00eb p\u00ebrsosm\u00ebri me k\u00ebt\u00eb mask\u00eb t\u00eb jasht\u00ebzakonshme.<\/p>","protected":false},"excerpt":{"rendered":"<div class=\"translation-block\">\n<p>Mask\u00eb p\u00ebr trajtimin e kondicionuar t\u00eb thell\u00eb p\u00ebr flok\u00eb t\u00eb d\u00ebshp\u00ebruar<\/p><p> N\u00ebse i ngjyrosni, drejtoni, thani ose theksoni flok\u00ebt rregullisht, jepini atyre nj\u00eb TLC shum\u00eb t\u00eb merituar me k\u00ebt\u00eb mask\u00eb ultra t\u00eb pasur. Fal\u00eb vajrave cupua\u00e7u dhe manketti nul q\u00eb shuajn\u00eb etjen, edhe flok\u00ebt m\u00eb t\u00eb brisht\u00eb do t\u00eb ringjallen dhe ushqehen.<\/p>\n<\/div>","protected":false},"featured_media":2607,"template":"","meta":{"site-sidebar-layout":"default","site-content-layout":"","ast-site-content-layout":"default","site-content-style":"default","site-sidebar-style":"default","ast-global-header-display":"","ast-banner-title-visibility":"","ast-main-header-display":"","ast-hfb-above-header-display":"","ast-hfb-below-header-display":"","ast-hfb-mobile-header-display":"","site-post-title":"","ast-breadcrumbs-content":"","ast-featured-img":"","footer-sml-layout":"","ast-disable-related-posts":"","theme-transparent-header-meta":"default","adv-header-id-meta":"","stick-header-meta":"default","header-above-stick-meta":"","header-main-stick-meta":"","header-below-stick-meta":"","astra-migrate-meta-layouts":"set","ast-page-background-enabled":"default","ast-page-background-meta":{"desktop":{"background-color":"var(--ast-global-color-4)","background-image":"","background-repeat":"repeat","background-position":"center center","background-size":"auto","background-attachment":"scroll","background-type":"","background-media":"","overlay-type":"","overlay-color":"","overlay-opacity":"","overlay-gradient":""},"tablet":{"background-color":"","background-image":"","background-repeat":"repeat","background-position":"center center","background-size":"auto","background-attachment":"scroll","background-type":"","background-media":"","overlay-type":"","overlay-color":"","overlay-opacity":"","overlay-gradient":""},"mobile":{"background-color":"","background-image":"","background-repeat":"repeat","background-position":"center center","background-size":"auto","background-attachment":"scroll","background-type":"","background-media":"","overlay-type":"","overlay-color":"","overlay-opacity":"","overlay-gradient":""}},"ast-content-background-meta":{"desktop":{"background-color":"var(--ast-global-color-5)","background-image":"","background-repeat":"repeat","background-position":"center center","background-size":"auto","background-attachment":"scroll","background-type":"","background-media":"","overlay-type":"","overlay-color":"","overlay-opacity":"","overlay-gradient":""},"tablet":{"background-color":"var(--ast-global-color-5)","background-image":"","background-repeat":"repeat","background-position":"center center","background-size":"auto","background-attachment":"scroll","background-type":"","background-media":"","overlay-type":"","overlay-color":"","overlay-opacity":"","overlay-gradient":""},"mobile":{"background-color":"var(--ast-global-color-5)","background-image":"","background-repeat":"repeat","background-position":"center center","background-size":"auto","background-attachment":"scroll","background-type":"","background-media":"","overlay-type":"","overlay-color":"","overlay-opacity":"","overlay-gradient":""}}},"product_brand":[],"product_cat":[44,45,28],"product_tag":[47,48,46],"class_list":{"0":"post-227","1":"product","2":"type-product","3":"status-publish","4":"has-post-thumbnail","6":"product_cat-conditioners-leonor-greyl","7":"product_cat-conditioning-masks","8":"product_cat-leonor-greyl","9":"product_tag-conditioners","10":"product_tag-hair-care","11":"product_tag-leonor-greyl","12":"desktop-align-center","13":"tablet-align-left","14":"mobile-align-left","15":"ast-product-gallery-layout-horizontal-slider","16":"ast-product-gallery-with-no-image","17":"ast-product-tabs-layout-horizontal","18":"ast-qv-on-image","20":"first","21":"instock","22":"virtual","23":"taxable","24":"purchasable","25":"product-type-simple"},"_links":{"self":[{"href":"https:\/\/faceology.net\/sq\/wp-json\/wp\/v2\/product\/227","targetHints":{"allow":["GET"]}}],"collection":[{"href":"https:\/\/faceology.net\/sq\/wp-json\/wp\/v2\/product"}],"about":[{"href":"https:\/\/faceology.net\/sq\/wp-json\/wp\/v2\/types\/product"}],"wp:featuredmedia":[{"embeddable":true,"href":"https:\/\/faceology.net\/sq\/wp-json\/wp\/v2\/media\/2607"}],"wp:attachment":[{"href":"https:\/\/faceology.net\/sq\/wp-json\/wp\/v2\/media?parent=227"}],"wp:term":[{"taxonomy":"product_brand","embeddable":true,"href":"https:\/\/faceology.net\/sq\/wp-json\/wp\/v2\/product_brand?post=227"},{"taxonomy":"product_cat","embeddable":true,"href":"https:\/\/faceology.net\/sq\/wp-json\/wp\/v2\/product_cat?post=227"},{"taxonomy":"product_tag","embeddable":true,"href":"https:\/\/faceology.net\/sq\/wp-json\/wp\/v2\/product_tag?post=227"}],"curies":[{"name":"wp","href":"https:\/\/api.w.org\/{rel}","templated":true}]}}