{"id":228,"date":"2020-02-11T21:17:49","date_gmt":"2020-02-11T21:17:49","guid":{"rendered":"https:\/\/faceology.net\/product\/creme-de-soin-a-lamarante-detangling-and-color-protecting-conditioner\/"},"modified":"2026-02-17T18:49:10","modified_gmt":"2026-02-17T18:49:10","slug":"krem-de-soin-a-lamarante-zberthyes-dhe-mbrojtes-kondicioner","status":"publish","type":"product","link":"https:\/\/faceology.net\/sq\/product\/creme-de-soin-a-lamarante-detangling-and-color-protecting-conditioner\/","title":{"rendered":"CREME DE SOIN A L&#039;AMARANTE"},"content":{"rendered":"<p>Megjithat\u00eb, nj\u00eb risi tjet\u00ebr p\u00ebr kujdesin e flok\u00ebve! Kjo ndodhi sepse Caroline d\u00ebshironte nj\u00eb produkt q\u00eb do t\u00eb shthurte v\u00ebrtet flok\u00ebt, nd\u00ebrsa mbronte ngjyr\u00ebn. Dhe Tom Brooks e dor\u00ebzoi pik\u00ebrisht k\u00ebt\u00eb, duke krijuar nj\u00eb produkt me nj\u00eb sistem 100% konservues natyror : nj\u00eb treshe t\u00eb preservativeve t\u00eb bim\u00ebve dhe nj\u00eb tubi t\u00eb teknologjis\u00eb pa ajer. Ekstrakti i amarantit, i njohur gjithashtu si lulja q\u00eb nuk vyshket kurr\u00eb, p\u00ebrdoret p\u00ebr t\u00eb mbrojtur dhe rikthyer shk\u00eblqimin n\u00eb flok\u00ebt me ngjyr\u00eb. Nj\u00eb formul\u00eb e leht\u00eb p\u00ebr t\u2019u p\u00ebrdorur dhe rezultate t\u00eb menj\u00ebhershme: nuk mori shum\u00eb koh\u00eb pas lansimit te  Cr\u00e8me de Soin \u00e0 l\u2019Amarante p\u00ebr t\u00eb kapur zemrat e publikut dhe p\u00ebr t\u00eb fituar nj\u00eb num\u00ebr \u00e7mimesh prestigjioze.<\/p>","protected":false},"excerpt":{"rendered":"<div class=\"translation-block\">\n<p>Kondicioner p\u00ebr zb\u00ebrthimin dhe mbrojtjen e ngjyrave<\/p><p> Jepini bravave tuaja t\u00eb trajtuara me ngjyra pak TLC me k\u00ebt\u00eb kondicioner dhe zbut\u00ebs luksoz q\u00eb \u00ebsht\u00eb i mbushur me vajra botanik\u00eb dhe ekstrakte ushqyese bimore, duke p\u00ebrfshir\u00eb amarantin, i njohur p\u00ebr vetit\u00eb e tij shum\u00eb ushqyese q\u00eb trajtojn\u00eb zonat tuaja m\u00eb t\u00eb dob\u00ebta p\u00ebr t\u00eb rikthyer shk\u00eblqimin dhe forc\u00ebn. Nj\u00eb mbrojt\u00ebs ndaj UV-s\u00eb siguron q\u00eb k\u00ebpurdha juaj t\u00eb ruaj\u00eb gjall\u00ebrin\u00eb dhe shk\u00eblqimin<\/p>\n<\/div>","protected":false},"featured_media":2615,"template":"","meta":{"site-sidebar-layout":"default","site-content-layout":"","ast-site-content-layout":"default","site-content-style":"default","site-sidebar-style":"default","ast-global-header-display":"","ast-banner-title-visibility":"","ast-main-header-display":"","ast-hfb-above-header-display":"","ast-hfb-below-header-display":"","ast-hfb-mobile-header-display":"","site-post-title":"","ast-breadcrumbs-content":"","ast-featured-img":"","footer-sml-layout":"","ast-disable-related-posts":"","theme-transparent-header-meta":"","adv-header-id-meta":"","stick-header-meta":"","header-above-stick-meta":"","header-main-stick-meta":"","header-below-stick-meta":"","astra-migrate-meta-layouts":"default","ast-page-background-enabled":"default","ast-page-background-meta":{"desktop":{"background-color":"var(--ast-global-color-4)","background-image":"","background-repeat":"repeat","background-position":"center center","background-size":"auto","background-attachment":"scroll","background-type":"","background-media":"","overlay-type":"","overlay-color":"","overlay-opacity":"","overlay-gradient":""},"tablet":{"background-color":"","background-image":"","background-repeat":"repeat","background-position":"center center","background-size":"auto","background-attachment":"scroll","background-type":"","background-media":"","overlay-type":"","overlay-color":"","overlay-opacity":"","overlay-gradient":""},"mobile":{"background-color":"","background-image":"","background-repeat":"repeat","background-position":"center center","background-size":"auto","background-attachment":"scroll","background-type":"","background-media":"","overlay-type":"","overlay-color":"","overlay-opacity":"","overlay-gradient":""}},"ast-content-background-meta":{"desktop":{"background-color":"var(--ast-global-color-5)","background-image":"","background-repeat":"repeat","background-position":"center center","background-size":"auto","background-attachment":"scroll","background-type":"","background-media":"","overlay-type":"","overlay-color":"","overlay-opacity":"","overlay-gradient":""},"tablet":{"background-color":"var(--ast-global-color-5)","background-image":"","background-repeat":"repeat","background-position":"center center","background-size":"auto","background-attachment":"scroll","background-type":"","background-media":"","overlay-type":"","overlay-color":"","overlay-opacity":"","overlay-gradient":""},"mobile":{"background-color":"var(--ast-global-color-5)","background-image":"","background-repeat":"repeat","background-position":"center center","background-size":"auto","background-attachment":"scroll","background-type":"","background-media":"","overlay-type":"","overlay-color":"","overlay-opacity":"","overlay-gradient":""}}},"product_brand":[],"product_cat":[44,28],"product_tag":[],"class_list":{"0":"post-228","1":"product","2":"type-product","3":"status-publish","4":"has-post-thumbnail","6":"product_cat-conditioners-leonor-greyl","7":"product_cat-leonor-greyl","8":"desktop-align-center","9":"tablet-align-left","10":"mobile-align-left","11":"ast-product-gallery-layout-horizontal-slider","12":"ast-product-gallery-with-no-image","13":"ast-product-tabs-layout-horizontal","14":"ast-qv-on-image","16":"first","17":"instock","18":"virtual","19":"taxable","20":"purchasable","21":"product-type-simple"},"_links":{"self":[{"href":"https:\/\/faceology.net\/sq\/wp-json\/wp\/v2\/product\/228","targetHints":{"allow":["GET"]}}],"collection":[{"href":"https:\/\/faceology.net\/sq\/wp-json\/wp\/v2\/product"}],"about":[{"href":"https:\/\/faceology.net\/sq\/wp-json\/wp\/v2\/types\/product"}],"wp:featuredmedia":[{"embeddable":true,"href":"https:\/\/faceology.net\/sq\/wp-json\/wp\/v2\/media\/2615"}],"wp:attachment":[{"href":"https:\/\/faceology.net\/sq\/wp-json\/wp\/v2\/media?parent=228"}],"wp:term":[{"taxonomy":"product_brand","embeddable":true,"href":"https:\/\/faceology.net\/sq\/wp-json\/wp\/v2\/product_brand?post=228"},{"taxonomy":"product_cat","embeddable":true,"href":"https:\/\/faceology.net\/sq\/wp-json\/wp\/v2\/product_cat?post=228"},{"taxonomy":"product_tag","embeddable":true,"href":"https:\/\/faceology.net\/sq\/wp-json\/wp\/v2\/product_tag?post=228"}],"curies":[{"name":"wp","href":"https:\/\/api.w.org\/{rel}","templated":true}]}}