{"id":229,"date":"2020-02-11T21:17:49","date_gmt":"2020-02-11T21:17:49","guid":{"rendered":"https:\/\/faceology.net\/product\/creme-regeneratrice-conditioner-for-colored-hair\/"},"modified":"2026-02-17T18:49:10","modified_gmt":"2026-02-17T18:49:10","slug":"krem-rigjenerues-kondicioner-per-floke-te-ngjyrosur","status":"publish","type":"product","link":"https:\/\/faceology.net\/sq\/product\/creme-regeneratrice-conditioner-for-colored-hair\/","title":{"rendered":"CREME REGENERATRICE"},"content":{"rendered":"<p>Kur ai filloi t\u00eb punoj\u00eb n\u00eb k\u00ebt\u00eb produkt n\u00eb fillim t\u00eb viteve 1970, q\u00ebllimi i Zhan-Marie Greyl ishte i qart\u00eb: t\u00eb krijonte nj\u00eb krem\u00eb \u200b\u200bbukurie p\u00ebr flok\u00ebt e  d\u00ebmtuar nga trajtimet e ngjyrosjes s\u00eb salloneve ose nga tharjet e fenirimit. Kondicioneri i par\u00eb i mark\u00ebs u lan\u00e7ua n\u00eb 1972. At\u00ebhere dhe tani, Cr\u00e8me R\u00e9g\u00e9n\u00e9ratrice ka fuqi t\u00eb pashembullta p\u00ebr p\u00ebrsosjen e flok\u00ebve, duke i trajtuar flok\u00ebt me proteinat e tij t\u00eb fuqish\u00ebm mbrojt\u00ebs dhe kondicionues nga bim\u00ebt.<\/p>","protected":false},"excerpt":{"rendered":"<div class=\"translation-block\">\n<p>Kondicioner i thell\u00eb p\u00ebr flok\u00eb t\u00eb d\u00ebmtuar<\/p><p> Transformoni flok\u00ebt e d\u00ebmtuar me k\u00ebt\u00eb trajtim intensiv kondicioner. Rigjall\u00ebron, rigjeneron dhe riparon n\u00eb vet\u00ebm pak minuta, duke ju l\u00ebn\u00eb brav\u00eb m\u00eb t\u00eb but\u00eb, m\u00eb t\u00eb shk\u00eblqyesh\u00ebm dhe m\u00eb t\u00eb menaxhuesh\u00ebm.<\/p>\n<\/div>","protected":false},"featured_media":2611,"template":"","meta":{"site-sidebar-layout":"default","site-content-layout":"","ast-site-content-layout":"default","site-content-style":"default","site-sidebar-style":"default","ast-global-header-display":"","ast-banner-title-visibility":"","ast-main-header-display":"","ast-hfb-above-header-display":"","ast-hfb-below-header-display":"","ast-hfb-mobile-header-display":"","site-post-title":"","ast-breadcrumbs-content":"","ast-featured-img":"","footer-sml-layout":"","ast-disable-related-posts":"","theme-transparent-header-meta":"","adv-header-id-meta":"","stick-header-meta":"","header-above-stick-meta":"","header-main-stick-meta":"","header-below-stick-meta":"","astra-migrate-meta-layouts":"default","ast-page-background-enabled":"default","ast-page-background-meta":{"desktop":{"background-color":"var(--ast-global-color-4)","background-image":"","background-repeat":"repeat","background-position":"center center","background-size":"auto","background-attachment":"scroll","background-type":"","background-media":"","overlay-type":"","overlay-color":"","overlay-opacity":"","overlay-gradient":""},"tablet":{"background-color":"","background-image":"","background-repeat":"repeat","background-position":"center center","background-size":"auto","background-attachment":"scroll","background-type":"","background-media":"","overlay-type":"","overlay-color":"","overlay-opacity":"","overlay-gradient":""},"mobile":{"background-color":"","background-image":"","background-repeat":"repeat","background-position":"center center","background-size":"auto","background-attachment":"scroll","background-type":"","background-media":"","overlay-type":"","overlay-color":"","overlay-opacity":"","overlay-gradient":""}},"ast-content-background-meta":{"desktop":{"background-color":"var(--ast-global-color-5)","background-image":"","background-repeat":"repeat","background-position":"center center","background-size":"auto","background-attachment":"scroll","background-type":"","background-media":"","overlay-type":"","overlay-color":"","overlay-opacity":"","overlay-gradient":""},"tablet":{"background-color":"var(--ast-global-color-5)","background-image":"","background-repeat":"repeat","background-position":"center center","background-size":"auto","background-attachment":"scroll","background-type":"","background-media":"","overlay-type":"","overlay-color":"","overlay-opacity":"","overlay-gradient":""},"mobile":{"background-color":"var(--ast-global-color-5)","background-image":"","background-repeat":"repeat","background-position":"center center","background-size":"auto","background-attachment":"scroll","background-type":"","background-media":"","overlay-type":"","overlay-color":"","overlay-opacity":"","overlay-gradient":""}}},"product_brand":[],"product_cat":[44,45,28],"product_tag":[47,48,46],"class_list":{"0":"post-229","1":"product","2":"type-product","3":"status-publish","4":"has-post-thumbnail","6":"product_cat-conditioners-leonor-greyl","7":"product_cat-conditioning-masks","8":"product_cat-leonor-greyl","9":"product_tag-conditioners","10":"product_tag-hair-care","11":"product_tag-leonor-greyl","12":"desktop-align-center","13":"tablet-align-left","14":"mobile-align-left","15":"ast-product-gallery-layout-horizontal-slider","16":"ast-product-gallery-with-no-image","17":"ast-product-tabs-layout-horizontal","18":"ast-qv-on-image","20":"first","21":"instock","22":"virtual","23":"taxable","24":"purchasable","25":"product-type-simple"},"_links":{"self":[{"href":"https:\/\/faceology.net\/sq\/wp-json\/wp\/v2\/product\/229","targetHints":{"allow":["GET"]}}],"collection":[{"href":"https:\/\/faceology.net\/sq\/wp-json\/wp\/v2\/product"}],"about":[{"href":"https:\/\/faceology.net\/sq\/wp-json\/wp\/v2\/types\/product"}],"wp:featuredmedia":[{"embeddable":true,"href":"https:\/\/faceology.net\/sq\/wp-json\/wp\/v2\/media\/2611"}],"wp:attachment":[{"href":"https:\/\/faceology.net\/sq\/wp-json\/wp\/v2\/media?parent=229"}],"wp:term":[{"taxonomy":"product_brand","embeddable":true,"href":"https:\/\/faceology.net\/sq\/wp-json\/wp\/v2\/product_brand?post=229"},{"taxonomy":"product_cat","embeddable":true,"href":"https:\/\/faceology.net\/sq\/wp-json\/wp\/v2\/product_cat?post=229"},{"taxonomy":"product_tag","embeddable":true,"href":"https:\/\/faceology.net\/sq\/wp-json\/wp\/v2\/product_tag?post=229"}],"curies":[{"name":"wp","href":"https:\/\/api.w.org\/{rel}","templated":true}]}}