{"id":230,"date":"2020-02-11T21:17:49","date_gmt":"2020-02-11T21:17:49","guid":{"rendered":"https:\/\/faceology.net\/product\/masque-orchidee-nourishing-mask-for-very-dry-thick-or-frizzy-hair\/"},"modified":"2026-02-17T18:49:11","modified_gmt":"2026-02-17T18:49:11","slug":"maske-orkide-maske-ushqyese-per-floke-shume-te-thate-te-trashe-ose-te-dredhur","status":"publish","type":"product","link":"https:\/\/faceology.net\/sq\/product\/masque-orchidee-nourishing-mask-for-very-dry-thick-or-frizzy-hair\/","title":{"rendered":"MASQUE A L&#039;ORCHIDEE"},"content":{"rendered":"<p>Nj\u00eb tjet\u00ebr udh\u00ebtim jasht\u00eb vendit q\u00eb frym\u00ebzoi k\u00ebt\u00eb produkt n\u00eb 1999. Pas kthimit nga Mauritius, Jean-Marie Greyl hulumtoi tiparet hidratuese dhe rigjeneruese t\u00eb orkideve, nj\u00eb lule q\u00eb nuk p\u00ebrdorej n\u00eb kozmetik\u00eb n\u00eb at\u00eb koh\u00eb. P\u00ebr t\u00eb siguruar nj\u00eb zgjidhje p\u00ebr flok\u00ebt e that\u00eb dhe t\u00eb v\u00ebshtir\u00eb p\u00ebr stilizim, ai kombinoi ekstraktin e orkideve dhe vajrat e bim\u00ebve n\u00eb nj\u00eb mask\u00eb p\u00ebr t\u00eb forcuar p\u00ebrsosm\u00ebrin\u00eb dhe p\u00ebr t\u00eb zbutur flok\u00ebt m\u00eb t\u00eb padrejt\u00eb. Maska e fundit zbut\u00ebse, Masque \u00e0 l'Orchid\u00e9e mund t\u00eb p\u00ebrdoret si kondicioner p\u00ebr ta b\u00ebr\u00eb m\u00eb t\u00eb leht\u00eb stilimin ose si nj\u00eb trajtim t\u00eb thell\u00eb p\u00ebr t\u00eb ushqyer dhe riparuar flok\u00ebt.<\/p>","protected":false},"excerpt":{"rendered":"<div class=\"translation-block\">\n<p>Mask\u00eb kondicionuese e thell\u00eb p\u00ebr flok\u00eb t\u00eb trash\u00eb dhe t\u00eb that\u00eb<\/p><p> Trajtoni flok\u00ebt e dredhur ose ka\u00e7urrela me efektet ushqyese dhe zbut\u00ebse t\u00eb k\u00ebsaj maske. \u00cbsht\u00eb i mbushur me ceramide gruri q\u00eb forcojn\u00eb flok\u00ebt, proteina m\u00ebndafshi q\u00eb p\u00ebrmir\u00ebsojn\u00eb shk\u00eblqimin dhe vajra botanik\u00eb. Garantohen k\u00ebrcell super t\u00eb l\u00ebmuar, me shk\u00eblqim dhe t\u00eb rigjall\u00ebruar.<\/p>\n<\/div>","protected":false},"featured_media":2605,"template":"","meta":{"site-sidebar-layout":"default","site-content-layout":"","ast-site-content-layout":"default","site-content-style":"default","site-sidebar-style":"default","ast-global-header-display":"","ast-banner-title-visibility":"","ast-main-header-display":"","ast-hfb-above-header-display":"","ast-hfb-below-header-display":"","ast-hfb-mobile-header-display":"","site-post-title":"","ast-breadcrumbs-content":"","ast-featured-img":"","footer-sml-layout":"","ast-disable-related-posts":"","theme-transparent-header-meta":"default","adv-header-id-meta":"","stick-header-meta":"","header-above-stick-meta":"","header-main-stick-meta":"","header-below-stick-meta":"","astra-migrate-meta-layouts":"set","ast-page-background-enabled":"default","ast-page-background-meta":{"desktop":{"background-color":"var(--ast-global-color-4)","background-image":"","background-repeat":"repeat","background-position":"center center","background-size":"auto","background-attachment":"scroll","background-type":"","background-media":"","overlay-type":"","overlay-color":"","overlay-opacity":"","overlay-gradient":""},"tablet":{"background-color":"","background-image":"","background-repeat":"repeat","background-position":"center center","background-size":"auto","background-attachment":"scroll","background-type":"","background-media":"","overlay-type":"","overlay-color":"","overlay-opacity":"","overlay-gradient":""},"mobile":{"background-color":"","background-image":"","background-repeat":"repeat","background-position":"center center","background-size":"auto","background-attachment":"scroll","background-type":"","background-media":"","overlay-type":"","overlay-color":"","overlay-opacity":"","overlay-gradient":""}},"ast-content-background-meta":{"desktop":{"background-color":"var(--ast-global-color-5)","background-image":"","background-repeat":"repeat","background-position":"center center","background-size":"auto","background-attachment":"scroll","background-type":"","background-media":"","overlay-type":"","overlay-color":"","overlay-opacity":"","overlay-gradient":""},"tablet":{"background-color":"var(--ast-global-color-5)","background-image":"","background-repeat":"repeat","background-position":"center center","background-size":"auto","background-attachment":"scroll","background-type":"","background-media":"","overlay-type":"","overlay-color":"","overlay-opacity":"","overlay-gradient":""},"mobile":{"background-color":"var(--ast-global-color-5)","background-image":"","background-repeat":"repeat","background-position":"center center","background-size":"auto","background-attachment":"scroll","background-type":"","background-media":"","overlay-type":"","overlay-color":"","overlay-opacity":"","overlay-gradient":""}}},"product_brand":[],"product_cat":[44,45,28],"product_tag":[47,48,46],"class_list":{"0":"post-230","1":"product","2":"type-product","3":"status-publish","4":"has-post-thumbnail","6":"product_cat-conditioners-leonor-greyl","7":"product_cat-conditioning-masks","8":"product_cat-leonor-greyl","9":"product_tag-conditioners","10":"product_tag-hair-care","11":"product_tag-leonor-greyl","12":"desktop-align-center","13":"tablet-align-left","14":"mobile-align-left","15":"ast-product-gallery-layout-horizontal-slider","16":"ast-product-gallery-with-no-image","17":"ast-product-tabs-layout-horizontal","18":"ast-qv-on-image","20":"first","21":"instock","22":"virtual","23":"taxable","24":"purchasable","25":"product-type-simple"},"_links":{"self":[{"href":"https:\/\/faceology.net\/sq\/wp-json\/wp\/v2\/product\/230","targetHints":{"allow":["GET"]}}],"collection":[{"href":"https:\/\/faceology.net\/sq\/wp-json\/wp\/v2\/product"}],"about":[{"href":"https:\/\/faceology.net\/sq\/wp-json\/wp\/v2\/types\/product"}],"wp:featuredmedia":[{"embeddable":true,"href":"https:\/\/faceology.net\/sq\/wp-json\/wp\/v2\/media\/2605"}],"wp:attachment":[{"href":"https:\/\/faceology.net\/sq\/wp-json\/wp\/v2\/media?parent=230"}],"wp:term":[{"taxonomy":"product_brand","embeddable":true,"href":"https:\/\/faceology.net\/sq\/wp-json\/wp\/v2\/product_brand?post=230"},{"taxonomy":"product_cat","embeddable":true,"href":"https:\/\/faceology.net\/sq\/wp-json\/wp\/v2\/product_cat?post=230"},{"taxonomy":"product_tag","embeddable":true,"href":"https:\/\/faceology.net\/sq\/wp-json\/wp\/v2\/product_tag?post=230"}],"curies":[{"name":"wp","href":"https:\/\/api.w.org\/{rel}","templated":true}]}}