{"id":231,"date":"2020-02-11T21:17:54","date_gmt":"2020-02-11T21:17:54","guid":{"rendered":"https:\/\/faceology.net\/product\/soin-repigmentant-icy-brown-nourishing-conditioner-beautifies-and-enhances-color\/"},"modified":"2026-02-17T18:49:11","modified_gmt":"2026-02-17T18:49:11","slug":"soin-repigmentant-akullt-kafe-ushqyes-kondicioner-zbukuron-dhe-rrit-ngjyren","status":"publish","type":"product","link":"https:\/\/faceology.net\/sq\/product\/soin-repigmentant-icy-brown-nourishing-conditioner-beautifies-and-enhances-color\/","title":{"rendered":"REPIGMENTANT SOIN"},"content":{"rendered":"<p>N\u00eb vitin 2019, Leonor Greyl p\u00ebrdor p\u00ebrvoj\u00ebn e saj 50 vje\u00e7are n\u00eb p\u00ebrzierjen e teknikave t\u00eb saj t\u00eb ngjyrosjes me trajtimet e tyre ekzistuese p\u00ebr t\u00eb krijuar nj\u00eb koleksion t\u00eb ri: Soin Repigmentant. N\u00eb bashk\u00ebpunim me St\u00e9phane Pous, nj\u00eb ekspert parizian i ngjyrave q\u00eb ka njohur familjen p\u00ebr m\u00eb shum\u00eb se 20 vjet, Tom Brooks krijoi nj\u00eb linj\u00eb prej 5 hijeve q\u00eb forcojn\u00eb t\u00eb gjitha llojet e flok\u00ebve. Koncepti i k\u00ebtyre kondicioner\u00ebve p\u00ebrs\u00ebrit\u00ebs filloi 4 vjet m\u00eb par\u00eb: ideja ishte q\u00eb t\u00eb kombinohen p\u00ebrb\u00ebr\u00ebsit aktiv, pigmentet dhe p\u00ebrfitimet e trajtimit brenda formulave m\u00eb natyrale dhe efektive t\u00eb mundshme. E v\u00ebrtet\u00eb p\u00ebr ADN-n\u00eb e Leonor Greyl, Soin Repigmentant \u00ebsht\u00eb mbi t\u00eb gjitha nj\u00eb koktej me vajra t\u00eb fuqish\u00ebm dhe ekstrakte bimore q\u00eb sh\u00ebrojn\u00eb flok\u00ebt e lidhur me pigmente p\u00ebr t\u00eb forcuar ngjyr\u00ebn dhe shk\u00eblqimin.<\/p>","protected":false},"excerpt":{"rendered":"<div class=\"translation-block\">P\u00ebr rrezatim t\u00eb flok\u00ebve t\u00eb ngjyrosur \n\nProdhuar nga ekstrakte botanike  q\u00eb jan\u00eb mjaft t\u00eb but\u00eb p\u00ebr \u00e7do lloj floku. Ai siguron mbajtje t\u00eb mesme dhe t\u00eb fort\u00eb, duke siguruar q\u00eb stili juaj t\u00eb zgjas\u00eb gjith\u00eb dit\u00ebn, dhe \u00ebsht\u00eb i mbushur me filtra UV p\u00ebr t\u00eb mbrojtur kund\u00ebr d\u00ebmtimit t\u00eb diellit\n<\/div>","protected":false},"featured_media":555,"template":"","meta":{"site-sidebar-layout":"default","site-content-layout":"","ast-site-content-layout":"default","site-content-style":"default","site-sidebar-style":"default","ast-global-header-display":"","ast-banner-title-visibility":"","ast-main-header-display":"","ast-hfb-above-header-display":"","ast-hfb-below-header-display":"","ast-hfb-mobile-header-display":"","site-post-title":"","ast-breadcrumbs-content":"","ast-featured-img":"","footer-sml-layout":"","ast-disable-related-posts":"","theme-transparent-header-meta":"","adv-header-id-meta":"","stick-header-meta":"","header-above-stick-meta":"","header-main-stick-meta":"","header-below-stick-meta":"","astra-migrate-meta-layouts":"default","ast-page-background-enabled":"default","ast-page-background-meta":{"desktop":{"background-color":"var(--ast-global-color-4)","background-image":"","background-repeat":"repeat","background-position":"center center","background-size":"auto","background-attachment":"scroll","background-type":"","background-media":"","overlay-type":"","overlay-color":"","overlay-opacity":"","overlay-gradient":""},"tablet":{"background-color":"","background-image":"","background-repeat":"repeat","background-position":"center center","background-size":"auto","background-attachment":"scroll","background-type":"","background-media":"","overlay-type":"","overlay-color":"","overlay-opacity":"","overlay-gradient":""},"mobile":{"background-color":"","background-image":"","background-repeat":"repeat","background-position":"center center","background-size":"auto","background-attachment":"scroll","background-type":"","background-media":"","overlay-type":"","overlay-color":"","overlay-opacity":"","overlay-gradient":""}},"ast-content-background-meta":{"desktop":{"background-color":"var(--ast-global-color-5)","background-image":"","background-repeat":"repeat","background-position":"center center","background-size":"auto","background-attachment":"scroll","background-type":"","background-media":"","overlay-type":"","overlay-color":"","overlay-opacity":"","overlay-gradient":""},"tablet":{"background-color":"var(--ast-global-color-5)","background-image":"","background-repeat":"repeat","background-position":"center center","background-size":"auto","background-attachment":"scroll","background-type":"","background-media":"","overlay-type":"","overlay-color":"","overlay-opacity":"","overlay-gradient":""},"mobile":{"background-color":"var(--ast-global-color-5)","background-image":"","background-repeat":"repeat","background-position":"center center","background-size":"auto","background-attachment":"scroll","background-type":"","background-media":"","overlay-type":"","overlay-color":"","overlay-opacity":"","overlay-gradient":""}}},"product_brand":[],"product_cat":[44,28],"product_tag":[],"class_list":{"0":"post-231","1":"product","2":"type-product","3":"status-publish","4":"has-post-thumbnail","6":"product_cat-conditioners-leonor-greyl","7":"product_cat-leonor-greyl","8":"desktop-align-center","9":"tablet-align-left","10":"mobile-align-left","11":"ast-product-gallery-layout-horizontal-slider","12":"ast-product-gallery-with-no-image","13":"ast-product-single-variable","14":"ast-product-tabs-layout-horizontal","15":"ast-qv-on-image","17":"first","18":"instock","19":"taxable","20":"shipping-taxable","21":"purchasable","22":"product-type-variable"},"_links":{"self":[{"href":"https:\/\/faceology.net\/sq\/wp-json\/wp\/v2\/product\/231","targetHints":{"allow":["GET"]}}],"collection":[{"href":"https:\/\/faceology.net\/sq\/wp-json\/wp\/v2\/product"}],"about":[{"href":"https:\/\/faceology.net\/sq\/wp-json\/wp\/v2\/types\/product"}],"wp:featuredmedia":[{"embeddable":true,"href":"https:\/\/faceology.net\/sq\/wp-json\/wp\/v2\/media\/555"}],"wp:attachment":[{"href":"https:\/\/faceology.net\/sq\/wp-json\/wp\/v2\/media?parent=231"}],"wp:term":[{"taxonomy":"product_brand","embeddable":true,"href":"https:\/\/faceology.net\/sq\/wp-json\/wp\/v2\/product_brand?post=231"},{"taxonomy":"product_cat","embeddable":true,"href":"https:\/\/faceology.net\/sq\/wp-json\/wp\/v2\/product_cat?post=231"},{"taxonomy":"product_tag","embeddable":true,"href":"https:\/\/faceology.net\/sq\/wp-json\/wp\/v2\/product_tag?post=231"}],"curies":[{"name":"wp","href":"https:\/\/api.w.org\/{rel}","templated":true}]}}