{"id":237,"date":"2020-02-11T21:17:55","date_gmt":"2020-02-11T21:17:55","guid":{"rendered":"https:\/\/faceology.net\/product\/creme-aux-fleurs-cream-shampoo-for-very-dry-hair-sensitive-scalp\/"},"modified":"2026-02-17T18:49:11","modified_gmt":"2026-02-17T18:49:11","slug":"krem-aux-fleurs-krem-shampo-per-floke-shume-te-thate-sensitive-skalp","status":"publish","type":"product","link":"https:\/\/faceology.net\/sq\/product\/creme-aux-fleurs-cream-shampoo-for-very-dry-hair-sensitive-scalp\/","title":{"rendered":"CREME AUX FLEURS"},"content":{"rendered":"<p>N\u00eb sallonin ton\u00eb n\u00eb fillimet t\u00eb viteve 1970, Leonor rregullisht v\u00ebrente skalpet q\u00eb ishin b\u00ebr\u00eb jasht\u00ebzakonisht t\u00eb brishta si rezultat i kujdesit shum\u00eb kimik t\u00eb flok\u00ebve dhe produkteve p\u00ebr ngjyrosje t\u00eb p\u00ebrdorura n\u00eb at\u00eb koh\u00eb. Duke u bazuar n\u00eb v\u00ebzhgimet e gruas s\u00eb tij, Jean-Marie Greyl filloi t\u00eb punoj\u00eb n\u00eb nj\u00eb produkt p\u00ebr t\u00eb zbutur skalpet fal\u00eb ekstrakteve natyrale ultra-hidratuese dhe nj\u00eb baz\u00eb pastrimi shum\u00eb t\u00eb but\u00eb. Nj\u00eb pionier i l\u00ebvizjes low-poo, Cr\u00e8me aux Fleurs lindi n\u00eb 1973 dhe u b\u00eb nj\u00eb nga produktet ikonike t\u00eb mark\u00ebs, e p\u00ebrdorur n\u00eb protokollet e trajtimit n\u00eb t\u00eb gjith\u00eb bot\u00ebn. Stilist\u00ebt vler\u00ebsojn\u00eb gjithashtu nj\u00eb nga p\u00ebrfitimet e tij m\u00eb pak t\u00eb njohura: vendos ngjyr\u00ebn dhe rrit flok\u00ebt pas ngjyrosjes ose hij\u00ebzimit.<\/p>","protected":false},"excerpt":{"rendered":"<div class=\"translation-block\">\n<p>Trajtim p\u00ebr l\u00ebkur\u00ebn e kok\u00ebs p\u00ebr flok\u00eb t\u00eb that\u00eb<\/p><p> Ushqeni flok\u00ebt e that\u00eb dhe qet\u00ebsoni nj\u00eb skalp t\u00eb ndjesh\u00ebm me k\u00ebt\u00eb shampo dy-n\u00eb-nj\u00eb dhe trajtim lar\u00ebs me kondicioner t\u00eb thell\u00eb. I formuluar me p\u00ebrb\u00ebr\u00ebs natyral\u00eb, ky produkt \u00ebsht\u00eb i pasuruar me sherebel\u00eb dhe kamomil p\u00ebr t\u00eb qet\u00ebsuar kruajtjen dhe irritimin. Pem\u00ebt e dredhura dhe t\u00eb pamenaxhueshme do t\u00eb b\u00ebhen me shk\u00eblqim dhe t\u00eb l\u00ebmuar pas \u00e7do p\u00ebrdorimi.<\/p>\n<\/div>","protected":false},"featured_media":2596,"template":"","meta":{"site-sidebar-layout":"default","site-content-layout":"","ast-site-content-layout":"default","site-content-style":"default","site-sidebar-style":"default","ast-global-header-display":"","ast-banner-title-visibility":"","ast-main-header-display":"","ast-hfb-above-header-display":"","ast-hfb-below-header-display":"","ast-hfb-mobile-header-display":"","site-post-title":"","ast-breadcrumbs-content":"","ast-featured-img":"","footer-sml-layout":"","ast-disable-related-posts":"","theme-transparent-header-meta":"","adv-header-id-meta":"","stick-header-meta":"","header-above-stick-meta":"","header-main-stick-meta":"","header-below-stick-meta":"","astra-migrate-meta-layouts":"default","ast-page-background-enabled":"default","ast-page-background-meta":{"desktop":{"background-color":"var(--ast-global-color-4)","background-image":"","background-repeat":"repeat","background-position":"center center","background-size":"auto","background-attachment":"scroll","background-type":"","background-media":"","overlay-type":"","overlay-color":"","overlay-opacity":"","overlay-gradient":""},"tablet":{"background-color":"","background-image":"","background-repeat":"repeat","background-position":"center center","background-size":"auto","background-attachment":"scroll","background-type":"","background-media":"","overlay-type":"","overlay-color":"","overlay-opacity":"","overlay-gradient":""},"mobile":{"background-color":"","background-image":"","background-repeat":"repeat","background-position":"center center","background-size":"auto","background-attachment":"scroll","background-type":"","background-media":"","overlay-type":"","overlay-color":"","overlay-opacity":"","overlay-gradient":""}},"ast-content-background-meta":{"desktop":{"background-color":"var(--ast-global-color-5)","background-image":"","background-repeat":"repeat","background-position":"center center","background-size":"auto","background-attachment":"scroll","background-type":"","background-media":"","overlay-type":"","overlay-color":"","overlay-opacity":"","overlay-gradient":""},"tablet":{"background-color":"var(--ast-global-color-5)","background-image":"","background-repeat":"repeat","background-position":"center center","background-size":"auto","background-attachment":"scroll","background-type":"","background-media":"","overlay-type":"","overlay-color":"","overlay-opacity":"","overlay-gradient":""},"mobile":{"background-color":"var(--ast-global-color-5)","background-image":"","background-repeat":"repeat","background-position":"center center","background-size":"auto","background-attachment":"scroll","background-type":"","background-media":"","overlay-type":"","overlay-color":"","overlay-opacity":"","overlay-gradient":""}}},"product_brand":[],"product_cat":[43,28],"product_tag":[],"class_list":{"0":"post-237","1":"product","2":"type-product","3":"status-publish","4":"has-post-thumbnail","6":"product_cat-deep-acting-hair-treatment","7":"product_cat-leonor-greyl","8":"desktop-align-center","9":"tablet-align-left","10":"mobile-align-left","11":"ast-product-gallery-layout-horizontal-slider","12":"ast-product-gallery-with-no-image","13":"ast-product-tabs-layout-horizontal","14":"ast-qv-on-image","16":"first","17":"instock","18":"virtual","19":"taxable","20":"purchasable","21":"product-type-simple"},"_links":{"self":[{"href":"https:\/\/faceology.net\/sq\/wp-json\/wp\/v2\/product\/237","targetHints":{"allow":["GET"]}}],"collection":[{"href":"https:\/\/faceology.net\/sq\/wp-json\/wp\/v2\/product"}],"about":[{"href":"https:\/\/faceology.net\/sq\/wp-json\/wp\/v2\/types\/product"}],"wp:featuredmedia":[{"embeddable":true,"href":"https:\/\/faceology.net\/sq\/wp-json\/wp\/v2\/media\/2596"}],"wp:attachment":[{"href":"https:\/\/faceology.net\/sq\/wp-json\/wp\/v2\/media?parent=237"}],"wp:term":[{"taxonomy":"product_brand","embeddable":true,"href":"https:\/\/faceology.net\/sq\/wp-json\/wp\/v2\/product_brand?post=237"},{"taxonomy":"product_cat","embeddable":true,"href":"https:\/\/faceology.net\/sq\/wp-json\/wp\/v2\/product_cat?post=237"},{"taxonomy":"product_tag","embeddable":true,"href":"https:\/\/faceology.net\/sq\/wp-json\/wp\/v2\/product_tag?post=237"}],"curies":[{"name":"wp","href":"https:\/\/api.w.org\/{rel}","templated":true}]}}