{"id":239,"date":"2020-02-11T21:17:56","date_gmt":"2020-02-11T21:17:56","guid":{"rendered":"https:\/\/faceology.net\/product\/complexe-energisant-12-vials-of-5ml-hair-loss-treatment\/"},"modified":"2026-02-17T20:12:34","modified_gmt":"2026-02-17T20:12:34","slug":"kompleks-energjisant-12-shishke-e-5-ml-trajtim-per-humbjen-e-flokeve","status":"publish","type":"product","link":"https:\/\/faceology.net\/sq\/product\/complexe-energisant-12-vials-of-5ml-hair-loss-treatment\/","title":{"rendered":"KOMPLEKS ENERGISANT"},"content":{"rendered":"<p>Fillimisht e quajtur Complexe Placentaire, ky produkt u zhvillua n\u00eb 1992 p\u00ebr t\u00eb mbajtur shkaqet e humbjes s\u00eb flok\u00ebve n\u00eb kontroll. Reformuar dhe riem\u00ebruar Complexe Energisant, kompleksi p\u00ebrmban nj\u00eb koktej me ekstrakte natyrale t\u00eb zgjedhura me dor\u00eb nga Jean-Marie Greyl p\u00ebr efektet e tyre rigjeneruese n\u00eb l\u00ebkur\u00ebn e kok\u00ebs. N\u00eb fillim t\u00eb viteve 1990, produktet p\u00ebr forcimin e flok\u00ebve t\u00eb disponuesh\u00ebm n\u00eb treg shpesh p\u00ebrmbanin alkool. Jean-Marie Greyl q\u00ebndroi besnik ndaj vlerave t\u00eb tij dhe zgjodhi t\u00eb t\u00ebrhiqte fuqin\u00eb e bim\u00ebve p\u00ebr t\u00eb trajtuar n\u00eb m\u00ebnyr\u00eb efektive humbjen e flok\u00ebve.<\/p>","protected":false},"excerpt":{"rendered":"<div class=\"translation-block\">\n<p>Trajtim p\u00ebr skalpin e holl\u00eb pa e l\u00ebn\u00eb pas dore<\/p><p> Bim\u00ebt esenciale fuqizojn\u00eb k\u00ebt\u00eb trajtim energjik p\u00ebr skalpin e kok\u00ebs. Complexe \u00c9nergisant fuqizon indet dhe forcon flok\u00ebt duke trajtuar numrin maksimal t\u00eb faktor\u00ebve p\u00ebrgjegj\u00ebs p\u00ebr hollimin e flok\u00ebve. Formula e tij e koncentruar p\u00ebrfshin ekstrakte t\u00eb sherbel\u00ebs, mimoz\u00ebs, ahut, akacies dhe algave deti, dhe \u00ebsht\u00eb gjithashtu e pasur me vitamin\u00eb B2 p\u00ebr t\u00eb stimuluar rigjenerimin. I em\u00ebruar si nj\u00eb nga produktet m\u00eb t\u00eb mira p\u00ebr njer\u00ebzit e shqet\u00ebsuar p\u00ebr rritjen e flok\u00ebve, Complexe \u00c9nergisant zvog\u00eblon hollimin deri n\u00eb 85%. Me nj\u00eb arom\u00eb delikate pjeshke dhe frutash pasioni.<\/p>\n<\/div>","protected":false},"featured_media":3244,"template":"","meta":{"site-sidebar-layout":"default","site-content-layout":"","ast-site-content-layout":"default","site-content-style":"default","site-sidebar-style":"default","ast-global-header-display":"","ast-banner-title-visibility":"","ast-main-header-display":"","ast-hfb-above-header-display":"","ast-hfb-below-header-display":"","ast-hfb-mobile-header-display":"","site-post-title":"","ast-breadcrumbs-content":"","ast-featured-img":"","footer-sml-layout":"","ast-disable-related-posts":"","theme-transparent-header-meta":"default","adv-header-id-meta":"","stick-header-meta":"default","header-above-stick-meta":"","header-main-stick-meta":"","header-below-stick-meta":"","astra-migrate-meta-layouts":"set","ast-page-background-enabled":"default","ast-page-background-meta":{"desktop":{"background-color":"var(--ast-global-color-4)","background-image":"","background-repeat":"repeat","background-position":"center center","background-size":"auto","background-attachment":"scroll","background-type":"","background-media":"","overlay-type":"","overlay-color":"","overlay-opacity":"","overlay-gradient":""},"tablet":{"background-color":"","background-image":"","background-repeat":"repeat","background-position":"center center","background-size":"auto","background-attachment":"scroll","background-type":"","background-media":"","overlay-type":"","overlay-color":"","overlay-opacity":"","overlay-gradient":""},"mobile":{"background-color":"","background-image":"","background-repeat":"repeat","background-position":"center center","background-size":"auto","background-attachment":"scroll","background-type":"","background-media":"","overlay-type":"","overlay-color":"","overlay-opacity":"","overlay-gradient":""}},"ast-content-background-meta":{"desktop":{"background-color":"var(--ast-global-color-5)","background-image":"","background-repeat":"repeat","background-position":"center center","background-size":"auto","background-attachment":"scroll","background-type":"","background-media":"","overlay-type":"","overlay-color":"","overlay-opacity":"","overlay-gradient":""},"tablet":{"background-color":"var(--ast-global-color-5)","background-image":"","background-repeat":"repeat","background-position":"center center","background-size":"auto","background-attachment":"scroll","background-type":"","background-media":"","overlay-type":"","overlay-color":"","overlay-opacity":"","overlay-gradient":""},"mobile":{"background-color":"var(--ast-global-color-5)","background-image":"","background-repeat":"repeat","background-position":"center center","background-size":"auto","background-attachment":"scroll","background-type":"","background-media":"","overlay-type":"","overlay-color":"","overlay-opacity":"","overlay-gradient":""}}},"product_brand":[],"product_cat":[42,28],"product_tag":[],"class_list":{"0":"post-239","1":"product","2":"type-product","3":"status-publish","4":"has-post-thumbnail","6":"product_cat-leave-in-treatment","7":"product_cat-leonor-greyl","8":"desktop-align-center","9":"tablet-align-left","10":"mobile-align-left","11":"ast-product-gallery-layout-horizontal-slider","12":"ast-product-tabs-layout-horizontal","13":"ast-qv-on-image","15":"first","16":"instock","17":"virtual","18":"taxable","19":"purchasable","20":"product-type-simple"},"_links":{"self":[{"href":"https:\/\/faceology.net\/sq\/wp-json\/wp\/v2\/product\/239","targetHints":{"allow":["GET"]}}],"collection":[{"href":"https:\/\/faceology.net\/sq\/wp-json\/wp\/v2\/product"}],"about":[{"href":"https:\/\/faceology.net\/sq\/wp-json\/wp\/v2\/types\/product"}],"wp:featuredmedia":[{"embeddable":true,"href":"https:\/\/faceology.net\/sq\/wp-json\/wp\/v2\/media\/3244"}],"wp:attachment":[{"href":"https:\/\/faceology.net\/sq\/wp-json\/wp\/v2\/media?parent=239"}],"wp:term":[{"taxonomy":"product_brand","embeddable":true,"href":"https:\/\/faceology.net\/sq\/wp-json\/wp\/v2\/product_brand?post=239"},{"taxonomy":"product_cat","embeddable":true,"href":"https:\/\/faceology.net\/sq\/wp-json\/wp\/v2\/product_cat?post=239"},{"taxonomy":"product_tag","embeddable":true,"href":"https:\/\/faceology.net\/sq\/wp-json\/wp\/v2\/product_tag?post=239"}],"curies":[{"name":"wp","href":"https:\/\/api.w.org\/{rel}","templated":true}]}}