{"id":242,"date":"2020-02-11T21:17:56","date_gmt":"2020-02-11T21:17:56","guid":{"rendered":"https:\/\/faceology.net\/product\/tonique-hydratant-moisturizing-treatment-spray\/"},"modified":"2026-02-17T18:49:11","modified_gmt":"2026-02-17T18:49:11","slug":"tonique-hidratant-hidratues-trajtim-spray","status":"publish","type":"product","link":"https:\/\/faceology.net\/sq\/product\/tonique-hydratant-moisturizing-treatment-spray\/","title":{"rendered":"HIDRATANT TONIK"},"content":{"rendered":"<p>Lansuar n\u00eb 1990, ky sprej hidratues ishte krijuar p\u00ebr t\u00eb p\u00ebrsosur flok\u00ebt me nj\u00eb llak t\u00eb shpejt\u00eb dhe t\u00eb leht\u00eb. Ve\u00e7an\u00ebrisht i p\u00ebrshtatsh\u00ebm p\u00ebr flok\u00ebt e fryr\u00eb dhe rebelues, spraji p\u00ebrdoret shpesh p\u00ebr t\u00eb lagur flok\u00ebt dhe p\u00ebr ta b\u00ebr\u00eb m\u00eb t\u00eb leht\u00eb stilimin n\u00eb m\u00ebngjes pas larjes. Formula e saj tonifikuese dhe hidratuese nuk peshon flok\u00ebt posht\u00eb dhe menj\u00ebher\u00eb rigjenerohet.<\/p>","protected":false},"excerpt":{"rendered":"<div class=\"translation-block\">\n<p>Spraj hidratues dhe vitalizues Leave-In<\/p><p> Rezultat i menj\u00ebhersh\u00ebm p\u00ebr flok\u00eb m\u00eb t\u00eb but\u00eb me k\u00ebt\u00eb trajtim hidratues. E pasur me nj\u00eb kombinim t\u00eb algave t\u00eb detit dhe aminoacideve, ky spraj i leht\u00eb \u00ebsht\u00eb formuluar me kolagjen p\u00ebr t\u00eb forcuar, hidratuar dhe rigjall\u00ebruar \u00e7do fije.<\/p>\n<\/div>","protected":false},"featured_media":2580,"template":"","meta":{"site-sidebar-layout":"default","site-content-layout":"","ast-site-content-layout":"default","site-content-style":"default","site-sidebar-style":"default","ast-global-header-display":"","ast-banner-title-visibility":"","ast-main-header-display":"","ast-hfb-above-header-display":"","ast-hfb-below-header-display":"","ast-hfb-mobile-header-display":"","site-post-title":"","ast-breadcrumbs-content":"","ast-featured-img":"","footer-sml-layout":"","ast-disable-related-posts":"","theme-transparent-header-meta":"","adv-header-id-meta":"","stick-header-meta":"","header-above-stick-meta":"","header-main-stick-meta":"","header-below-stick-meta":"","astra-migrate-meta-layouts":"default","ast-page-background-enabled":"default","ast-page-background-meta":{"desktop":{"background-color":"var(--ast-global-color-4)","background-image":"","background-repeat":"repeat","background-position":"center center","background-size":"auto","background-attachment":"scroll","background-type":"","background-media":"","overlay-type":"","overlay-color":"","overlay-opacity":"","overlay-gradient":""},"tablet":{"background-color":"","background-image":"","background-repeat":"repeat","background-position":"center center","background-size":"auto","background-attachment":"scroll","background-type":"","background-media":"","overlay-type":"","overlay-color":"","overlay-opacity":"","overlay-gradient":""},"mobile":{"background-color":"","background-image":"","background-repeat":"repeat","background-position":"center center","background-size":"auto","background-attachment":"scroll","background-type":"","background-media":"","overlay-type":"","overlay-color":"","overlay-opacity":"","overlay-gradient":""}},"ast-content-background-meta":{"desktop":{"background-color":"var(--ast-global-color-5)","background-image":"","background-repeat":"repeat","background-position":"center center","background-size":"auto","background-attachment":"scroll","background-type":"","background-media":"","overlay-type":"","overlay-color":"","overlay-opacity":"","overlay-gradient":""},"tablet":{"background-color":"var(--ast-global-color-5)","background-image":"","background-repeat":"repeat","background-position":"center center","background-size":"auto","background-attachment":"scroll","background-type":"","background-media":"","overlay-type":"","overlay-color":"","overlay-opacity":"","overlay-gradient":""},"mobile":{"background-color":"var(--ast-global-color-5)","background-image":"","background-repeat":"repeat","background-position":"center center","background-size":"auto","background-attachment":"scroll","background-type":"","background-media":"","overlay-type":"","overlay-color":"","overlay-opacity":"","overlay-gradient":""}}},"product_brand":[],"product_cat":[42,28],"product_tag":[],"class_list":{"0":"post-242","1":"product","2":"type-product","3":"status-publish","4":"has-post-thumbnail","6":"product_cat-leave-in-treatment","7":"product_cat-leonor-greyl","8":"desktop-align-center","9":"tablet-align-left","10":"mobile-align-left","11":"ast-product-gallery-layout-horizontal-slider","12":"ast-product-gallery-with-no-image","13":"ast-product-tabs-layout-horizontal","14":"ast-qv-on-image","16":"first","17":"instock","18":"virtual","19":"taxable","20":"purchasable","21":"product-type-simple"},"_links":{"self":[{"href":"https:\/\/faceology.net\/sq\/wp-json\/wp\/v2\/product\/242","targetHints":{"allow":["GET"]}}],"collection":[{"href":"https:\/\/faceology.net\/sq\/wp-json\/wp\/v2\/product"}],"about":[{"href":"https:\/\/faceology.net\/sq\/wp-json\/wp\/v2\/types\/product"}],"wp:featuredmedia":[{"embeddable":true,"href":"https:\/\/faceology.net\/sq\/wp-json\/wp\/v2\/media\/2580"}],"wp:attachment":[{"href":"https:\/\/faceology.net\/sq\/wp-json\/wp\/v2\/media?parent=242"}],"wp:term":[{"taxonomy":"product_brand","embeddable":true,"href":"https:\/\/faceology.net\/sq\/wp-json\/wp\/v2\/product_brand?post=242"},{"taxonomy":"product_cat","embeddable":true,"href":"https:\/\/faceology.net\/sq\/wp-json\/wp\/v2\/product_cat?post=242"},{"taxonomy":"product_tag","embeddable":true,"href":"https:\/\/faceology.net\/sq\/wp-json\/wp\/v2\/product_tag?post=242"}],"curies":[{"name":"wp","href":"https:\/\/api.w.org\/{rel}","templated":true}]}}