{"id":243,"date":"2020-02-11T21:17:56","date_gmt":"2020-02-11T21:17:56","guid":{"rendered":"https:\/\/faceology.net\/product\/algues-et-fleurs-curl-enhancer\/"},"modified":"2026-02-17T18:49:13","modified_gmt":"2026-02-17T18:49:13","slug":"algues-et-fleurs-permiresues-i-kacurrelave","status":"publish","type":"product","link":"https:\/\/faceology.net\/sq\/product\/algues-et-fleurs-curl-enhancer\/","title":{"rendered":"ALGUES ET FLEURS"},"content":{"rendered":"<p>Ngjyrosjet ishin  gjith\u00eb buj\u00eb n\u00eb vitet 1980, dhe frym\u00ebzuan Algues &amp; Fleurs, nj\u00eb produkt styling p\u00ebr t'i dh\u00ebn\u00eb fryrje dhe p\u00ebrkufizim ka\u00e7urrelash. N\u00eb sallonin e  Institutit t\u00eb saj, Leonor duhej t\u00eb ishte n\u00eb gjendje t\u00eb ofronte nj\u00eb zgjidhje p\u00ebr flok\u00ebt e d\u00ebmtuar nga kjo prirje. Jean-Marie Greyl mori frym\u00ebzim nga Bain Reststrucurant, i l\u00ebshuar n\u00eb vitin 1981, dhe \u00ebnd\u00ebrroi k\u00ebt\u00eb locion t\u00eb tonifikimit te ka\u00e7urreleve, bazuar n\u00eb alga deti dhe ekstrakte lulesh. Ripaketuar si sprej disa vjet m\u00eb von\u00eb, Algues &amp; Fleurs u b\u00eb nj\u00eb mjet i dobish\u00ebm i p\u00ebrdorur nga stilist\u00ebt p\u00ebr t\u00eb gjith\u00eb flok\u00ebt ka\u00e7urrel\u00eb ose me onde natyrale q\u00eb nuk kan\u00eb gjall\u00ebri.<\/p>","protected":false},"excerpt":{"rendered":"<div class=\"translation-block\">\n<p>Stilimi me sp\u00ebrkatje p\u00ebr p\u00ebrmir\u00ebsimin e ka\u00e7urrelave t\u00eb l\u00ebmuara mund t\u00eb t\u00ebrheq\u00eb lag\u00ebshtin\u00eb e ka\u00e7urrelave tuaja, duke i l\u00ebn\u00eb ato t\u00eb thata dhe t\u00eb dredhura. Ky trajtim i l\u00ebmuar rikthen hidratimin p\u00ebr flok\u00eb t\u00eb gjall\u00eb dhe me shk\u00eblqim. \u00cbsht\u00eb i mbushur me ekstrakte t\u00eb algave t\u00eb detit p\u00ebr t\u00eb zb\u00ebrthyer, kondicionuar dhe nxitur vitalitetin.<\/p>\n<\/div>","protected":false},"featured_media":2589,"template":"","meta":{"site-sidebar-layout":"default","site-content-layout":"","ast-site-content-layout":"default","site-content-style":"default","site-sidebar-style":"default","ast-global-header-display":"","ast-banner-title-visibility":"","ast-main-header-display":"","ast-hfb-above-header-display":"","ast-hfb-below-header-display":"","ast-hfb-mobile-header-display":"","site-post-title":"","ast-breadcrumbs-content":"","ast-featured-img":"","footer-sml-layout":"","ast-disable-related-posts":"","theme-transparent-header-meta":"","adv-header-id-meta":"","stick-header-meta":"","header-above-stick-meta":"","header-main-stick-meta":"","header-below-stick-meta":"","astra-migrate-meta-layouts":"default","ast-page-background-enabled":"default","ast-page-background-meta":{"desktop":{"background-color":"var(--ast-global-color-4)","background-image":"","background-repeat":"repeat","background-position":"center center","background-size":"auto","background-attachment":"scroll","background-type":"","background-media":"","overlay-type":"","overlay-color":"","overlay-opacity":"","overlay-gradient":""},"tablet":{"background-color":"","background-image":"","background-repeat":"repeat","background-position":"center center","background-size":"auto","background-attachment":"scroll","background-type":"","background-media":"","overlay-type":"","overlay-color":"","overlay-opacity":"","overlay-gradient":""},"mobile":{"background-color":"","background-image":"","background-repeat":"repeat","background-position":"center center","background-size":"auto","background-attachment":"scroll","background-type":"","background-media":"","overlay-type":"","overlay-color":"","overlay-opacity":"","overlay-gradient":""}},"ast-content-background-meta":{"desktop":{"background-color":"var(--ast-global-color-5)","background-image":"","background-repeat":"repeat","background-position":"center center","background-size":"auto","background-attachment":"scroll","background-type":"","background-media":"","overlay-type":"","overlay-color":"","overlay-opacity":"","overlay-gradient":""},"tablet":{"background-color":"var(--ast-global-color-5)","background-image":"","background-repeat":"repeat","background-position":"center center","background-size":"auto","background-attachment":"scroll","background-type":"","background-media":"","overlay-type":"","overlay-color":"","overlay-opacity":"","overlay-gradient":""},"mobile":{"background-color":"var(--ast-global-color-5)","background-image":"","background-repeat":"repeat","background-position":"center center","background-size":"auto","background-attachment":"scroll","background-type":"","background-media":"","overlay-type":"","overlay-color":"","overlay-opacity":"","overlay-gradient":""}}},"product_brand":[],"product_cat":[28,40],"product_tag":[],"class_list":{"0":"post-243","1":"product","2":"type-product","3":"status-publish","4":"has-post-thumbnail","6":"product_cat-leonor-greyl","7":"product_cat-styling-products","8":"desktop-align-center","9":"tablet-align-left","10":"mobile-align-left","11":"ast-product-gallery-layout-horizontal-slider","12":"ast-product-gallery-with-no-image","13":"ast-product-tabs-layout-horizontal","14":"ast-qv-on-image","16":"first","17":"instock","18":"virtual","19":"taxable","20":"purchasable","21":"product-type-simple"},"_links":{"self":[{"href":"https:\/\/faceology.net\/sq\/wp-json\/wp\/v2\/product\/243","targetHints":{"allow":["GET"]}}],"collection":[{"href":"https:\/\/faceology.net\/sq\/wp-json\/wp\/v2\/product"}],"about":[{"href":"https:\/\/faceology.net\/sq\/wp-json\/wp\/v2\/types\/product"}],"wp:featuredmedia":[{"embeddable":true,"href":"https:\/\/faceology.net\/sq\/wp-json\/wp\/v2\/media\/2589"}],"wp:attachment":[{"href":"https:\/\/faceology.net\/sq\/wp-json\/wp\/v2\/media?parent=243"}],"wp:term":[{"taxonomy":"product_brand","embeddable":true,"href":"https:\/\/faceology.net\/sq\/wp-json\/wp\/v2\/product_brand?post=243"},{"taxonomy":"product_cat","embeddable":true,"href":"https:\/\/faceology.net\/sq\/wp-json\/wp\/v2\/product_cat?post=243"},{"taxonomy":"product_tag","embeddable":true,"href":"https:\/\/faceology.net\/sq\/wp-json\/wp\/v2\/product_tag?post=243"}],"curies":[{"name":"wp","href":"https:\/\/api.w.org\/{rel}","templated":true}]}}