{"id":247,"date":"2020-02-11T21:17:57","date_gmt":"2020-02-11T21:17:57","guid":{"rendered":"https:\/\/faceology.net\/product\/condition-naturelle-special-blow-drying-protects-untangles-conditions-and-gives-volume\/"},"modified":"2026-02-17T18:49:13","modified_gmt":"2026-02-17T18:49:13","slug":"kusht-naturelle-special-fryrje-tharje-mbron-zgjidh-zgjidh-kushtet-dhe-i-jep-volum","status":"publish","type":"product","link":"https:\/\/faceology.net\/sq\/product\/condition-naturelle-special-blow-drying-protects-untangles-conditions-and-gives-volume\/","title":{"rendered":"CONDITION NATURELLE"},"content":{"rendered":"<p>Condition Naturelle ishte produkti i par\u00eb i mark\u00ebs, i dizajnuar nga Jean-Marie Greyl n\u00eb 1971 p\u00ebr t\u00eb mbrojtur flok\u00ebt nga d\u00ebmtimet e shkaktuara nga mjetet e styling. Nd\u00ebrsa tharjet me tharese elektrike shiheshin si hapi i fundit thelb\u00ebsor p\u00ebr shtimin e v\u00ebllimit dhe sigurimin e mbajtjes, ato shpesh kryheshin pa mbrojtje t\u00eb shtuar, duke i kthyer flok\u00ebt t\u00eb that\u00eb, t\u00eb brisht\u00eb dhe t\u00eb shurdh\u00ebr. Duke t\u00ebrhequr frym\u00ebzimin nga vetit\u00eb mbrojt\u00ebse, formuese t\u00eb filmit t\u00eb ekstraktit t\u00eb alga detit t\u00eb kondicionuar, Z. Greyl zhvilloi k\u00ebt\u00eb llak mbrojt\u00ebs nga nxeht\u00ebsia p\u00ebr t\u00eb shtuar trupin, i krijuar p\u00ebr tu p\u00ebrdorur si nj\u00eb prekje p\u00ebrfundimtare pas larjes ose kondicionimit p\u00ebr t\u00eb mbajtur flok\u00ebt t\u00eb but\u00eb dhe me shk\u00eblqim.<\/p>","protected":false},"excerpt":{"rendered":"<div class=\"translation-block\">Spray Styling q\u00eb mbron nga nxeht\u00ebsia dhe v\u00ebllimi punon me funksion t\u00eb dyfisht\u00eb si nj\u00eb mbrojt\u00ebs ndaj nxeht\u00ebsis\u00eb dhe kondicioner q\u00eb l\u00eb brenda. Kjo mjegull e leht\u00eb \u00ebsht\u00eb formuluar p\u00ebr t\u00eb hidratuar flok\u00ebt tuaj dhe p\u00ebr t\u00eb parandaluar d\u00ebmtimin e shkaktuar nga mjetet e stilimit. Ne i duam rezultatet voluminoze dhe me shk\u00eblqim.<\/p>\n<\/div>","protected":false},"featured_media":2571,"template":"","meta":{"site-sidebar-layout":"default","site-content-layout":"","ast-site-content-layout":"default","site-content-style":"default","site-sidebar-style":"default","ast-global-header-display":"","ast-banner-title-visibility":"","ast-main-header-display":"","ast-hfb-above-header-display":"","ast-hfb-below-header-display":"","ast-hfb-mobile-header-display":"","site-post-title":"","ast-breadcrumbs-content":"","ast-featured-img":"","footer-sml-layout":"","ast-disable-related-posts":"","theme-transparent-header-meta":"","adv-header-id-meta":"","stick-header-meta":"","header-above-stick-meta":"","header-main-stick-meta":"","header-below-stick-meta":"","astra-migrate-meta-layouts":"default","ast-page-background-enabled":"default","ast-page-background-meta":{"desktop":{"background-color":"var(--ast-global-color-4)","background-image":"","background-repeat":"repeat","background-position":"center center","background-size":"auto","background-attachment":"scroll","background-type":"","background-media":"","overlay-type":"","overlay-color":"","overlay-opacity":"","overlay-gradient":""},"tablet":{"background-color":"","background-image":"","background-repeat":"repeat","background-position":"center center","background-size":"auto","background-attachment":"scroll","background-type":"","background-media":"","overlay-type":"","overlay-color":"","overlay-opacity":"","overlay-gradient":""},"mobile":{"background-color":"","background-image":"","background-repeat":"repeat","background-position":"center center","background-size":"auto","background-attachment":"scroll","background-type":"","background-media":"","overlay-type":"","overlay-color":"","overlay-opacity":"","overlay-gradient":""}},"ast-content-background-meta":{"desktop":{"background-color":"var(--ast-global-color-5)","background-image":"","background-repeat":"repeat","background-position":"center center","background-size":"auto","background-attachment":"scroll","background-type":"","background-media":"","overlay-type":"","overlay-color":"","overlay-opacity":"","overlay-gradient":""},"tablet":{"background-color":"var(--ast-global-color-5)","background-image":"","background-repeat":"repeat","background-position":"center center","background-size":"auto","background-attachment":"scroll","background-type":"","background-media":"","overlay-type":"","overlay-color":"","overlay-opacity":"","overlay-gradient":""},"mobile":{"background-color":"var(--ast-global-color-5)","background-image":"","background-repeat":"repeat","background-position":"center center","background-size":"auto","background-attachment":"scroll","background-type":"","background-media":"","overlay-type":"","overlay-color":"","overlay-opacity":"","overlay-gradient":""}}},"product_brand":[],"product_cat":[28,40],"product_tag":[],"class_list":{"0":"post-247","1":"product","2":"type-product","3":"status-publish","4":"has-post-thumbnail","6":"product_cat-leonor-greyl","7":"product_cat-styling-products","8":"desktop-align-center","9":"tablet-align-left","10":"mobile-align-left","11":"ast-product-gallery-layout-horizontal-slider","12":"ast-product-gallery-with-no-image","13":"ast-product-tabs-layout-horizontal","14":"ast-qv-on-image","16":"first","17":"instock","18":"virtual","19":"taxable","20":"purchasable","21":"product-type-simple"},"_links":{"self":[{"href":"https:\/\/faceology.net\/sq\/wp-json\/wp\/v2\/product\/247","targetHints":{"allow":["GET"]}}],"collection":[{"href":"https:\/\/faceology.net\/sq\/wp-json\/wp\/v2\/product"}],"about":[{"href":"https:\/\/faceology.net\/sq\/wp-json\/wp\/v2\/types\/product"}],"wp:featuredmedia":[{"embeddable":true,"href":"https:\/\/faceology.net\/sq\/wp-json\/wp\/v2\/media\/2571"}],"wp:attachment":[{"href":"https:\/\/faceology.net\/sq\/wp-json\/wp\/v2\/media?parent=247"}],"wp:term":[{"taxonomy":"product_brand","embeddable":true,"href":"https:\/\/faceology.net\/sq\/wp-json\/wp\/v2\/product_brand?post=247"},{"taxonomy":"product_cat","embeddable":true,"href":"https:\/\/faceology.net\/sq\/wp-json\/wp\/v2\/product_cat?post=247"},{"taxonomy":"product_tag","embeddable":true,"href":"https:\/\/faceology.net\/sq\/wp-json\/wp\/v2\/product_tag?post=247"}],"curies":[{"name":"wp","href":"https:\/\/api.w.org\/{rel}","templated":true}]}}