{"id":248,"date":"2020-02-11T21:17:57","date_gmt":"2020-02-11T21:17:57","guid":{"rendered":"https:\/\/faceology.net\/product\/voluforme-styling-spray-for-volume-and-hold\/"},"modified":"2026-02-17T18:49:13","modified_gmt":"2026-02-17T18:49:13","slug":"voluforme-styling-sperkatje-per-vellim-dhe-mbajtje","status":"publish","type":"product","link":"https:\/\/faceology.net\/sq\/product\/voluforme-styling-spray-for-volume-and-hold\/","title":{"rendered":"VOLUFORME"},"content":{"rendered":"<p>Vitet 1980 pan\u00eb ngritjen e \"curlers dhe rollers\", dhe si p\u00ebrgjigje, Leonor d\u00ebshironte t\u00eb p\u00ebrmir\u00ebsonte teknik\u00ebn duke p\u00ebrdorur nj\u00eb produkt q\u00eb do t\u00eb siguronte ka\u00e7urrele t\u00eb gjata. Duke u mb\u00ebshtetur n\u00eb formul\u00ebn e p\u00ebrdorur n\u00eb Laque Souple, t\u00eb l\u00ebshuar shtat\u00eb vjet m\u00eb par\u00eb, Jean-Marie krijoi Voluforme n\u00eb 1985, nj\u00eb llak q\u00eb do t\u00eb aplikohej n\u00eb ka\u00e7urrele individuale p\u00ebrpara se t\u00eb p\u00ebrdorni rollers. Fal\u00eb nj\u00eb mori vetish natyrale dhe p\u00ebrb\u00ebr\u00ebsish mbrojt\u00ebs, llaku shkurton koh\u00ebn e tharjes, t\u00eb cil\u00ebn Leonor donte. Sot, \u00ebsht\u00eb ideale p\u00ebr t\u00eb gjitha stilet q\u00eb th\u00ebrrasin nga rollers ose nga nj\u00eb fur\u00e7\u00eb e rrumbullak\u00ebt: ka\u00e7urrele dhe val\u00eb, duke rritur v\u00ebllimin n\u00eb rr\u00ebnj\u00ebt, ka\u00e7urrele XXL.<\/p>","protected":false},"excerpt":{"rendered":"<div class=\"translation-block\">\n<p>Spray styling p\u00ebr volum dhe mbajtje<\/p><p> Fal\u00eb formul\u00ebs s\u00eb tij t\u00eb pasur me vaj jojoba, kjo mjegull pa pesh\u00eb siguron l\u00ebvizje fleksib\u00ebl, natyrale pa l\u00ebn\u00eb asnj\u00eb mbetje, ngjitje ose ndjesi krokante. Ajo vendos me shpejt\u00ebsi ka\u00e7urrelat dhe shton volumin n\u00eb rr\u00ebnj\u00eb duke ju dh\u00ebn\u00eb pamjen e p\u00ebrsosur t\u00eb l\u00ebmuar.<\/p>\n<\/div>","protected":false},"featured_media":2576,"template":"","meta":{"site-sidebar-layout":"default","site-content-layout":"","ast-site-content-layout":"default","site-content-style":"default","site-sidebar-style":"default","ast-global-header-display":"","ast-banner-title-visibility":"","ast-main-header-display":"","ast-hfb-above-header-display":"","ast-hfb-below-header-display":"","ast-hfb-mobile-header-display":"","site-post-title":"","ast-breadcrumbs-content":"","ast-featured-img":"","footer-sml-layout":"","ast-disable-related-posts":"","theme-transparent-header-meta":"","adv-header-id-meta":"","stick-header-meta":"","header-above-stick-meta":"","header-main-stick-meta":"","header-below-stick-meta":"","astra-migrate-meta-layouts":"default","ast-page-background-enabled":"default","ast-page-background-meta":{"desktop":{"background-color":"var(--ast-global-color-4)","background-image":"","background-repeat":"repeat","background-position":"center center","background-size":"auto","background-attachment":"scroll","background-type":"","background-media":"","overlay-type":"","overlay-color":"","overlay-opacity":"","overlay-gradient":""},"tablet":{"background-color":"","background-image":"","background-repeat":"repeat","background-position":"center center","background-size":"auto","background-attachment":"scroll","background-type":"","background-media":"","overlay-type":"","overlay-color":"","overlay-opacity":"","overlay-gradient":""},"mobile":{"background-color":"","background-image":"","background-repeat":"repeat","background-position":"center center","background-size":"auto","background-attachment":"scroll","background-type":"","background-media":"","overlay-type":"","overlay-color":"","overlay-opacity":"","overlay-gradient":""}},"ast-content-background-meta":{"desktop":{"background-color":"var(--ast-global-color-5)","background-image":"","background-repeat":"repeat","background-position":"center center","background-size":"auto","background-attachment":"scroll","background-type":"","background-media":"","overlay-type":"","overlay-color":"","overlay-opacity":"","overlay-gradient":""},"tablet":{"background-color":"var(--ast-global-color-5)","background-image":"","background-repeat":"repeat","background-position":"center center","background-size":"auto","background-attachment":"scroll","background-type":"","background-media":"","overlay-type":"","overlay-color":"","overlay-opacity":"","overlay-gradient":""},"mobile":{"background-color":"var(--ast-global-color-5)","background-image":"","background-repeat":"repeat","background-position":"center center","background-size":"auto","background-attachment":"scroll","background-type":"","background-media":"","overlay-type":"","overlay-color":"","overlay-opacity":"","overlay-gradient":""}}},"product_brand":[],"product_cat":[28,40],"product_tag":[],"class_list":{"0":"post-248","1":"product","2":"type-product","3":"status-publish","4":"has-post-thumbnail","6":"product_cat-leonor-greyl","7":"product_cat-styling-products","8":"desktop-align-center","9":"tablet-align-left","10":"mobile-align-left","11":"ast-product-gallery-layout-horizontal-slider","12":"ast-product-gallery-with-no-image","13":"ast-product-tabs-layout-horizontal","14":"ast-qv-on-image","16":"first","17":"instock","18":"virtual","19":"taxable","20":"purchasable","21":"product-type-simple"},"_links":{"self":[{"href":"https:\/\/faceology.net\/sq\/wp-json\/wp\/v2\/product\/248","targetHints":{"allow":["GET"]}}],"collection":[{"href":"https:\/\/faceology.net\/sq\/wp-json\/wp\/v2\/product"}],"about":[{"href":"https:\/\/faceology.net\/sq\/wp-json\/wp\/v2\/types\/product"}],"wp:featuredmedia":[{"embeddable":true,"href":"https:\/\/faceology.net\/sq\/wp-json\/wp\/v2\/media\/2576"}],"wp:attachment":[{"href":"https:\/\/faceology.net\/sq\/wp-json\/wp\/v2\/media?parent=248"}],"wp:term":[{"taxonomy":"product_brand","embeddable":true,"href":"https:\/\/faceology.net\/sq\/wp-json\/wp\/v2\/product_brand?post=248"},{"taxonomy":"product_cat","embeddable":true,"href":"https:\/\/faceology.net\/sq\/wp-json\/wp\/v2\/product_cat?post=248"},{"taxonomy":"product_tag","embeddable":true,"href":"https:\/\/faceology.net\/sq\/wp-json\/wp\/v2\/product_tag?post=248"}],"curies":[{"name":"wp","href":"https:\/\/api.w.org\/{rel}","templated":true}]}}