{"id":249,"date":"2020-02-11T21:17:57","date_gmt":"2020-02-11T21:17:57","guid":{"rendered":"https:\/\/faceology.net\/product\/mousse-au-lotus-volumatrice\/"},"modified":"2026-02-17T18:49:13","modified_gmt":"2026-02-17T18:49:13","slug":"mousse-au-lotus-volumatrice","status":"publish","type":"product","link":"https:\/\/faceology.net\/sq\/product\/mousse-au-lotus-volumatrice\/","title":{"rendered":"MOUSSE AU LOTUS VOLUMATRICE"},"content":{"rendered":"<p>2006 pati ardhjen e volumit t\u00eb Mousse au Lotus, zhvilluar nga Tom Brooks, i cili d\u00ebshironte t\u00eb shtonte n\u00eb varg nj\u00eb produkt t\u00eb ri, p\u00ebr rritje t\u00eb menj\u00ebhershme t\u00eb v\u00ebllimit. Pas disa muajsh k\u00ebrkimesh n\u00eb ekstrakte bimore me veti zbut\u00ebse, ai zgjodhi zambakun p\u00ebr fuqit\u00eb e tij stimuluese dhe mbrojt\u00ebse. Ai shtoi nj\u00eb filt\u00ebr UVA \/ UVB p\u00ebr t\u00eb mbrojtur flok\u00ebt nga rrezet e tharjes s\u00eb diellit, dhe i kombinoi p\u00ebrb\u00ebr\u00ebsit e tij n\u00eb nj\u00eb formul\u00eb pa alkool q\u00eb ishte i but\u00eb me fibrat e flok\u00ebve - flok\u00ebt q\u00eb kishin munges\u00eb v\u00ebllimi m\u00eb n\u00eb fund kishin gjetur arm\u00ebn e saj sekrete. Mousse u dha nj\u00eb \u00e7mim n\u00eb 2007, dhe \u00ebsht\u00eb nj\u00eb produkt styling tep\u00ebr i gjithansh\u00ebm: i p\u00ebrsosur p\u00ebr strukturimin e flok\u00ebve t\u00eb lagur, p\u00ebrcaktimin e curls, arritjen e nj\u00eb goditje t\u00eb that\u00eb n\u00eb Hollywood, ose p\u00ebrsosjen e val\u00ebve romantike ...<\/p>","protected":false},"excerpt":{"rendered":"<div class=\"translation-block\">\n<p>Mousse Styling Volumizing<\/p><p> I b\u00ebr\u00eb me ekstrakte jojoba dhe kamomil, ky mousse stilues pa alkool jep volum, shk\u00eblqim dhe q\u00ebndrueshm\u00ebri edhe tek fijet m\u00eb t\u00eb mira dhe m\u00eb t\u00eb dredhura.<\/p>\n<\/div>","protected":false},"featured_media":2574,"template":"","meta":{"site-sidebar-layout":"default","site-content-layout":"","ast-site-content-layout":"default","site-content-style":"default","site-sidebar-style":"default","ast-global-header-display":"","ast-banner-title-visibility":"","ast-main-header-display":"","ast-hfb-above-header-display":"","ast-hfb-below-header-display":"","ast-hfb-mobile-header-display":"","site-post-title":"","ast-breadcrumbs-content":"","ast-featured-img":"","footer-sml-layout":"","ast-disable-related-posts":"","theme-transparent-header-meta":"","adv-header-id-meta":"","stick-header-meta":"","header-above-stick-meta":"","header-main-stick-meta":"","header-below-stick-meta":"","astra-migrate-meta-layouts":"default","ast-page-background-enabled":"default","ast-page-background-meta":{"desktop":{"background-color":"var(--ast-global-color-4)","background-image":"","background-repeat":"repeat","background-position":"center center","background-size":"auto","background-attachment":"scroll","background-type":"","background-media":"","overlay-type":"","overlay-color":"","overlay-opacity":"","overlay-gradient":""},"tablet":{"background-color":"","background-image":"","background-repeat":"repeat","background-position":"center center","background-size":"auto","background-attachment":"scroll","background-type":"","background-media":"","overlay-type":"","overlay-color":"","overlay-opacity":"","overlay-gradient":""},"mobile":{"background-color":"","background-image":"","background-repeat":"repeat","background-position":"center center","background-size":"auto","background-attachment":"scroll","background-type":"","background-media":"","overlay-type":"","overlay-color":"","overlay-opacity":"","overlay-gradient":""}},"ast-content-background-meta":{"desktop":{"background-color":"var(--ast-global-color-5)","background-image":"","background-repeat":"repeat","background-position":"center center","background-size":"auto","background-attachment":"scroll","background-type":"","background-media":"","overlay-type":"","overlay-color":"","overlay-opacity":"","overlay-gradient":""},"tablet":{"background-color":"var(--ast-global-color-5)","background-image":"","background-repeat":"repeat","background-position":"center center","background-size":"auto","background-attachment":"scroll","background-type":"","background-media":"","overlay-type":"","overlay-color":"","overlay-opacity":"","overlay-gradient":""},"mobile":{"background-color":"var(--ast-global-color-5)","background-image":"","background-repeat":"repeat","background-position":"center center","background-size":"auto","background-attachment":"scroll","background-type":"","background-media":"","overlay-type":"","overlay-color":"","overlay-opacity":"","overlay-gradient":""}}},"product_brand":[],"product_cat":[28,40],"product_tag":[],"class_list":{"0":"post-249","1":"product","2":"type-product","3":"status-publish","4":"has-post-thumbnail","6":"product_cat-leonor-greyl","7":"product_cat-styling-products","8":"desktop-align-center","9":"tablet-align-left","10":"mobile-align-left","11":"ast-product-gallery-layout-horizontal-slider","12":"ast-product-gallery-with-no-image","13":"ast-product-tabs-layout-horizontal","14":"ast-qv-on-image","16":"first","17":"instock","18":"virtual","19":"taxable","20":"purchasable","21":"product-type-simple"},"_links":{"self":[{"href":"https:\/\/faceology.net\/sq\/wp-json\/wp\/v2\/product\/249","targetHints":{"allow":["GET"]}}],"collection":[{"href":"https:\/\/faceology.net\/sq\/wp-json\/wp\/v2\/product"}],"about":[{"href":"https:\/\/faceology.net\/sq\/wp-json\/wp\/v2\/types\/product"}],"wp:featuredmedia":[{"embeddable":true,"href":"https:\/\/faceology.net\/sq\/wp-json\/wp\/v2\/media\/2574"}],"wp:attachment":[{"href":"https:\/\/faceology.net\/sq\/wp-json\/wp\/v2\/media?parent=249"}],"wp:term":[{"taxonomy":"product_brand","embeddable":true,"href":"https:\/\/faceology.net\/sq\/wp-json\/wp\/v2\/product_brand?post=249"},{"taxonomy":"product_cat","embeddable":true,"href":"https:\/\/faceology.net\/sq\/wp-json\/wp\/v2\/product_cat?post=249"},{"taxonomy":"product_tag","embeddable":true,"href":"https:\/\/faceology.net\/sq\/wp-json\/wp\/v2\/product_tag?post=249"}],"curies":[{"name":"wp","href":"https:\/\/api.w.org\/{rel}","templated":true}]}}