{"id":251,"date":"2020-02-11T21:17:57","date_gmt":"2020-02-11T21:17:57","guid":{"rendered":"https:\/\/faceology.net\/product\/serum-de-soie-sublimateur-anti-frizz-detangles-protects-and-nourishes-without-weighing-the-hair-down\/"},"modified":"2026-02-17T18:49:13","modified_gmt":"2026-02-17T18:49:13","slug":"serum-de-soie-sublimateur-anti-frizz-detangles-mbron-dhe-ushqen-pa-peshuar-floket-poshte","status":"publish","type":"product","link":"https:\/\/faceology.net\/sq\/product\/serum-de-soie-sublimateur-anti-frizz-detangles-protects-and-nourishes-without-weighing-the-hair-down\/","title":{"rendered":"SERUM DE SOIE SUBLIMATEUR"},"content":{"rendered":"<p>N\u00eb 2002, n\u00eb p\u00ebrgjigje t\u00eb shum\u00eb produkteve t\u00eb stilimit me baz\u00eb silikoni q\u00eb p\u00ebrmbytin tregun e kujdesit p\u00ebr flok\u00ebt, Jean-Marie Greyl filloi t\u00eb hulumtoj\u00eb nj\u00eb zgjidhje natyrale q\u00eb do t\u00eb ishte e mir\u00eb me flok\u00ebt, duke e p\u00ebrmir\u00ebsur menj\u00ebher\u00eb at\u00eb, por pa e peshuar posht\u00eb. Rezultati ishte S\u00e9rum de Soie Sublimateur, produkti m\u00eb i but\u00eb i stilimit n\u00eb dispozicion. Fal\u00eb proteinave t\u00eb m\u00ebndafshta q\u00eb bashkohen me keratin, t\u00eb kombinuara me vajra esencial\u00eb t\u00eb ndrysh\u00ebm me baz\u00eb bimore, serumi shton shk\u00eblqim dhe rr\u00ebshqitje t\u00eb menj\u00ebhershme pa e b\u00ebr\u00eb at\u00eb t\u00eb r\u00ebnd\u00eb. Nj\u00eb nga thelb\u00ebsoret ikonike t\u00eb mark\u00ebs dhe fitues i \u00e7mimit prestigjioz Victoire de la Beaut\u00e9 n\u00eb 2005.<\/p>","protected":false},"excerpt":{"rendered":"<div class=\"translation-block\">Serum stilizues, ushqyes dhe mbrojt\u00ebs.<br>\n\nI mbushur me vetit\u00eb zbut\u00ebse t\u00eb proteinave t\u00eb m\u00ebndafshta, ky serum  l\u00eb t\u00eb qet\u00eb flok\u00ebt tuaj dhe minimizon ngrirjen pa e peshuar posht\u00eb. Vajrat specifik\u00eb t\u00eb bim\u00ebve jan\u00eb zgjedhur p\u00ebr t\u00eb rritur fleksibilitetin dhe menaxhueshm\u00ebrin\u00eb, duke e b\u00ebr\u00eb at\u00eb produktin e p\u00ebrsosur p\u00ebr t\u00eb gjitha llojet e flok\u00ebve<\/div>","protected":false},"featured_media":500,"template":"","meta":{"site-sidebar-layout":"default","site-content-layout":"","ast-site-content-layout":"default","site-content-style":"default","site-sidebar-style":"default","ast-global-header-display":"","ast-banner-title-visibility":"","ast-main-header-display":"","ast-hfb-above-header-display":"","ast-hfb-below-header-display":"","ast-hfb-mobile-header-display":"","site-post-title":"","ast-breadcrumbs-content":"","ast-featured-img":"","footer-sml-layout":"","ast-disable-related-posts":"","theme-transparent-header-meta":"","adv-header-id-meta":"","stick-header-meta":"","header-above-stick-meta":"","header-main-stick-meta":"","header-below-stick-meta":"","astra-migrate-meta-layouts":"default","ast-page-background-enabled":"default","ast-page-background-meta":{"desktop":{"background-color":"var(--ast-global-color-4)","background-image":"","background-repeat":"repeat","background-position":"center center","background-size":"auto","background-attachment":"scroll","background-type":"","background-media":"","overlay-type":"","overlay-color":"","overlay-opacity":"","overlay-gradient":""},"tablet":{"background-color":"","background-image":"","background-repeat":"repeat","background-position":"center center","background-size":"auto","background-attachment":"scroll","background-type":"","background-media":"","overlay-type":"","overlay-color":"","overlay-opacity":"","overlay-gradient":""},"mobile":{"background-color":"","background-image":"","background-repeat":"repeat","background-position":"center center","background-size":"auto","background-attachment":"scroll","background-type":"","background-media":"","overlay-type":"","overlay-color":"","overlay-opacity":"","overlay-gradient":""}},"ast-content-background-meta":{"desktop":{"background-color":"var(--ast-global-color-5)","background-image":"","background-repeat":"repeat","background-position":"center center","background-size":"auto","background-attachment":"scroll","background-type":"","background-media":"","overlay-type":"","overlay-color":"","overlay-opacity":"","overlay-gradient":""},"tablet":{"background-color":"var(--ast-global-color-5)","background-image":"","background-repeat":"repeat","background-position":"center center","background-size":"auto","background-attachment":"scroll","background-type":"","background-media":"","overlay-type":"","overlay-color":"","overlay-opacity":"","overlay-gradient":""},"mobile":{"background-color":"var(--ast-global-color-5)","background-image":"","background-repeat":"repeat","background-position":"center center","background-size":"auto","background-attachment":"scroll","background-type":"","background-media":"","overlay-type":"","overlay-color":"","overlay-opacity":"","overlay-gradient":""}}},"product_brand":[],"product_cat":[28,40],"product_tag":[],"class_list":{"0":"post-251","1":"product","2":"type-product","3":"status-publish","4":"has-post-thumbnail","6":"product_cat-leonor-greyl","7":"product_cat-styling-products","8":"desktop-align-center","9":"tablet-align-left","10":"mobile-align-left","11":"ast-product-gallery-layout-horizontal-slider","12":"ast-product-gallery-with-no-image","13":"ast-product-tabs-layout-horizontal","14":"ast-qv-on-image","16":"first","17":"instock","18":"virtual","19":"taxable","20":"purchasable","21":"product-type-simple"},"_links":{"self":[{"href":"https:\/\/faceology.net\/sq\/wp-json\/wp\/v2\/product\/251","targetHints":{"allow":["GET"]}}],"collection":[{"href":"https:\/\/faceology.net\/sq\/wp-json\/wp\/v2\/product"}],"about":[{"href":"https:\/\/faceology.net\/sq\/wp-json\/wp\/v2\/types\/product"}],"wp:featuredmedia":[{"embeddable":true,"href":"https:\/\/faceology.net\/sq\/wp-json\/wp\/v2\/media\/500"}],"wp:attachment":[{"href":"https:\/\/faceology.net\/sq\/wp-json\/wp\/v2\/media?parent=251"}],"wp:term":[{"taxonomy":"product_brand","embeddable":true,"href":"https:\/\/faceology.net\/sq\/wp-json\/wp\/v2\/product_brand?post=251"},{"taxonomy":"product_cat","embeddable":true,"href":"https:\/\/faceology.net\/sq\/wp-json\/wp\/v2\/product_cat?post=251"},{"taxonomy":"product_tag","embeddable":true,"href":"https:\/\/faceology.net\/sq\/wp-json\/wp\/v2\/product_tag?post=251"}],"curies":[{"name":"wp","href":"https:\/\/api.w.org\/{rel}","templated":true}]}}