{"id":252,"date":"2020-02-11T21:17:57","date_gmt":"2020-02-11T21:17:57","guid":{"rendered":"https:\/\/faceology.net\/product\/lait-luminescence-detangling-milk\/"},"modified":"2026-02-17T18:49:13","modified_gmt":"2026-02-17T18:49:13","slug":"lait-luminescence-zberthyes-qumesht","status":"publish","type":"product","link":"https:\/\/faceology.net\/sq\/product\/lait-luminescence-detangling-milk\/","title":{"rendered":"LAIT LUMINESCENCE"},"content":{"rendered":"<p>\u00c7'do grua \u00ebnd\u00ebrron flok\u00eb t\u00eb ndritsh\u00ebm, t\u00eb but\u00eb dhe t\u00eb leht\u00eb p\u00ebr tu shthurur, q\u00eb t\u00eb mund t\u00eb rr\u00ebshqasin n\u00eb fur\u00e7\u00eb pa u kapur dhe t\u00ebrhequr. Por flok\u00ebt e bllokuar, rebel\u00eb ose pa shpres\u00eb jan\u00eb nj\u00eb sfid\u00eb e v\u00ebrtet\u00eb. N\u00eb vitin 2010, Tom Brooks prezantoi nj\u00eb produkt ultra shthures t\u00eb mbushur plot me bim\u00eb dhe vajra vegjetale p\u00ebr t\u00eb shtuar menj\u00ebher\u00eb nj\u00eb efekt me shk\u00eblqim, t\u00eb rr\u00ebshqitsh\u00ebm edhe p\u00ebr flok\u00ebt m\u00eb rebel\u00eb. Dhe si me t\u00eb gjitha produktet Leonor Greyl, ajo ishte krijuar q\u00eb t\u00eb ishte sa m\u00eb ushqyese, mbrojt\u00ebse dhe p\u00ebrsos\u00ebse.<\/p>","protected":false},"excerpt":{"rendered":"<div class=\"translation-block\">\n<p>Qum\u00ebsht q\u00eb largon ngat\u00ebrresat dhe mbron nga nxeht\u00ebsia p\u00ebr flok\u00eb t\u00eb that\u00eb dhe t\u00eb trash\u00eb<\/p><p> Duke ofruar mbrojtje, shk\u00eblqim t\u00eb shtuar dhe menaxhim, ky sp\u00ebrkat\u00ebs stilues i q\u00ebndruesh\u00ebm ka ndikim t\u00eb trefisht\u00eb. I formuluar me ekstrakte bimore ushqyese dhe vajra botanik\u00eb, premton t&#039;i zb\u00ebrthej\u00eb flok\u00ebt tuaj nd\u00ebrsa i p\u00ebrgatit p\u00ebr tharje dhe stilim. \u00cbsht\u00eb nj\u00eb bilet\u00eb e menj\u00ebhershme p\u00ebr k\u00ebllqe t\u00eb l\u00ebmuara dhe me shk\u00eblqim.<\/p>\n<\/div>","protected":false},"featured_media":2578,"template":"","meta":{"site-sidebar-layout":"default","site-content-layout":"","ast-site-content-layout":"default","site-content-style":"default","site-sidebar-style":"default","ast-global-header-display":"","ast-banner-title-visibility":"","ast-main-header-display":"","ast-hfb-above-header-display":"","ast-hfb-below-header-display":"","ast-hfb-mobile-header-display":"","site-post-title":"","ast-breadcrumbs-content":"","ast-featured-img":"","footer-sml-layout":"","ast-disable-related-posts":"","theme-transparent-header-meta":"","adv-header-id-meta":"","stick-header-meta":"","header-above-stick-meta":"","header-main-stick-meta":"","header-below-stick-meta":"","astra-migrate-meta-layouts":"default","ast-page-background-enabled":"default","ast-page-background-meta":{"desktop":{"background-color":"var(--ast-global-color-4)","background-image":"","background-repeat":"repeat","background-position":"center center","background-size":"auto","background-attachment":"scroll","background-type":"","background-media":"","overlay-type":"","overlay-color":"","overlay-opacity":"","overlay-gradient":""},"tablet":{"background-color":"","background-image":"","background-repeat":"repeat","background-position":"center center","background-size":"auto","background-attachment":"scroll","background-type":"","background-media":"","overlay-type":"","overlay-color":"","overlay-opacity":"","overlay-gradient":""},"mobile":{"background-color":"","background-image":"","background-repeat":"repeat","background-position":"center center","background-size":"auto","background-attachment":"scroll","background-type":"","background-media":"","overlay-type":"","overlay-color":"","overlay-opacity":"","overlay-gradient":""}},"ast-content-background-meta":{"desktop":{"background-color":"var(--ast-global-color-5)","background-image":"","background-repeat":"repeat","background-position":"center center","background-size":"auto","background-attachment":"scroll","background-type":"","background-media":"","overlay-type":"","overlay-color":"","overlay-opacity":"","overlay-gradient":""},"tablet":{"background-color":"var(--ast-global-color-5)","background-image":"","background-repeat":"repeat","background-position":"center center","background-size":"auto","background-attachment":"scroll","background-type":"","background-media":"","overlay-type":"","overlay-color":"","overlay-opacity":"","overlay-gradient":""},"mobile":{"background-color":"var(--ast-global-color-5)","background-image":"","background-repeat":"repeat","background-position":"center center","background-size":"auto","background-attachment":"scroll","background-type":"","background-media":"","overlay-type":"","overlay-color":"","overlay-opacity":"","overlay-gradient":""}}},"product_brand":[],"product_cat":[28,40],"product_tag":[],"class_list":{"0":"post-252","1":"product","2":"type-product","3":"status-publish","4":"has-post-thumbnail","6":"product_cat-leonor-greyl","7":"product_cat-styling-products","8":"desktop-align-center","9":"tablet-align-left","10":"mobile-align-left","11":"ast-product-gallery-layout-horizontal-slider","12":"ast-product-gallery-with-no-image","13":"ast-product-tabs-layout-horizontal","14":"ast-qv-on-image","16":"first","17":"instock","18":"virtual","19":"taxable","20":"purchasable","21":"product-type-simple"},"_links":{"self":[{"href":"https:\/\/faceology.net\/sq\/wp-json\/wp\/v2\/product\/252","targetHints":{"allow":["GET"]}}],"collection":[{"href":"https:\/\/faceology.net\/sq\/wp-json\/wp\/v2\/product"}],"about":[{"href":"https:\/\/faceology.net\/sq\/wp-json\/wp\/v2\/types\/product"}],"wp:featuredmedia":[{"embeddable":true,"href":"https:\/\/faceology.net\/sq\/wp-json\/wp\/v2\/media\/2578"}],"wp:attachment":[{"href":"https:\/\/faceology.net\/sq\/wp-json\/wp\/v2\/media?parent=252"}],"wp:term":[{"taxonomy":"product_brand","embeddable":true,"href":"https:\/\/faceology.net\/sq\/wp-json\/wp\/v2\/product_brand?post=252"},{"taxonomy":"product_cat","embeddable":true,"href":"https:\/\/faceology.net\/sq\/wp-json\/wp\/v2\/product_cat?post=252"},{"taxonomy":"product_tag","embeddable":true,"href":"https:\/\/faceology.net\/sq\/wp-json\/wp\/v2\/product_tag?post=252"}],"curies":[{"name":"wp","href":"https:\/\/api.w.org\/{rel}","templated":true}]}}