{"id":253,"date":"2020-02-11T21:17:58","date_gmt":"2020-02-11T21:17:58","guid":{"rendered":"https:\/\/faceology.net\/product\/laque-souple-soft-hold-spray-for-delicate-hair\/"},"modified":"2026-02-17T18:49:13","modified_gmt":"2026-02-17T18:49:13","slug":"llak-suple-bute-mbajte-sperkates-per-floket-delikate","status":"publish","type":"product","link":"https:\/\/faceology.net\/sq\/product\/laque-souple-soft-hold-spray-for-delicate-hair\/","title":{"rendered":"LAQUE SOUPLE"},"content":{"rendered":"<p>Produkti i par\u00eb p\u00ebr vendosjen(ngrirje) nga brendi, Laque Souple u p\u00ebrdor si veprimi perfekt n\u00eb fund p\u00ebr klient\u00ebt e Institutit q\u00eb nga viti 1978 e tutje. N\u00eb p\u00ebrpjekje p\u00ebr t\u00eb shmangur efektin e brisht\u00eb, dehidratues t\u00eb sp\u00ebrkatjeve tradicionale t\u00eb flok\u00ebve, Jean-Marie Greyl nisi duke kombinuar fuqit\u00eb e vendosjes natyrale t\u00eb rr\u00ebshirave me vajin e jojoba p\u00ebr t\u00eb mbrojtur flok\u00ebt dhe ruajtur shk\u00eblqimin. Nj\u00eb formul\u00eb inovative e krijuar p\u00ebr t\u00eb vendosur flok\u00ebt duke ruajtur p\u00ebrsosm\u00ebrin\u00eb natyrale, spraji u b\u00eb nj\u00eb klasik me stilist\u00eb dhe nj\u00eb thelb\u00ebsore p\u00ebr flok\u00ebt e d\u00ebmtuar nga tharjet e p\u00ebrs\u00ebritura.<\/p>","protected":false},"excerpt":{"rendered":"<div class=\"translation-block\">\n<p>Spraj flok\u00ebsh me q\u00ebndrueshm\u00ebri t\u00eb leht\u00eb deri mesatare<\/p><p> Ky llak stilues i leht\u00eb \u00ebsht\u00eb i formuluar me rr\u00ebshir\u00eb fiksuese superiore dhe vaj jojoba q\u00eb kombinohen s\u00eb bashku p\u00ebr t\u00eb dh\u00ebn\u00eb but\u00ebsi dhe q\u00ebndrueshm\u00ebri. Kjo mjegull do t&#039;i l\u00ebr\u00eb flok\u00ebt t\u00eb but\u00eb n\u00eb prekje dhe do t\u00eb lahen leht\u00ebsisht.<\/p>\n<\/div>","protected":false},"featured_media":2559,"template":"","meta":{"site-sidebar-layout":"default","site-content-layout":"","ast-site-content-layout":"default","site-content-style":"default","site-sidebar-style":"default","ast-global-header-display":"","ast-banner-title-visibility":"","ast-main-header-display":"","ast-hfb-above-header-display":"","ast-hfb-below-header-display":"","ast-hfb-mobile-header-display":"","site-post-title":"","ast-breadcrumbs-content":"","ast-featured-img":"","footer-sml-layout":"","ast-disable-related-posts":"","theme-transparent-header-meta":"default","adv-header-id-meta":"","stick-header-meta":"","header-above-stick-meta":"","header-main-stick-meta":"","header-below-stick-meta":"","astra-migrate-meta-layouts":"set","ast-page-background-enabled":"default","ast-page-background-meta":{"desktop":{"background-color":"var(--ast-global-color-4)","background-image":"","background-repeat":"repeat","background-position":"center center","background-size":"auto","background-attachment":"scroll","background-type":"","background-media":"","overlay-type":"","overlay-color":"","overlay-opacity":"","overlay-gradient":""},"tablet":{"background-color":"","background-image":"","background-repeat":"repeat","background-position":"center center","background-size":"auto","background-attachment":"scroll","background-type":"","background-media":"","overlay-type":"","overlay-color":"","overlay-opacity":"","overlay-gradient":""},"mobile":{"background-color":"","background-image":"","background-repeat":"repeat","background-position":"center center","background-size":"auto","background-attachment":"scroll","background-type":"","background-media":"","overlay-type":"","overlay-color":"","overlay-opacity":"","overlay-gradient":""}},"ast-content-background-meta":{"desktop":{"background-color":"var(--ast-global-color-5)","background-image":"","background-repeat":"repeat","background-position":"center center","background-size":"auto","background-attachment":"scroll","background-type":"","background-media":"","overlay-type":"","overlay-color":"","overlay-opacity":"","overlay-gradient":""},"tablet":{"background-color":"var(--ast-global-color-5)","background-image":"","background-repeat":"repeat","background-position":"center center","background-size":"auto","background-attachment":"scroll","background-type":"","background-media":"","overlay-type":"","overlay-color":"","overlay-opacity":"","overlay-gradient":""},"mobile":{"background-color":"var(--ast-global-color-5)","background-image":"","background-repeat":"repeat","background-position":"center center","background-size":"auto","background-attachment":"scroll","background-type":"","background-media":"","overlay-type":"","overlay-color":"","overlay-opacity":"","overlay-gradient":""}}},"product_brand":[],"product_cat":[28,40],"product_tag":[],"class_list":{"0":"post-253","1":"product","2":"type-product","3":"status-publish","4":"has-post-thumbnail","6":"product_cat-leonor-greyl","7":"product_cat-styling-products","8":"desktop-align-center","9":"tablet-align-left","10":"mobile-align-left","11":"ast-product-gallery-layout-horizontal-slider","12":"ast-product-gallery-with-no-image","13":"ast-product-tabs-layout-horizontal","14":"ast-qv-on-image","16":"first","17":"instock","18":"virtual","19":"taxable","20":"purchasable","21":"product-type-simple"},"_links":{"self":[{"href":"https:\/\/faceology.net\/sq\/wp-json\/wp\/v2\/product\/253","targetHints":{"allow":["GET"]}}],"collection":[{"href":"https:\/\/faceology.net\/sq\/wp-json\/wp\/v2\/product"}],"about":[{"href":"https:\/\/faceology.net\/sq\/wp-json\/wp\/v2\/types\/product"}],"wp:featuredmedia":[{"embeddable":true,"href":"https:\/\/faceology.net\/sq\/wp-json\/wp\/v2\/media\/2559"}],"wp:attachment":[{"href":"https:\/\/faceology.net\/sq\/wp-json\/wp\/v2\/media?parent=253"}],"wp:term":[{"taxonomy":"product_brand","embeddable":true,"href":"https:\/\/faceology.net\/sq\/wp-json\/wp\/v2\/product_brand?post=253"},{"taxonomy":"product_cat","embeddable":true,"href":"https:\/\/faceology.net\/sq\/wp-json\/wp\/v2\/product_cat?post=253"},{"taxonomy":"product_tag","embeddable":true,"href":"https:\/\/faceology.net\/sq\/wp-json\/wp\/v2\/product_tag?post=253"}],"curies":[{"name":"wp","href":"https:\/\/api.w.org\/{rel}","templated":true}]}}