{"id":254,"date":"2020-02-11T21:17:58","date_gmt":"2020-02-11T21:17:58","guid":{"rendered":"https:\/\/faceology.net\/product\/shampooing-au-miel-gentle-shampoo-for-natural-volume-and-shine-2\/"},"modified":"2026-02-17T18:49:13","modified_gmt":"2026-02-17T18:49:13","slug":"shampooing-au-miel-gentle-shampo-for-natural-volume-and-shine-2","status":"publish","type":"product","link":"https:\/\/faceology.net\/sq\/product\/shampooing-au-miel-gentle-shampoo-for-natural-volume-and-shine-2\/","title":{"rendered":"SHAMPON AU MIEL"},"content":{"rendered":"<p>N\u00eb 1982, Leonor Greyl lansoi shampon e par\u00eb t\u00eb tregut me baz\u00eb mjalti. Duke trajtuar flok\u00ebt me vaj, me ngjyr\u00eb dhe t\u00eb stilizuar, Jean-Marie Greyl kishte kthyer v\u00ebmendjen e tij p\u00ebr t\u00eb gjetur nj\u00eb zgjidhje t\u00eb but\u00eb p\u00ebr larjen e p\u00ebrditshme. Ai zgjodhi t\u00eb kombinonte mjaltin mbrojt\u00ebs t\u00eb tr\u00ebndafilit dhe akacies, duke p\u00ebrdorur nj\u00eb baz\u00eb shtes\u00eb t\u00eb but\u00eb pastrimi dhe proteina me baz\u00eb bimore p\u00ebr v\u00ebllim t\u00eb shtuar. Dizenjuar p\u00ebr t'u p\u00ebrdorur nga e gjith\u00eb familja, Shampooing au Miel duksh\u00ebm p\u00ebrsos flok\u00ebt dhe shum\u00eb shpejt u b\u00eb nj\u00eb nga produktet e kultit t\u00eb mark\u00ebs.<\/p>","protected":false},"excerpt":{"rendered":"<div class=\"translation-block\">\n<p>Shampo e but\u00eb e p\u00ebrditshme p\u00ebr v\u00ebllim<\/p><p> Ky shampo p\u00ebr rritjen e volumit \u00ebsht\u00eb nj\u00eb \u00ebnd\u00ebrr e realizuar p\u00ebr flok\u00eb t\u00eb holluar dhe pa jet\u00eb. E formuluar me nj\u00eb shkrirje aromatike t\u00eb ekstrakteve t\u00eb mjaltit t\u00eb akacies dhe proteinave p\u00ebr nd\u00ebrtimin e trupit, kjo p\u00ebrzierje e but\u00eb \u00ebsht\u00eb e p\u00ebrkryer p\u00ebr p\u00ebrdorim t\u00eb p\u00ebrditsh\u00ebm, duke rikthyer fleksibilitetin dhe shk\u00eblqimin e flok\u00ebve tuaj.<\/p>\n<\/div>","protected":false},"featured_media":2561,"template":"","meta":{"site-sidebar-layout":"default","site-content-layout":"","ast-site-content-layout":"default","site-content-style":"default","site-sidebar-style":"default","ast-global-header-display":"","ast-banner-title-visibility":"","ast-main-header-display":"","ast-hfb-above-header-display":"","ast-hfb-below-header-display":"","ast-hfb-mobile-header-display":"","site-post-title":"","ast-breadcrumbs-content":"","ast-featured-img":"","footer-sml-layout":"","ast-disable-related-posts":"","theme-transparent-header-meta":"","adv-header-id-meta":"","stick-header-meta":"","header-above-stick-meta":"","header-main-stick-meta":"","header-below-stick-meta":"","astra-migrate-meta-layouts":"default","ast-page-background-enabled":"default","ast-page-background-meta":{"desktop":{"background-color":"var(--ast-global-color-4)","background-image":"","background-repeat":"repeat","background-position":"center center","background-size":"auto","background-attachment":"scroll","background-type":"","background-media":"","overlay-type":"","overlay-color":"","overlay-opacity":"","overlay-gradient":""},"tablet":{"background-color":"","background-image":"","background-repeat":"repeat","background-position":"center center","background-size":"auto","background-attachment":"scroll","background-type":"","background-media":"","overlay-type":"","overlay-color":"","overlay-opacity":"","overlay-gradient":""},"mobile":{"background-color":"","background-image":"","background-repeat":"repeat","background-position":"center center","background-size":"auto","background-attachment":"scroll","background-type":"","background-media":"","overlay-type":"","overlay-color":"","overlay-opacity":"","overlay-gradient":""}},"ast-content-background-meta":{"desktop":{"background-color":"var(--ast-global-color-5)","background-image":"","background-repeat":"repeat","background-position":"center center","background-size":"auto","background-attachment":"scroll","background-type":"","background-media":"","overlay-type":"","overlay-color":"","overlay-opacity":"","overlay-gradient":""},"tablet":{"background-color":"var(--ast-global-color-5)","background-image":"","background-repeat":"repeat","background-position":"center center","background-size":"auto","background-attachment":"scroll","background-type":"","background-media":"","overlay-type":"","overlay-color":"","overlay-opacity":"","overlay-gradient":""},"mobile":{"background-color":"var(--ast-global-color-5)","background-image":"","background-repeat":"repeat","background-position":"center center","background-size":"auto","background-attachment":"scroll","background-type":"","background-media":"","overlay-type":"","overlay-color":"","overlay-opacity":"","overlay-gradient":""}}},"product_brand":[],"product_cat":[28,41],"product_tag":[],"class_list":{"0":"post-254","1":"product","2":"type-product","3":"status-publish","4":"has-post-thumbnail","6":"product_cat-leonor-greyl","7":"product_cat-shampoos","8":"desktop-align-center","9":"tablet-align-left","10":"mobile-align-left","11":"ast-product-gallery-layout-horizontal-slider","12":"ast-product-gallery-with-no-image","13":"ast-product-tabs-layout-horizontal","14":"ast-qv-on-image","16":"first","17":"instock","18":"virtual","19":"taxable","20":"purchasable","21":"product-type-simple"},"_links":{"self":[{"href":"https:\/\/faceology.net\/sq\/wp-json\/wp\/v2\/product\/254","targetHints":{"allow":["GET"]}}],"collection":[{"href":"https:\/\/faceology.net\/sq\/wp-json\/wp\/v2\/product"}],"about":[{"href":"https:\/\/faceology.net\/sq\/wp-json\/wp\/v2\/types\/product"}],"wp:featuredmedia":[{"embeddable":true,"href":"https:\/\/faceology.net\/sq\/wp-json\/wp\/v2\/media\/2561"}],"wp:attachment":[{"href":"https:\/\/faceology.net\/sq\/wp-json\/wp\/v2\/media?parent=254"}],"wp:term":[{"taxonomy":"product_brand","embeddable":true,"href":"https:\/\/faceology.net\/sq\/wp-json\/wp\/v2\/product_brand?post=254"},{"taxonomy":"product_cat","embeddable":true,"href":"https:\/\/faceology.net\/sq\/wp-json\/wp\/v2\/product_cat?post=254"},{"taxonomy":"product_tag","embeddable":true,"href":"https:\/\/faceology.net\/sq\/wp-json\/wp\/v2\/product_tag?post=254"}],"curies":[{"name":"wp","href":"https:\/\/api.w.org\/{rel}","templated":true}]}}