{"id":255,"date":"2020-02-11T21:17:58","date_gmt":"2020-02-11T21:17:58","guid":{"rendered":"https:\/\/faceology.net\/product\/lait-lavant-banane-gentler-than-a-shampoo-every-day-use-2\/"},"modified":"2026-02-17T18:49:13","modified_gmt":"2026-02-17T18:49:13","slug":"lait-lavant-banane-gentler-se-nje-shampo-every-day-use-2","status":"publish","type":"product","link":"https:\/\/faceology.net\/sq\/product\/lait-lavant-banane-gentler-than-a-shampoo-every-day-use-2\/","title":{"rendered":"LAIT LAVANT BANANE"},"content":{"rendered":"<p>Jean-Marie Greyl erdhi me iden\u00eb p\u00ebr k\u00ebt\u00eb produkt n\u00eb 1982, pas nj\u00eb diskutimi me nj\u00eb mik q\u00eb kishte nj\u00eb restorant dhe nuk donte t\u00eb lante flok\u00ebt e tij t\u00eb brisht\u00eb \u00e7do nat\u00eb vet\u00ebm p\u00ebr t\u00eb hequr qafe t\u00eb gjitha aromat e kuzhin\u00ebs t\u00eb grumbulluara gjat\u00eb gjith\u00eb dit\u00ebs. Jean-Marie Greyl ishte n\u00eb k\u00ebrkim t\u00eb nj\u00eb m\u00ebnyre p\u00ebr t\u00eb lar\u00eb flok\u00ebt sa m\u00eb but\u00eb t\u00eb jet\u00eb e mundur dhe doli me nj\u00eb qum\u00ebsht t\u00eb formuluar me sapun bananesh, shum\u00eb m\u00eb t\u00eb but\u00eb se sa nj\u00eb shampo. E krijuar p\u00ebr tu p\u00ebrdorur \u00e7do dit\u00eb n\u00eb flok\u00eb t\u00eb brisht\u00eb, Lait Lavant \u00e0 la Banane \u00ebsht\u00eb nj\u00eb tjet\u00ebr hit me stilist\u00eb profesionist\u00eb. N\u00eb Leonor Greyl, ne e quajm\u00eb at\u00eb \"mbart\u00ebs make-up p\u00ebr flok\u00ebt\" ...<\/p>","protected":false},"excerpt":{"rendered":"<div class=\"translation-block\">\n<p>Shampo e but\u00eb p\u00ebr p\u00ebrdorim t\u00eb p\u00ebrditsh\u00ebm<\/p><p> Kjo formul\u00eb qum\u00ebshtore \u00ebsht\u00eb e pasuruar me proteina bimore dhe ekstrakte delli p\u00ebr t&#039;i shtuar but\u00ebsi dhe trup flok\u00ebve t\u00eb im\u00ebt, t\u00eb \u00e7al\u00eb ose t\u00eb yndyrsh\u00ebm.<\/p>\n<\/div>","protected":false},"featured_media":2563,"template":"","meta":{"site-sidebar-layout":"default","site-content-layout":"","ast-site-content-layout":"default","site-content-style":"default","site-sidebar-style":"default","ast-global-header-display":"","ast-banner-title-visibility":"","ast-main-header-display":"","ast-hfb-above-header-display":"","ast-hfb-below-header-display":"","ast-hfb-mobile-header-display":"","site-post-title":"","ast-breadcrumbs-content":"","ast-featured-img":"","footer-sml-layout":"","ast-disable-related-posts":"","theme-transparent-header-meta":"","adv-header-id-meta":"","stick-header-meta":"","header-above-stick-meta":"","header-main-stick-meta":"","header-below-stick-meta":"","astra-migrate-meta-layouts":"default","ast-page-background-enabled":"default","ast-page-background-meta":{"desktop":{"background-color":"var(--ast-global-color-4)","background-image":"","background-repeat":"repeat","background-position":"center center","background-size":"auto","background-attachment":"scroll","background-type":"","background-media":"","overlay-type":"","overlay-color":"","overlay-opacity":"","overlay-gradient":""},"tablet":{"background-color":"","background-image":"","background-repeat":"repeat","background-position":"center center","background-size":"auto","background-attachment":"scroll","background-type":"","background-media":"","overlay-type":"","overlay-color":"","overlay-opacity":"","overlay-gradient":""},"mobile":{"background-color":"","background-image":"","background-repeat":"repeat","background-position":"center center","background-size":"auto","background-attachment":"scroll","background-type":"","background-media":"","overlay-type":"","overlay-color":"","overlay-opacity":"","overlay-gradient":""}},"ast-content-background-meta":{"desktop":{"background-color":"var(--ast-global-color-5)","background-image":"","background-repeat":"repeat","background-position":"center center","background-size":"auto","background-attachment":"scroll","background-type":"","background-media":"","overlay-type":"","overlay-color":"","overlay-opacity":"","overlay-gradient":""},"tablet":{"background-color":"var(--ast-global-color-5)","background-image":"","background-repeat":"repeat","background-position":"center center","background-size":"auto","background-attachment":"scroll","background-type":"","background-media":"","overlay-type":"","overlay-color":"","overlay-opacity":"","overlay-gradient":""},"mobile":{"background-color":"var(--ast-global-color-5)","background-image":"","background-repeat":"repeat","background-position":"center center","background-size":"auto","background-attachment":"scroll","background-type":"","background-media":"","overlay-type":"","overlay-color":"","overlay-opacity":"","overlay-gradient":""}}},"product_brand":[],"product_cat":[28,41],"product_tag":[],"class_list":{"0":"post-255","1":"product","2":"type-product","3":"status-publish","4":"has-post-thumbnail","6":"product_cat-leonor-greyl","7":"product_cat-shampoos","8":"desktop-align-center","9":"tablet-align-left","10":"mobile-align-left","11":"ast-product-gallery-layout-horizontal-slider","12":"ast-product-gallery-with-no-image","13":"ast-product-tabs-layout-horizontal","14":"ast-qv-on-image","16":"first","17":"instock","18":"virtual","19":"taxable","20":"purchasable","21":"product-type-simple"},"_links":{"self":[{"href":"https:\/\/faceology.net\/sq\/wp-json\/wp\/v2\/product\/255","targetHints":{"allow":["GET"]}}],"collection":[{"href":"https:\/\/faceology.net\/sq\/wp-json\/wp\/v2\/product"}],"about":[{"href":"https:\/\/faceology.net\/sq\/wp-json\/wp\/v2\/types\/product"}],"wp:featuredmedia":[{"embeddable":true,"href":"https:\/\/faceology.net\/sq\/wp-json\/wp\/v2\/media\/2563"}],"wp:attachment":[{"href":"https:\/\/faceology.net\/sq\/wp-json\/wp\/v2\/media?parent=255"}],"wp:term":[{"taxonomy":"product_brand","embeddable":true,"href":"https:\/\/faceology.net\/sq\/wp-json\/wp\/v2\/product_brand?post=255"},{"taxonomy":"product_cat","embeddable":true,"href":"https:\/\/faceology.net\/sq\/wp-json\/wp\/v2\/product_cat?post=255"},{"taxonomy":"product_tag","embeddable":true,"href":"https:\/\/faceology.net\/sq\/wp-json\/wp\/v2\/product_tag?post=255"}],"curies":[{"name":"wp","href":"https:\/\/api.w.org\/{rel}","templated":true}]}}