{"id":256,"date":"2020-02-11T21:17:58","date_gmt":"2020-02-11T21:17:58","guid":{"rendered":"https:\/\/faceology.net\/product\/douceur-vegetale-hair-body-shampoo-2\/"},"modified":"2026-02-17T18:49:13","modified_gmt":"2026-02-17T18:49:13","slug":"douceur-vegetale-floke-trup-shampo-2","status":"publish","type":"product","link":"https:\/\/faceology.net\/sq\/product\/douceur-vegetale-hair-body-shampoo-2\/","title":{"rendered":"DOUCEUR VEGETALE"},"content":{"rendered":"<p>N\u00eb nj\u00eb lundrim n\u00eb Martinique ku uji i \u00ebmb\u00ebl ishte i kufizuar, Jean-Marie Greyl doli me iden\u00eb e formulimit t\u00eb nj\u00eb xhel pastrimi q\u00eb mund t\u00eb punohej n\u00eb nj\u00eb shkum\u00eb edhe n\u00eb uj\u00ebrat e detit. Douceur V\u00e9g\u00e9tale lindi n\u00eb 1985, nj\u00eb produkt shum\u00eb praktik q\u00eb pastron trupin dhe flok\u00ebt me nj\u00eb perdorim t\u00eb vetem, duke e b\u00ebr\u00eb at\u00eb perfekt p\u00ebr udh\u00ebtar\u00ebt ose pas sporteve.<\/p>","protected":false},"excerpt":{"rendered":"<div class=\"translation-block\">\n<p>Shampo me p\u00ebrdorim t\u00eb dyfisht\u00eb p\u00ebr flok\u00eb dhe trup<\/p><p> Ky shampo \u00ebsht\u00eb i pasuruar me vajra natyral\u00eb hidratues dhe ekstrakte bimore q\u00eb pastrojn\u00eb but\u00ebsisht, duke i l\u00ebn\u00eb flok\u00ebt t\u00eb ndjehen t\u00eb but\u00eb dhe t\u00eb l\u00ebmuar. Ne e duam se si dyfishohet si lar\u00ebs p\u00ebr trupin, duke i dh\u00ebn\u00eb l\u00ebkur\u00ebs tuaj t\u00eb nj\u00ebjt\u00ebn ndjesi m\u00ebndafshi.<\/p>\n<\/div>","protected":false},"featured_media":2565,"template":"","meta":{"site-sidebar-layout":"default","site-content-layout":"","ast-site-content-layout":"default","site-content-style":"default","site-sidebar-style":"default","ast-global-header-display":"","ast-banner-title-visibility":"","ast-main-header-display":"","ast-hfb-above-header-display":"","ast-hfb-below-header-display":"","ast-hfb-mobile-header-display":"","site-post-title":"","ast-breadcrumbs-content":"","ast-featured-img":"","footer-sml-layout":"","ast-disable-related-posts":"","theme-transparent-header-meta":"","adv-header-id-meta":"","stick-header-meta":"","header-above-stick-meta":"","header-main-stick-meta":"","header-below-stick-meta":"","astra-migrate-meta-layouts":"default","ast-page-background-enabled":"default","ast-page-background-meta":{"desktop":{"background-color":"var(--ast-global-color-4)","background-image":"","background-repeat":"repeat","background-position":"center center","background-size":"auto","background-attachment":"scroll","background-type":"","background-media":"","overlay-type":"","overlay-color":"","overlay-opacity":"","overlay-gradient":""},"tablet":{"background-color":"","background-image":"","background-repeat":"repeat","background-position":"center center","background-size":"auto","background-attachment":"scroll","background-type":"","background-media":"","overlay-type":"","overlay-color":"","overlay-opacity":"","overlay-gradient":""},"mobile":{"background-color":"","background-image":"","background-repeat":"repeat","background-position":"center center","background-size":"auto","background-attachment":"scroll","background-type":"","background-media":"","overlay-type":"","overlay-color":"","overlay-opacity":"","overlay-gradient":""}},"ast-content-background-meta":{"desktop":{"background-color":"var(--ast-global-color-5)","background-image":"","background-repeat":"repeat","background-position":"center center","background-size":"auto","background-attachment":"scroll","background-type":"","background-media":"","overlay-type":"","overlay-color":"","overlay-opacity":"","overlay-gradient":""},"tablet":{"background-color":"var(--ast-global-color-5)","background-image":"","background-repeat":"repeat","background-position":"center center","background-size":"auto","background-attachment":"scroll","background-type":"","background-media":"","overlay-type":"","overlay-color":"","overlay-opacity":"","overlay-gradient":""},"mobile":{"background-color":"var(--ast-global-color-5)","background-image":"","background-repeat":"repeat","background-position":"center center","background-size":"auto","background-attachment":"scroll","background-type":"","background-media":"","overlay-type":"","overlay-color":"","overlay-opacity":"","overlay-gradient":""}}},"product_brand":[],"product_cat":[28,41],"product_tag":[],"class_list":{"0":"post-256","1":"product","2":"type-product","3":"status-publish","4":"has-post-thumbnail","6":"product_cat-leonor-greyl","7":"product_cat-shampoos","8":"desktop-align-center","9":"tablet-align-left","10":"mobile-align-left","11":"ast-product-gallery-layout-horizontal-slider","12":"ast-product-gallery-with-no-image","13":"ast-product-tabs-layout-horizontal","14":"ast-qv-on-image","16":"first","17":"instock","18":"virtual","19":"taxable","20":"purchasable","21":"product-type-simple"},"_links":{"self":[{"href":"https:\/\/faceology.net\/sq\/wp-json\/wp\/v2\/product\/256","targetHints":{"allow":["GET"]}}],"collection":[{"href":"https:\/\/faceology.net\/sq\/wp-json\/wp\/v2\/product"}],"about":[{"href":"https:\/\/faceology.net\/sq\/wp-json\/wp\/v2\/types\/product"}],"wp:featuredmedia":[{"embeddable":true,"href":"https:\/\/faceology.net\/sq\/wp-json\/wp\/v2\/media\/2565"}],"wp:attachment":[{"href":"https:\/\/faceology.net\/sq\/wp-json\/wp\/v2\/media?parent=256"}],"wp:term":[{"taxonomy":"product_brand","embeddable":true,"href":"https:\/\/faceology.net\/sq\/wp-json\/wp\/v2\/product_brand?post=256"},{"taxonomy":"product_cat","embeddable":true,"href":"https:\/\/faceology.net\/sq\/wp-json\/wp\/v2\/product_cat?post=256"},{"taxonomy":"product_tag","embeddable":true,"href":"https:\/\/faceology.net\/sq\/wp-json\/wp\/v2\/product_tag?post=256"}],"curies":[{"name":"wp","href":"https:\/\/api.w.org\/{rel}","templated":true}]}}