{"id":257,"date":"2020-02-11T21:17:58","date_gmt":"2020-02-11T21:17:58","guid":{"rendered":"https:\/\/faceology.net\/product\/baume-bois-de-rose-modeling-and-sculpting-balm-2\/"},"modified":"2026-02-17T18:49:13","modified_gmt":"2026-02-17T18:49:13","slug":"baume-bois-de-rose-modeling-and-sculpting-balm-2","status":"publish","type":"product","link":"https:\/\/faceology.net\/sq\/product\/baume-bois-de-rose-modeling-and-sculpting-balm-2\/","title":{"rendered":"BAUME BOIS DE ROSE"},"content":{"rendered":"<p>N\u00eb vitin 2015, duke shkuar kund\u00ebr trendit p\u00ebr xhel shum\u00eb strukturues por forcues q\u00eb kan\u00eb tendenc\u00eb t\u00eb mbytin flok\u00ebt, dhe dylli me nj\u00eb p\u00ebrfundim m\u00eb natyral por pa fuqi ngjit\u00ebse t\u00eb v\u00ebrtet\u00eb q\u00eb shpesh ishin shum\u00eb t\u00eb yndyrshme. Tom Brooks doli me nj\u00eb balsam q\u00eb shkrihej n\u00eb flok\u00eb dhe u dha stilist\u00ebve fuqi t\u00eb plot\u00eb krijuese. Radikalisht i ndrysh\u00ebm nga \u00e7do gj\u00eb n\u00eb dispozicion n\u00eb at\u00eb koh\u00eb, ajo nd\u00ebrthuri fuqit\u00eb vendos\u00ebse t\u00eb dyllit natyral me vetit\u00eb hidratuese t\u00eb gjalpit Cupua\u00e7u. Nj\u00eb ndihm\u00eb e fuqishme p\u00ebr stilimin me nj\u00eb fund mat dhe arom\u00eb delikate t\u00eb tr\u00ebndafilit, balsami ka fituar \u00e7mime dhe \u00ebsht\u00eb b\u00ebr\u00eb e preferuara me stilist\u00ebt.<\/p>","protected":false},"excerpt":{"rendered":"<div class=\"translation-block\">Nj\u00eb balsam modelimi dhe skulpturimi me fije mat &lt;This luscious balm shapes and sculpts hair into any style with a matte finish. It can be applied to wet or dry hair and remolded as desired to add volume and texture without hardening the hair. It\u2019s non-greasy formula nourishes and protects the hair from external damages. Its rosewood fragrance is a nice finishing touch and leaves a delicate trace in the hair suitable for both men and women.<\/p>\n<\/div>","protected":false},"featured_media":2567,"template":"","meta":{"site-sidebar-layout":"default","site-content-layout":"","ast-site-content-layout":"default","site-content-style":"default","site-sidebar-style":"default","ast-global-header-display":"","ast-banner-title-visibility":"","ast-main-header-display":"","ast-hfb-above-header-display":"","ast-hfb-below-header-display":"","ast-hfb-mobile-header-display":"","site-post-title":"","ast-breadcrumbs-content":"","ast-featured-img":"","footer-sml-layout":"","ast-disable-related-posts":"","theme-transparent-header-meta":"","adv-header-id-meta":"","stick-header-meta":"","header-above-stick-meta":"","header-main-stick-meta":"","header-below-stick-meta":"","astra-migrate-meta-layouts":"default","ast-page-background-enabled":"default","ast-page-background-meta":{"desktop":{"background-color":"var(--ast-global-color-4)","background-image":"","background-repeat":"repeat","background-position":"center center","background-size":"auto","background-attachment":"scroll","background-type":"","background-media":"","overlay-type":"","overlay-color":"","overlay-opacity":"","overlay-gradient":""},"tablet":{"background-color":"","background-image":"","background-repeat":"repeat","background-position":"center center","background-size":"auto","background-attachment":"scroll","background-type":"","background-media":"","overlay-type":"","overlay-color":"","overlay-opacity":"","overlay-gradient":""},"mobile":{"background-color":"","background-image":"","background-repeat":"repeat","background-position":"center center","background-size":"auto","background-attachment":"scroll","background-type":"","background-media":"","overlay-type":"","overlay-color":"","overlay-opacity":"","overlay-gradient":""}},"ast-content-background-meta":{"desktop":{"background-color":"var(--ast-global-color-5)","background-image":"","background-repeat":"repeat","background-position":"center center","background-size":"auto","background-attachment":"scroll","background-type":"","background-media":"","overlay-type":"","overlay-color":"","overlay-opacity":"","overlay-gradient":""},"tablet":{"background-color":"var(--ast-global-color-5)","background-image":"","background-repeat":"repeat","background-position":"center center","background-size":"auto","background-attachment":"scroll","background-type":"","background-media":"","overlay-type":"","overlay-color":"","overlay-opacity":"","overlay-gradient":""},"mobile":{"background-color":"var(--ast-global-color-5)","background-image":"","background-repeat":"repeat","background-position":"center center","background-size":"auto","background-attachment":"scroll","background-type":"","background-media":"","overlay-type":"","overlay-color":"","overlay-opacity":"","overlay-gradient":""}}},"product_brand":[],"product_cat":[28,40],"product_tag":[],"class_list":{"0":"post-257","1":"product","2":"type-product","3":"status-publish","4":"has-post-thumbnail","6":"product_cat-leonor-greyl","7":"product_cat-styling-products","8":"desktop-align-center","9":"tablet-align-left","10":"mobile-align-left","11":"ast-product-gallery-layout-horizontal-slider","12":"ast-product-gallery-with-no-image","13":"ast-product-tabs-layout-horizontal","14":"ast-qv-on-image","16":"first","17":"instock","18":"virtual","19":"taxable","20":"purchasable","21":"product-type-simple"},"_links":{"self":[{"href":"https:\/\/faceology.net\/sq\/wp-json\/wp\/v2\/product\/257","targetHints":{"allow":["GET"]}}],"collection":[{"href":"https:\/\/faceology.net\/sq\/wp-json\/wp\/v2\/product"}],"about":[{"href":"https:\/\/faceology.net\/sq\/wp-json\/wp\/v2\/types\/product"}],"wp:featuredmedia":[{"embeddable":true,"href":"https:\/\/faceology.net\/sq\/wp-json\/wp\/v2\/media\/2567"}],"wp:attachment":[{"href":"https:\/\/faceology.net\/sq\/wp-json\/wp\/v2\/media?parent=257"}],"wp:term":[{"taxonomy":"product_brand","embeddable":true,"href":"https:\/\/faceology.net\/sq\/wp-json\/wp\/v2\/product_brand?post=257"},{"taxonomy":"product_cat","embeddable":true,"href":"https:\/\/faceology.net\/sq\/wp-json\/wp\/v2\/product_cat?post=257"},{"taxonomy":"product_tag","embeddable":true,"href":"https:\/\/faceology.net\/sq\/wp-json\/wp\/v2\/product_tag?post=257"}],"curies":[{"name":"wp","href":"https:\/\/api.w.org\/{rel}","templated":true}]}}