{"id":260,"date":"2020-02-11T21:17:59","date_gmt":"2020-02-11T21:17:59","guid":{"rendered":"https:\/\/faceology.net\/product\/gel-a-lhibiscus-alcohol-free-styling-gel-2\/"},"modified":"2026-02-17T18:49:13","modified_gmt":"2026-02-17T18:49:13","slug":"xhel-a-lhibiscus-free-alkool-styling-gel-2","status":"publish","type":"product","link":"https:\/\/faceology.net\/sq\/product\/gel-a-lhibiscus-alcohol-free-styling-gel-2\/","title":{"rendered":"GEL A L&#039;HIBISCUS"},"content":{"rendered":"<p class=\"translation-block\">N\u00eb vijim t\u00eb llakut t\u00eb tij p\u00ebr mbrojtjen nga nxeht\u00ebsia dhe sprajit p\u00ebr styling, n\u00eb vitin 1986 Jean-Marie Greyl filloi t\u00eb shqyrtoj\u00eb p\u00ebrs\u00ebri \u00e7\u00ebshtjet q\u00eb rrethojn\u00eb produktet e styling.\nAto dit\u00eb, xhel dhe ve\u00e7an\u00ebrisht xhel p\u00ebr burra, p\u00ebrmbanin nivele t\u00eb larta alkooli dhe p\u00ebrb\u00ebr\u00ebs formues t\u00eb filmit sintetik q\u00eb mbytin kok\u00ebn. Duke kombinuar proteinat formuese t\u00eb filmit me vendosjen dhe fuqin\u00eb styling t\u00eb \u00e7am\u00e7ak\u00ebzit, zoti Greyl arriti n\u00eb nj\u00eb formul\u00eb efikase, t\u00eb but\u00eb p\u00ebr t\u00eb strukturuar dhe vendosur stile pa u ngurt\u00ebsuar ose thar\u00eb flok\u00ebt. Fillimisht i em\u00ebrtuar Gel \u00e0 la K\u00e9ratine, kjo formul\u00eb pa alkool u riem\u00ebrua Gel \u00e0 l\u2019Hibiscus pas riformulimit n\u00eb vitin 2012 nga Tom Brooks, i cili zgjodhi t\u00eb z\u00ebvend\u00ebsoj\u00eb keratin\u00ebn me ekstrakt hibiscus t\u00eb njohur p\u00ebr vetit\u00eb e tij forcuese. Hulumtimi dhe natyra q\u00ebndrojn\u00eb n\u00eb zem\u00ebr t\u00eb t\u00eb gjitha risive t\u00eb Leonor Greyl.<\/p>","protected":false},"excerpt":{"rendered":"<p>&nbsp;<\/p>\n<div class=\"translation-block\">\n<p>Xhel stilues pa alkool. 100 ml<\/p><p> Ideale p\u00ebr form\u00ebsimin e flok\u00ebve, krijimin e modeleve flok\u00ebsh me nj\u00eb efekt &#039;wet-look&#039; dhe sigurimin e mb\u00ebshtetjes n\u00eb rr\u00ebnj\u00ebt e flok\u00ebve t\u00eb holl\u00eb dhe t\u00eb \u00e7al\u00eb. Thjesht nj\u00eb lyerje me xhel \u00e0 l&#039;Hibiscus aplikohet n\u00eb rr\u00ebnj\u00eb me majat e gishtave dhe do t\u00eb shihni rezultate t\u00eb menj\u00ebhershme. Kjo formul\u00eb pa alkool \u00ebsht\u00eb e p\u00ebrshtatshme p\u00ebr t\u00eb gjitha llojet e flok\u00ebve. Nuk do t&#039;i thaj\u00eb flok\u00ebt dhe nuk do t\u00eb shkaktoj\u00eb shkrirje.<\/p>\n<\/div>","protected":false},"featured_media":2552,"template":"","meta":{"site-sidebar-layout":"default","site-content-layout":"","ast-site-content-layout":"default","site-content-style":"default","site-sidebar-style":"default","ast-global-header-display":"","ast-banner-title-visibility":"","ast-main-header-display":"","ast-hfb-above-header-display":"","ast-hfb-below-header-display":"","ast-hfb-mobile-header-display":"","site-post-title":"","ast-breadcrumbs-content":"","ast-featured-img":"","footer-sml-layout":"","ast-disable-related-posts":"","theme-transparent-header-meta":"","adv-header-id-meta":"","stick-header-meta":"","header-above-stick-meta":"","header-main-stick-meta":"","header-below-stick-meta":"","astra-migrate-meta-layouts":"default","ast-page-background-enabled":"default","ast-page-background-meta":{"desktop":{"background-color":"var(--ast-global-color-4)","background-image":"","background-repeat":"repeat","background-position":"center center","background-size":"auto","background-attachment":"scroll","background-type":"","background-media":"","overlay-type":"","overlay-color":"","overlay-opacity":"","overlay-gradient":""},"tablet":{"background-color":"","background-image":"","background-repeat":"repeat","background-position":"center center","background-size":"auto","background-attachment":"scroll","background-type":"","background-media":"","overlay-type":"","overlay-color":"","overlay-opacity":"","overlay-gradient":""},"mobile":{"background-color":"","background-image":"","background-repeat":"repeat","background-position":"center center","background-size":"auto","background-attachment":"scroll","background-type":"","background-media":"","overlay-type":"","overlay-color":"","overlay-opacity":"","overlay-gradient":""}},"ast-content-background-meta":{"desktop":{"background-color":"var(--ast-global-color-5)","background-image":"","background-repeat":"repeat","background-position":"center center","background-size":"auto","background-attachment":"scroll","background-type":"","background-media":"","overlay-type":"","overlay-color":"","overlay-opacity":"","overlay-gradient":""},"tablet":{"background-color":"var(--ast-global-color-5)","background-image":"","background-repeat":"repeat","background-position":"center center","background-size":"auto","background-attachment":"scroll","background-type":"","background-media":"","overlay-type":"","overlay-color":"","overlay-opacity":"","overlay-gradient":""},"mobile":{"background-color":"var(--ast-global-color-5)","background-image":"","background-repeat":"repeat","background-position":"center center","background-size":"auto","background-attachment":"scroll","background-type":"","background-media":"","overlay-type":"","overlay-color":"","overlay-opacity":"","overlay-gradient":""}}},"product_brand":[],"product_cat":[28,40],"product_tag":[],"class_list":{"0":"post-260","1":"product","2":"type-product","3":"status-publish","4":"has-post-thumbnail","6":"product_cat-leonor-greyl","7":"product_cat-styling-products","8":"desktop-align-center","9":"tablet-align-left","10":"mobile-align-left","11":"ast-product-gallery-layout-horizontal-slider","12":"ast-product-gallery-with-no-image","13":"ast-product-tabs-layout-horizontal","14":"ast-qv-on-image","16":"first","17":"instock","18":"virtual","19":"taxable","20":"purchasable","21":"product-type-simple"},"_links":{"self":[{"href":"https:\/\/faceology.net\/sq\/wp-json\/wp\/v2\/product\/260","targetHints":{"allow":["GET"]}}],"collection":[{"href":"https:\/\/faceology.net\/sq\/wp-json\/wp\/v2\/product"}],"about":[{"href":"https:\/\/faceology.net\/sq\/wp-json\/wp\/v2\/types\/product"}],"wp:featuredmedia":[{"embeddable":true,"href":"https:\/\/faceology.net\/sq\/wp-json\/wp\/v2\/media\/2552"}],"wp:attachment":[{"href":"https:\/\/faceology.net\/sq\/wp-json\/wp\/v2\/media?parent=260"}],"wp:term":[{"taxonomy":"product_brand","embeddable":true,"href":"https:\/\/faceology.net\/sq\/wp-json\/wp\/v2\/product_brand?post=260"},{"taxonomy":"product_cat","embeddable":true,"href":"https:\/\/faceology.net\/sq\/wp-json\/wp\/v2\/product_cat?post=260"},{"taxonomy":"product_tag","embeddable":true,"href":"https:\/\/faceology.net\/sq\/wp-json\/wp\/v2\/product_tag?post=260"}],"curies":[{"name":"wp","href":"https:\/\/api.w.org\/{rel}","templated":true}]}}