{"id":261,"date":"2020-02-11T21:18:04","date_gmt":"2020-02-11T21:18:04","guid":{"rendered":"https:\/\/faceology.net\/product\/eclat-naturel-tube-day-time-cream-for-dry-ends-2\/"},"modified":"2026-02-17T18:49:13","modified_gmt":"2026-02-17T18:49:13","slug":"eclat-naturel-tube-dite-time-krem-per-fundet-e-thata-2","status":"publish","type":"product","link":"https:\/\/faceology.net\/sq\/product\/eclat-naturel-tube-day-time-cream-for-dry-ends-2\/","title":{"rendered":"ECLAT NATUREL"},"content":{"rendered":"<div class=\"translation-block\">\nFormuluar n\u00eb vitin 1987 p\u00ebr t\u00eb trajtuar nevojat e flok\u00ebve shum\u00eb t\u00eb that\u00eb dhe t\u00eb v\u00ebshtir\u00eb p\u00ebr tu menaxhuar, Eclat Naturel \u00ebsht\u00eb nj\u00eb krem teksturizues p\u00ebr t\u00eb zbutur flok\u00ebt e padrejt\u00eb, dhe nj\u00eb trajtim i pasur p\u00ebr t\u00eb ushqyer dhe p\u00ebrmir\u00ebsuar duksh\u00ebm struktur\u00ebn e flok\u00ebve. Nd\u00ebrsa produktet e tjera n\u00eb at\u00eb koh\u00eb po zgjidhnin q\u00eb silikonet t\u00eb shtonin shk\u00eblqim dhe rr\u00ebshqitje, Z. Greyl u p\u00ebrq\u00ebndrua n\u00eb vajrat natyror\u00eb dhe gjalpin Shea p\u00ebr vetit\u00eb e tyre zbut\u00ebse, ultraushqyese. Lindi Styling Hair Care. Nj\u00eb produkt p\u00ebr n\u00eb sht\u00ebpi, thelb\u00ebsor p\u00ebr flok\u00ebt e thinjur ose shum\u00eb t\u00eb that\u00eb , ai gjithashtu u b\u00eb nj\u00eb produkt sallonesh q\u00eb duhet pas\u00eb, duke fituar \u00e7mime t\u00eb shumta t\u00eb industris\u00eb n\u00eb t\u00eb gjith\u00eb bot\u00ebn.\n<\/div>","protected":false},"excerpt":{"rendered":"<div class=\"translation-block\">\n<p>Krem Stilues Ushqyes dhe Mbrojt\u00ebs<\/p><p> Me p\u00ebrb\u00ebr\u00ebsit rigjenerues t\u00eb gjalpit t\u00eb shea dhe vajit t\u00eb jojob\u00ebs, ky krem stilues \u00ebsht\u00eb nj\u00eb trajtim ushqyes p\u00ebr flok\u00ebt e that\u00eb dhe t\u00eb pajet\u00eb q\u00eb zgjidhen dhe kufizohen nd\u00ebrsa i stiloni.<\/p>\n<\/div>","protected":false},"featured_media":2550,"template":"","meta":{"site-sidebar-layout":"default","site-content-layout":"","ast-site-content-layout":"default","site-content-style":"default","site-sidebar-style":"default","ast-global-header-display":"","ast-banner-title-visibility":"","ast-main-header-display":"","ast-hfb-above-header-display":"","ast-hfb-below-header-display":"","ast-hfb-mobile-header-display":"","site-post-title":"","ast-breadcrumbs-content":"","ast-featured-img":"","footer-sml-layout":"","ast-disable-related-posts":"","theme-transparent-header-meta":"","adv-header-id-meta":"","stick-header-meta":"","header-above-stick-meta":"","header-main-stick-meta":"","header-below-stick-meta":"","astra-migrate-meta-layouts":"default","ast-page-background-enabled":"default","ast-page-background-meta":{"desktop":{"background-color":"var(--ast-global-color-4)","background-image":"","background-repeat":"repeat","background-position":"center center","background-size":"auto","background-attachment":"scroll","background-type":"","background-media":"","overlay-type":"","overlay-color":"","overlay-opacity":"","overlay-gradient":""},"tablet":{"background-color":"","background-image":"","background-repeat":"repeat","background-position":"center center","background-size":"auto","background-attachment":"scroll","background-type":"","background-media":"","overlay-type":"","overlay-color":"","overlay-opacity":"","overlay-gradient":""},"mobile":{"background-color":"","background-image":"","background-repeat":"repeat","background-position":"center center","background-size":"auto","background-attachment":"scroll","background-type":"","background-media":"","overlay-type":"","overlay-color":"","overlay-opacity":"","overlay-gradient":""}},"ast-content-background-meta":{"desktop":{"background-color":"var(--ast-global-color-5)","background-image":"","background-repeat":"repeat","background-position":"center center","background-size":"auto","background-attachment":"scroll","background-type":"","background-media":"","overlay-type":"","overlay-color":"","overlay-opacity":"","overlay-gradient":""},"tablet":{"background-color":"var(--ast-global-color-5)","background-image":"","background-repeat":"repeat","background-position":"center center","background-size":"auto","background-attachment":"scroll","background-type":"","background-media":"","overlay-type":"","overlay-color":"","overlay-opacity":"","overlay-gradient":""},"mobile":{"background-color":"var(--ast-global-color-5)","background-image":"","background-repeat":"repeat","background-position":"center center","background-size":"auto","background-attachment":"scroll","background-type":"","background-media":"","overlay-type":"","overlay-color":"","overlay-opacity":"","overlay-gradient":""}}},"product_brand":[],"product_cat":[28,40],"product_tag":[],"class_list":{"0":"post-261","1":"product","2":"type-product","3":"status-publish","4":"has-post-thumbnail","6":"product_cat-leonor-greyl","7":"product_cat-styling-products","8":"desktop-align-center","9":"tablet-align-left","10":"mobile-align-left","11":"ast-product-gallery-layout-horizontal-slider","12":"ast-product-gallery-with-no-image","13":"ast-product-tabs-layout-horizontal","14":"ast-qv-on-image","16":"first","17":"instock","18":"virtual","19":"taxable","20":"purchasable","21":"product-type-simple"},"_links":{"self":[{"href":"https:\/\/faceology.net\/sq\/wp-json\/wp\/v2\/product\/261","targetHints":{"allow":["GET"]}}],"collection":[{"href":"https:\/\/faceology.net\/sq\/wp-json\/wp\/v2\/product"}],"about":[{"href":"https:\/\/faceology.net\/sq\/wp-json\/wp\/v2\/types\/product"}],"wp:featuredmedia":[{"embeddable":true,"href":"https:\/\/faceology.net\/sq\/wp-json\/wp\/v2\/media\/2550"}],"wp:attachment":[{"href":"https:\/\/faceology.net\/sq\/wp-json\/wp\/v2\/media?parent=261"}],"wp:term":[{"taxonomy":"product_brand","embeddable":true,"href":"https:\/\/faceology.net\/sq\/wp-json\/wp\/v2\/product_brand?post=261"},{"taxonomy":"product_cat","embeddable":true,"href":"https:\/\/faceology.net\/sq\/wp-json\/wp\/v2\/product_cat?post=261"},{"taxonomy":"product_tag","embeddable":true,"href":"https:\/\/faceology.net\/sq\/wp-json\/wp\/v2\/product_tag?post=261"}],"curies":[{"name":"wp","href":"https:\/\/api.w.org\/{rel}","templated":true}]}}