{"id":262,"date":"2020-02-11T21:18:04","date_gmt":"2020-02-11T21:18:04","guid":{"rendered":"https:\/\/faceology.net\/product\/revitalash-advanced-3-5ml\/"},"modified":"2026-02-24T11:39:48","modified_gmt":"2026-02-24T11:39:48","slug":"revitalash-i-avancuar-3-5ml","status":"publish","type":"product","link":"https:\/\/faceology.net\/sq\/product\/revitalash-advanced-3-5ml\/","title":{"rendered":"REVITALASH\u00ae ADVANCED EYELASH CONDITIONER &amp; SERUM"},"content":{"rendered":"<div class=\"translation-block\">\n\u00c7FAR\u00cb B\u00cbN:\nKy serum fitues i \u00e7mimeve dhe lider i kategoris\u00eb p\u00ebrmban teknologji pron\u00ebsore, t\u00eb avancuar shkenc\u00ebrisht p\u00ebr t\u00eb forcuar qerpik\u00ebt dhe p\u00ebr t\u00eb mbrojtur nga thyerja, duke p\u00ebrmir\u00ebsuar fleksibilitetin dhe shk\u00eblqimin, duke rezultuar n\u00eb pamje dramatike t\u00eb qerpik\u00ebve.\n\u00c7FAR\u00cb TJET\u00cbR DUHET T\u00cb DINI:\nI sigurt p\u00ebr p\u00ebrdorim me zgjatime t\u00eb qerpik\u00ebve\nZhvilluar nga mjeku\nShqyrtuar nga oftalmologu\nShqyrtuar nga dermatologu\nI testuar klinikisht\nHipoalergjike dhe jo irrituese\nPa vaj\nVegan miq\u00ebsore dhe pa mizori\nNuk p\u00ebrmban Paraben\u00eb, Ftalate, Arom\u00eb, Gluten\nProdhuar ne SHBA.\nTeknologjia pron\u00ebsore e gjetur n\u00eb kondicionerin ton\u00eb kryesor t\u00eb kategoris\u00eb s\u00eb qerpik\u00ebve, RevitaLash\u00ae Advanced, \u00ebsht\u00eb patentuar n\u00eb Shtetet e Bashkuara p\u00ebr Curl Effect\u00ae. Zbuloni bukurin\u00eb e qerpik\u00ebve tuaj natyral\u00eb.\nREZULTATET E K\u00cbRKIMIT:\nRezultatet e anket\u00ebs nga nj\u00eb studim i pavarur 6-javor i konsumator\u00ebve, duke p\u00ebrfshir\u00eb 63 pjes\u00ebmarr\u00ebs:\n98% raportuan nj\u00eb pamje t\u00eb p\u00ebrmir\u00ebsuar t\u00eb qerpik\u00ebve\n98% raportuan qerpik\u00ebt me pamje m\u00eb t\u00eb sh\u00ebndetshme\n98% raportuan qerpik\u00eb m\u00eb t\u00eb fort\u00eb\n<\/div>","protected":false},"excerpt":{"rendered":"<div class=\"nine columns alpha\">\n<div class=\"gallery-wrap js-product-page-gallery clearfix gallery-arrows--false bottom-thumbnails slideshow_animation--fade\">\n<div class=\"product_gallery_nav product-1125852151851-gallery-nav\">\n<div class=\"gallery-cell\" data-title=\"Image of RevitaLash Advanced 3.5 mL with applicator\">\n<span style=\"font-size: 16px;\">Nj\u00eb serum origjinal p\u00ebr kondicionimin e qerpik\u00ebve i zhvilluar nga Mjeku trajton shenjat e dukshme t\u00eb plakjes s\u00eb qerpik\u00ebve p\u00ebr shkak t\u00eb streseve kimike dhe mjedisore, duke \u00e7uar n\u00eb qerpik\u00eb me pamje m\u00eb t\u00eb sh\u00ebndetshme dhe m\u00eb luksoze.\n\nFrym\u00ebzuar nga Dashuria. Mund\u00ebsuar nga Shkenca.<\/span>\n<\/div>\n<\/div>\n<\/div>\n<\/div>","protected":false},"featured_media":409,"template":"","meta":{"site-sidebar-layout":"default","site-content-layout":"","ast-site-content-layout":"default","site-content-style":"default","site-sidebar-style":"default","ast-global-header-display":"","ast-banner-title-visibility":"","ast-main-header-display":"","ast-hfb-above-header-display":"","ast-hfb-below-header-display":"","ast-hfb-mobile-header-display":"","site-post-title":"","ast-breadcrumbs-content":"","ast-featured-img":"","footer-sml-layout":"","ast-disable-related-posts":"","theme-transparent-header-meta":"","adv-header-id-meta":"","stick-header-meta":"","header-above-stick-meta":"","header-main-stick-meta":"","header-below-stick-meta":"","astra-migrate-meta-layouts":"default","ast-page-background-enabled":"default","ast-page-background-meta":{"desktop":{"background-color":"var(--ast-global-color-4)","background-image":"","background-repeat":"repeat","background-position":"center center","background-size":"auto","background-attachment":"scroll","background-type":"","background-media":"","overlay-type":"","overlay-color":"","overlay-opacity":"","overlay-gradient":""},"tablet":{"background-color":"","background-image":"","background-repeat":"repeat","background-position":"center center","background-size":"auto","background-attachment":"scroll","background-type":"","background-media":"","overlay-type":"","overlay-color":"","overlay-opacity":"","overlay-gradient":""},"mobile":{"background-color":"","background-image":"","background-repeat":"repeat","background-position":"center center","background-size":"auto","background-attachment":"scroll","background-type":"","background-media":"","overlay-type":"","overlay-color":"","overlay-opacity":"","overlay-gradient":""}},"ast-content-background-meta":{"desktop":{"background-color":"var(--ast-global-color-5)","background-image":"","background-repeat":"repeat","background-position":"center center","background-size":"auto","background-attachment":"scroll","background-type":"","background-media":"","overlay-type":"","overlay-color":"","overlay-opacity":"","overlay-gradient":""},"tablet":{"background-color":"var(--ast-global-color-5)","background-image":"","background-repeat":"repeat","background-position":"center center","background-size":"auto","background-attachment":"scroll","background-type":"","background-media":"","overlay-type":"","overlay-color":"","overlay-opacity":"","overlay-gradient":""},"mobile":{"background-color":"var(--ast-global-color-5)","background-image":"","background-repeat":"repeat","background-position":"center center","background-size":"auto","background-attachment":"scroll","background-type":"","background-media":"","overlay-type":"","overlay-color":"","overlay-opacity":"","overlay-gradient":""}}},"product_brand":[162],"product_cat":[19,18,140,37],"product_tag":[141,143,142,24],"class_list":{"0":"post-262","1":"product","2":"type-product","3":"status-publish","4":"has-post-thumbnail","6":"product_brand-revitalash","7":"product_cat-eye-product","8":"product_cat-revitalash","9":"product_cat-revitalash-serums","10":"product_cat-serums","11":"product_tag-eye-lash","12":"product_tag-lash-conditioner","13":"product_tag-lash-serum","14":"product_tag-revitalash","15":"desktop-align-center","16":"tablet-align-left","17":"mobile-align-left","18":"ast-product-gallery-layout-horizontal-slider","19":"ast-product-gallery-with-no-image","20":"ast-product-single-variable","21":"ast-product-tabs-layout-horizontal","22":"ast-qv-on-image","24":"first","25":"instock","26":"taxable","27":"shipping-taxable","28":"purchasable","29":"product-type-variable"},"_links":{"self":[{"href":"https:\/\/faceology.net\/sq\/wp-json\/wp\/v2\/product\/262","targetHints":{"allow":["GET"]}}],"collection":[{"href":"https:\/\/faceology.net\/sq\/wp-json\/wp\/v2\/product"}],"about":[{"href":"https:\/\/faceology.net\/sq\/wp-json\/wp\/v2\/types\/product"}],"wp:featuredmedia":[{"embeddable":true,"href":"https:\/\/faceology.net\/sq\/wp-json\/wp\/v2\/media\/409"}],"wp:attachment":[{"href":"https:\/\/faceology.net\/sq\/wp-json\/wp\/v2\/media?parent=262"}],"wp:term":[{"taxonomy":"product_brand","embeddable":true,"href":"https:\/\/faceology.net\/sq\/wp-json\/wp\/v2\/product_brand?post=262"},{"taxonomy":"product_cat","embeddable":true,"href":"https:\/\/faceology.net\/sq\/wp-json\/wp\/v2\/product_cat?post=262"},{"taxonomy":"product_tag","embeddable":true,"href":"https:\/\/faceology.net\/sq\/wp-json\/wp\/v2\/product_tag?post=262"}],"curies":[{"name":"wp","href":"https:\/\/api.w.org\/{rel}","templated":true}]}}