{"id":2907,"date":"2024-05-13T17:26:47","date_gmt":"2024-05-13T17:26:47","guid":{"rendered":"https:\/\/faceology.net\/?post_type=product&#038;p=2907"},"modified":"2025-02-09T19:22:18","modified_gmt":"2025-02-09T19:22:18","slug":"serum-energisant","status":"publish","type":"product","link":"https:\/\/faceology.net\/sq\/product\/serum-energisant\/","title":{"rendered":"SERUM ENERGJIZUES"},"content":{"rendered":"<div id=\"pl-2907\"  class=\"panel-layout\" ><div id=\"pg-2907-0\"  class=\"panel-grid panel-no-style\"  style=\"margin-bottom: 30px\" ><div id=\"pgc-2907-0-0\"  class=\"panel-grid-cell\" ><div id=\"panel-2907-0-0-0\" class=\"so-panel widget_sow-editor panel-first-child panel-last-child\" data-index=\"0\" ><div\n\t\t\t\n\t\t\tclass=\"so-widget-sow-editor so-widget-sow-editor-base\"\n\t\t\t\n\t\t>\n<div class=\"siteorigin-widget-tinymce textwidget\">\n\t<p>Forcon bulbin dhe mbron fibrat e flok\u00ebve<br \/>\nVeprim kund\u00ebr plakjes dhe thinjave<br \/>\nRibalancon skalpin e kok\u00ebs<br \/>\nDetoksifikon flok\u00ebt p\u00ebr nj\u00eb efekt anti-ndotje<br \/>\nNj\u00eb rritje n\u00eb shk\u00eblqim dhe dend\u00ebsi<br \/>\nFormul\u00eb e koncentruar<br \/>\nNuk p\u00ebrmban alkool, nuk i than flok\u00ebt<\/p>\n<p>Rezultatet e provuara:<\/p>\n<p>Zvog\u00eblon r\u00ebnien e flok\u00ebve dhe stimulon rritjen e tyre t\u00eb m\u00ebvonshme<br \/>\nPas 15 dit\u00ebsh p\u00ebrdorimi, rezultatet e p\u00ebrmir\u00ebsimit t\u00eb sh\u00ebndetit dhe vitalitetit t\u00eb flok\u00ebve jan\u00eb qart\u00eb t\u00eb dukshme.\u201d<br \/>\nPas 3 muajsh p\u00ebrdorimi: dend\u00ebsia e flok\u00ebve p\u00ebrforcohet, r\u00ebnia e tyre ngadal\u00ebsohet.<br \/>\n8 nga 10 p\u00ebrdorues do t&#039;ia rekomandonin nj\u00eb t\u00eb dashuri.*Burimi: vet\u00ebvler\u00ebsim mbi burrat dhe grat\u00eb<\/p>\n<\/div>\n<\/div><\/div><\/div><\/div><\/div>","protected":false},"excerpt":{"rendered":"<p>99% P\u00cbRB\u00cbR\u00cbS NATYRALE VEGAN<br \/>\nP\u00ebrmir\u00ebsoni sh\u00ebndetin e flok\u00ebve dhe t\u00eb skalpit t\u00eb kok\u00ebs me k\u00ebt\u00eb serum vitalizues pa alkool q\u00eb zvog\u00eblon hollimin e flok\u00ebve. I mbushur me bim\u00eb natyrale, ai forcon bulbin dhe mbron fibrat e flok\u00ebve, nd\u00ebrkoh\u00eb q\u00eb ofron veprimin anti-ndot\u00ebs t\u00eb \u00e7ajit jeshil. Ekstraktet e mak\u00ebs dhe rozmarin\u00ebs forcojn\u00eb flok\u00ebt dhe qet\u00ebsojn\u00eb skalpin e kok\u00ebs. Pas vet\u00ebm 15 dit\u00ebsh p\u00ebrdorimi, sh\u00ebndeti dhe vitaliteti i flok\u00ebve p\u00ebrmir\u00ebsohen duksh\u00ebm, dhe pas tre muajsh, flok\u00ebt jan\u00eb m\u00eb t\u00eb dendur dhe r\u00ebnia e tyre ngadal\u00ebsohet. Nj\u00eb serum shum\u00ebplan\u00ebsh p\u00ebr t\u00eb gjitha llojet e flok\u00ebve me arom\u00ebn qet\u00ebsuese t\u00eb \u00e7ajit t\u00eb bardh\u00eb.<\/p>","protected":false},"featured_media":2908,"template":"","meta":{"site-sidebar-layout":"default","site-content-layout":"","ast-site-content-layout":"default","site-content-style":"default","site-sidebar-style":"default","ast-global-header-display":"","ast-banner-title-visibility":"","ast-main-header-display":"","ast-hfb-above-header-display":"","ast-hfb-below-header-display":"","ast-hfb-mobile-header-display":"","site-post-title":"","ast-breadcrumbs-content":"","ast-featured-img":"","footer-sml-layout":"","ast-disable-related-posts":"","theme-transparent-header-meta":"default","adv-header-id-meta":"","stick-header-meta":"","header-above-stick-meta":"","header-main-stick-meta":"","header-below-stick-meta":"","astra-migrate-meta-layouts":"set","ast-page-background-enabled":"default","ast-page-background-meta":{"desktop":{"background-color":"var(--ast-global-color-4)","background-image":"","background-repeat":"repeat","background-position":"center center","background-size":"auto","background-attachment":"scroll","background-type":"","background-media":"","overlay-type":"","overlay-color":"","overlay-opacity":"","overlay-gradient":""},"tablet":{"background-color":"","background-image":"","background-repeat":"repeat","background-position":"center center","background-size":"auto","background-attachment":"scroll","background-type":"","background-media":"","overlay-type":"","overlay-color":"","overlay-opacity":"","overlay-gradient":""},"mobile":{"background-color":"","background-image":"","background-repeat":"repeat","background-position":"center center","background-size":"auto","background-attachment":"scroll","background-type":"","background-media":"","overlay-type":"","overlay-color":"","overlay-opacity":"","overlay-gradient":""}},"ast-content-background-meta":{"desktop":{"background-color":"var(--ast-global-color-5)","background-image":"","background-repeat":"repeat","background-position":"center center","background-size":"auto","background-attachment":"scroll","background-type":"","background-media":"","overlay-type":"","overlay-color":"","overlay-opacity":"","overlay-gradient":""},"tablet":{"background-color":"var(--ast-global-color-5)","background-image":"","background-repeat":"repeat","background-position":"center center","background-size":"auto","background-attachment":"scroll","background-type":"","background-media":"","overlay-type":"","overlay-color":"","overlay-opacity":"","overlay-gradient":""},"mobile":{"background-color":"var(--ast-global-color-5)","background-image":"","background-repeat":"repeat","background-position":"center center","background-size":"auto","background-attachment":"scroll","background-type":"","background-media":"","overlay-type":"","overlay-color":"","overlay-opacity":"","overlay-gradient":""}}},"product_brand":[],"product_cat":[42,28,159],"product_tag":[],"class_list":{"0":"post-2907","1":"product","2":"type-product","3":"status-publish","4":"has-post-thumbnail","6":"product_cat-leave-in-treatment","7":"product_cat-leonor-greyl","8":"product_cat-serums-leonor-greyl","9":"desktop-align-center","10":"tablet-align-left","11":"mobile-align-left","12":"ast-product-gallery-layout-horizontal-slider","13":"ast-product-gallery-with-no-image","14":"ast-product-tabs-layout-horizontal","15":"ast-qv-on-image","17":"first","18":"instock","19":"featured","20":"taxable","21":"shipping-taxable","22":"purchasable","23":"product-type-simple"},"_links":{"self":[{"href":"https:\/\/faceology.net\/sq\/wp-json\/wp\/v2\/product\/2907","targetHints":{"allow":["GET"]}}],"collection":[{"href":"https:\/\/faceology.net\/sq\/wp-json\/wp\/v2\/product"}],"about":[{"href":"https:\/\/faceology.net\/sq\/wp-json\/wp\/v2\/types\/product"}],"wp:featuredmedia":[{"embeddable":true,"href":"https:\/\/faceology.net\/sq\/wp-json\/wp\/v2\/media\/2908"}],"wp:attachment":[{"href":"https:\/\/faceology.net\/sq\/wp-json\/wp\/v2\/media?parent=2907"}],"wp:term":[{"taxonomy":"product_brand","embeddable":true,"href":"https:\/\/faceology.net\/sq\/wp-json\/wp\/v2\/product_brand?post=2907"},{"taxonomy":"product_cat","embeddable":true,"href":"https:\/\/faceology.net\/sq\/wp-json\/wp\/v2\/product_cat?post=2907"},{"taxonomy":"product_tag","embeddable":true,"href":"https:\/\/faceology.net\/sq\/wp-json\/wp\/v2\/product_tag?post=2907"}],"curies":[{"name":"wp","href":"https:\/\/api.w.org\/{rel}","templated":true}]}}