{"id":3030,"date":"2025-01-30T00:06:11","date_gmt":"2025-01-30T00:06:11","guid":{"rendered":"https:\/\/faceology.net\/?post_type=product&#038;p=3030"},"modified":"2026-02-17T18:49:13","modified_gmt":"2026-02-17T18:49:13","slug":"shampooing-energisant","status":"publish","type":"product","link":"https:\/\/faceology.net\/sq\/product\/shampooing-energisant\/","title":{"rendered":"Energjizues p\u00ebr shampo"},"content":{"rendered":"<div id=\"pl-3030\"  class=\"panel-layout\" ><div id=\"pg-3030-0\"  class=\"panel-grid panel-no-style\"  style=\"margin-bottom: 30px\" ><div id=\"pgc-3030-0-0\"  class=\"panel-grid-cell\" ><div id=\"panel-3030-0-0-0\" class=\"so-panel widget_sow-editor panel-first-child panel-last-child\" data-index=\"0\" ><div\n\t\t\t\n\t\t\tclass=\"so-widget-sow-editor so-widget-sow-editor-base\"\n\t\t\t\n\t\t>\n<div class=\"siteorigin-widget-tinymce textwidget\">\n\t<ul>\n<li id=\"tab1\" class=\"active\">\n<div class=\"benefitssection\">\n<div class=\"benefits\">\n<ul>\n<li>Efekt zbut\u00ebs dhe kondicionues<\/li>\n<li>Sjell v\u00ebllim, shk\u00eblqim dhe mbrojtje<\/li>\n<li>Balancues, pastrues dhe anti-zbokth<\/li>\n<li>Pastron dhe pastron skalpin e kok\u00ebs pa e irrituar at\u00eb<\/li>\n<\/ul>\n<\/div>\n<\/div>\n<\/li>\n<\/ul>\n<\/div>\n<\/div><\/div><\/div><\/div><\/div>","protected":false},"excerpt":{"rendered":"<p>96% P\u00cbRB\u00cbR\u00cbS NATYRALE VEGAN<\/p>\n<p>Nj\u00eb produkt superhero p\u00ebr skalpin e kok\u00ebs, Shampooing \u00c9nergisant \u00ebsht\u00eb formuluar p\u00ebr k\u00ebdo q\u00eb ka flok\u00eb t\u00eb holl\u00eb. Ai gjithashtu ka nj\u00eb efekt balancues n\u00eb yndyrshm\u00ebri, acarim dhe zbokth, duke rritur shk\u00eblqimin dhe v\u00ebllimin e flok\u00ebve. Proteinat e far\u00ebs s\u00eb Moring\u00ebs dhe bajames forcojn\u00eb dhe mbrojn\u00eb fijet, nd\u00ebrsa maja e mjaltit zbut dhe kufizon. Kumbulla indiane vepron magjikisht duke balancuar dhe barazuar skalpin e kok\u00ebs. Krijuar p\u00ebr t\u00eb gjitha llojet e flok\u00ebve, kjo shampo ka nj\u00eb arom\u00eb delikate bajamesh.<\/p>","protected":false},"featured_media":3031,"template":"","meta":{"site-sidebar-layout":"default","site-content-layout":"","ast-site-content-layout":"default","site-content-style":"default","site-sidebar-style":"default","ast-global-header-display":"","ast-banner-title-visibility":"","ast-main-header-display":"","ast-hfb-above-header-display":"","ast-hfb-below-header-display":"","ast-hfb-mobile-header-display":"","site-post-title":"","ast-breadcrumbs-content":"","ast-featured-img":"","footer-sml-layout":"","ast-disable-related-posts":"","theme-transparent-header-meta":"default","adv-header-id-meta":"","stick-header-meta":"","header-above-stick-meta":"","header-main-stick-meta":"","header-below-stick-meta":"","astra-migrate-meta-layouts":"set","ast-page-background-enabled":"default","ast-page-background-meta":{"desktop":{"background-color":"var(--ast-global-color-4)","background-image":"","background-repeat":"repeat","background-position":"center center","background-size":"auto","background-attachment":"scroll","background-type":"","background-media":"","overlay-type":"","overlay-color":"","overlay-opacity":"","overlay-gradient":""},"tablet":{"background-color":"","background-image":"","background-repeat":"repeat","background-position":"center center","background-size":"auto","background-attachment":"scroll","background-type":"","background-media":"","overlay-type":"","overlay-color":"","overlay-opacity":"","overlay-gradient":""},"mobile":{"background-color":"","background-image":"","background-repeat":"repeat","background-position":"center center","background-size":"auto","background-attachment":"scroll","background-type":"","background-media":"","overlay-type":"","overlay-color":"","overlay-opacity":"","overlay-gradient":""}},"ast-content-background-meta":{"desktop":{"background-color":"var(--ast-global-color-5)","background-image":"","background-repeat":"repeat","background-position":"center center","background-size":"auto","background-attachment":"scroll","background-type":"","background-media":"","overlay-type":"","overlay-color":"","overlay-opacity":"","overlay-gradient":""},"tablet":{"background-color":"var(--ast-global-color-5)","background-image":"","background-repeat":"repeat","background-position":"center center","background-size":"auto","background-attachment":"scroll","background-type":"","background-media":"","overlay-type":"","overlay-color":"","overlay-opacity":"","overlay-gradient":""},"mobile":{"background-color":"var(--ast-global-color-5)","background-image":"","background-repeat":"repeat","background-position":"center center","background-size":"auto","background-attachment":"scroll","background-type":"","background-media":"","overlay-type":"","overlay-color":"","overlay-opacity":"","overlay-gradient":""}}},"product_brand":[161],"product_cat":[28,41],"product_tag":[],"class_list":{"0":"post-3030","1":"product","2":"type-product","3":"status-publish","4":"has-post-thumbnail","6":"product_brand-leonor-greyl","7":"product_cat-leonor-greyl","8":"product_cat-shampoos","9":"desktop-align-center","10":"tablet-align-left","11":"mobile-align-left","12":"ast-product-gallery-layout-horizontal-slider","13":"ast-product-gallery-with-no-image","14":"ast-product-tabs-layout-horizontal","15":"ast-qv-on-image","17":"first","18":"instock","19":"taxable","20":"shipping-taxable","21":"purchasable","22":"product-type-simple"},"_links":{"self":[{"href":"https:\/\/faceology.net\/sq\/wp-json\/wp\/v2\/product\/3030","targetHints":{"allow":["GET"]}}],"collection":[{"href":"https:\/\/faceology.net\/sq\/wp-json\/wp\/v2\/product"}],"about":[{"href":"https:\/\/faceology.net\/sq\/wp-json\/wp\/v2\/types\/product"}],"wp:featuredmedia":[{"embeddable":true,"href":"https:\/\/faceology.net\/sq\/wp-json\/wp\/v2\/media\/3031"}],"wp:attachment":[{"href":"https:\/\/faceology.net\/sq\/wp-json\/wp\/v2\/media?parent=3030"}],"wp:term":[{"taxonomy":"product_brand","embeddable":true,"href":"https:\/\/faceology.net\/sq\/wp-json\/wp\/v2\/product_brand?post=3030"},{"taxonomy":"product_cat","embeddable":true,"href":"https:\/\/faceology.net\/sq\/wp-json\/wp\/v2\/product_cat?post=3030"},{"taxonomy":"product_tag","embeddable":true,"href":"https:\/\/faceology.net\/sq\/wp-json\/wp\/v2\/product_tag?post=3030"}],"curies":[{"name":"wp","href":"https:\/\/api.w.org\/{rel}","templated":true}]}}