{"id":3245,"date":"2026-02-17T20:28:36","date_gmt":"2026-02-17T20:28:36","guid":{"rendered":"https:\/\/faceology.net\/?post_type=product&#038;p=3245"},"modified":"2026-02-17T20:37:31","modified_gmt":"2026-02-17T20:37:31","slug":"huile-apaisante","status":"publish","type":"product","link":"https:\/\/faceology.net\/sq\/product\/huile-apaisante\/","title":{"rendered":"HUILE APAISANTE"},"content":{"rendered":"<div id=\"pl-3245\"  class=\"panel-layout\" ><div id=\"pg-3245-0\"  class=\"panel-grid panel-no-style\"  style=\"margin-bottom: 30px\" ><div id=\"pgc-3245-0-0\"  class=\"panel-grid-cell\" ><div id=\"panel-3245-0-0-0\" class=\"widget_text so-panel widget_custom_html panel-first-child panel-last-child\" data-index=\"0\" ><div class=\"textwidget custom-html-widget\">\"&quot;N\u00eb nj\u00eb koh\u00eb kur ritmet e jet\u00ebs po p\u00ebrshpejtohen, skalpi i kok\u00ebs po b\u00ebhet gjithnj\u00eb e m\u00eb i ndjesh\u00ebm. Stresi, ndotja, shampoja e shp\u00eblar\u00eb n\u00eb m\u00ebnyr\u00eb t\u00eb pap\u00ebrshtatshme, produktet e stilimit t\u00eb hequra dob\u00ebt... kaq shum\u00eb faktor\u00eb krijojn\u00eb skuqje dhe kruajtje. P\u00ebrball\u00eb k\u00ebtyre sinjaleve, familja ime dhe Instituti Leonor Greyl menduan p\u00ebr nj\u00eb alternativ\u00eb,&quot; tha Caroline Greyl. K\u00ebshtu, Huile Apaisante u krijua n\u00eb vitin 2018 p\u00ebr t\u00eb ofruar nj\u00eb zgjidhje t\u00eb q\u00ebndrueshme p\u00ebr problemet e skalpit t\u00eb ndjesh\u00ebm fal\u00eb vetive t\u00eb jasht\u00ebzakonshme qet\u00ebsuese dhe desensibilizuese t\u00eb vajrave botanik\u00eb q\u00eb p\u00ebrmban. Ky trajtim i specializuar, i b\u00ebr\u00eb me p\u00ebrb\u00ebr\u00ebs natyral\u00eb 100%, pasqyron ekspertiz\u00ebn e mark\u00ebs dhe kuptimin e thell\u00eb t\u00eb shqet\u00ebsimeve t\u00eb ndryshme q\u00eb lidhen me skalpin e kok\u00ebs.<\/div><\/div><\/div><\/div><\/div>","protected":false},"excerpt":{"rendered":"<p>Vaj qet\u00ebsues p\u00ebr skalpin e ndjesh\u00ebm dhe t\u00eb irrituar\u2026<\/p>\n<div class=\"read-more_content\">\n<p>Ky kombinim vajrash natyral\u00eb me veti qet\u00ebsuese dhe antioksiduese ofron nj\u00eb efekt t\u00eb menj\u00ebhersh\u00ebm qet\u00ebsues p\u00ebr skalpin e ndjesh\u00ebm dhe t\u00eb irrituar. Vaji balancon dhe pastron skalpin, zvog\u00eblon zbokthin dhe skuqjen, dhe rikthen filmin hidrolipidik t\u00eb l\u00ebkur\u00ebs. Ndihmon n\u00eb ruajtjen e hidratimit dhe qet\u00ebson ndjesin\u00eb e ngusht\u00ebsis\u00eb ose kruajtjes. Shishja roll-on lejon aplikim t\u00eb sakt\u00eb n\u00eb zonat e synuara, duke ofruar rehati t\u00eb menj\u00ebhershme. Ideal p\u00ebr p\u00ebrdorim t\u00eb rregullt, ky vaj mbron dhe ruan ekuilibrin natyror t\u00eb skalpit.<\/p>\n<\/div>","protected":false},"featured_media":3249,"template":"","meta":{"site-sidebar-layout":"default","site-content-layout":"","ast-site-content-layout":"default","site-content-style":"default","site-sidebar-style":"default","ast-global-header-display":"","ast-banner-title-visibility":"","ast-main-header-display":"","ast-hfb-above-header-display":"","ast-hfb-below-header-display":"","ast-hfb-mobile-header-display":"","site-post-title":"","ast-breadcrumbs-content":"","ast-featured-img":"","footer-sml-layout":"","ast-disable-related-posts":"","theme-transparent-header-meta":"default","adv-header-id-meta":"","stick-header-meta":"default","header-above-stick-meta":"","header-main-stick-meta":"","header-below-stick-meta":"","astra-migrate-meta-layouts":"set","ast-page-background-enabled":"default","ast-page-background-meta":{"desktop":{"background-color":"var(--ast-global-color-4)","background-image":"","background-repeat":"repeat","background-position":"center center","background-size":"auto","background-attachment":"scroll","background-type":"","background-media":"","overlay-type":"","overlay-color":"","overlay-opacity":"","overlay-gradient":""},"tablet":{"background-color":"","background-image":"","background-repeat":"repeat","background-position":"center center","background-size":"auto","background-attachment":"scroll","background-type":"","background-media":"","overlay-type":"","overlay-color":"","overlay-opacity":"","overlay-gradient":""},"mobile":{"background-color":"","background-image":"","background-repeat":"repeat","background-position":"center center","background-size":"auto","background-attachment":"scroll","background-type":"","background-media":"","overlay-type":"","overlay-color":"","overlay-opacity":"","overlay-gradient":""}},"ast-content-background-meta":{"desktop":{"background-color":"var(--ast-global-color-5)","background-image":"","background-repeat":"repeat","background-position":"center center","background-size":"auto","background-attachment":"scroll","background-type":"","background-media":"","overlay-type":"","overlay-color":"","overlay-opacity":"","overlay-gradient":""},"tablet":{"background-color":"var(--ast-global-color-5)","background-image":"","background-repeat":"repeat","background-position":"center center","background-size":"auto","background-attachment":"scroll","background-type":"","background-media":"","overlay-type":"","overlay-color":"","overlay-opacity":"","overlay-gradient":""},"mobile":{"background-color":"var(--ast-global-color-5)","background-image":"","background-repeat":"repeat","background-position":"center center","background-size":"auto","background-attachment":"scroll","background-type":"","background-media":"","overlay-type":"","overlay-color":"","overlay-opacity":"","overlay-gradient":""}}},"product_brand":[161],"product_cat":[52,28],"product_tag":[],"class_list":{"0":"post-3245","1":"product","2":"type-product","3":"status-publish","4":"has-post-thumbnail","6":"product_brand-leonor-greyl","7":"product_cat-beauty-oils","8":"product_cat-leonor-greyl","9":"desktop-align-center","10":"tablet-align-left","11":"mobile-align-left","12":"ast-product-gallery-layout-horizontal-slider","13":"ast-product-tabs-layout-horizontal","14":"ast-qv-on-image","16":"first","17":"instock","18":"taxable","19":"shipping-taxable","20":"purchasable","21":"product-type-simple"},"_links":{"self":[{"href":"https:\/\/faceology.net\/sq\/wp-json\/wp\/v2\/product\/3245","targetHints":{"allow":["GET"]}}],"collection":[{"href":"https:\/\/faceology.net\/sq\/wp-json\/wp\/v2\/product"}],"about":[{"href":"https:\/\/faceology.net\/sq\/wp-json\/wp\/v2\/types\/product"}],"wp:featuredmedia":[{"embeddable":true,"href":"https:\/\/faceology.net\/sq\/wp-json\/wp\/v2\/media\/3249"}],"wp:attachment":[{"href":"https:\/\/faceology.net\/sq\/wp-json\/wp\/v2\/media?parent=3245"}],"wp:term":[{"taxonomy":"product_brand","embeddable":true,"href":"https:\/\/faceology.net\/sq\/wp-json\/wp\/v2\/product_brand?post=3245"},{"taxonomy":"product_cat","embeddable":true,"href":"https:\/\/faceology.net\/sq\/wp-json\/wp\/v2\/product_cat?post=3245"},{"taxonomy":"product_tag","embeddable":true,"href":"https:\/\/faceology.net\/sq\/wp-json\/wp\/v2\/product_tag?post=3245"}],"curies":[{"name":"wp","href":"https:\/\/api.w.org\/{rel}","templated":true}]}}